{"id":118,"date":"2020-06-25T15:19:22","date_gmt":"2020-06-25T18:19:22","guid":{"rendered":"https:\/\/sites.enf.ufmg.br\/internato-enfermagem-aps\/?page_id=118"},"modified":"2020-08-21T08:57:37","modified_gmt":"2020-08-21T11:57:37","slug":"apresentacao","status":"publish","type":"page","link":"https:\/\/sites.enf.ufmg.br\/internato-enfermagem-aps\/","title":{"rendered":"Apresenta\u00e7\u00e3o"},"content":{"rendered":"<div id=\"pl-118\"  class=\"panel-layout\" ><div id=\"pg-118-0\"  class=\"panel-grid panel-no-style\" ><div id=\"pgc-118-0-0\"  class=\"panel-grid-cell\" ><div id=\"panel-118-0-0-0\" class=\"so-panel widget widget_sow-editor panel-first-child panel-last-child\" data-index=\"0\" ><div\n\t\t\t\n\t\t\tclass=\"so-widget-sow-editor so-widget-sow-editor-base\"\n\t\t\t\n\t\t><h3 class=\"widget-title\">COVID-19 NA APS<\/h3>\n<div class=\"siteorigin-widget-tinymce textwidget\">\n\t<p style=\"text-align: justify;\">A disciplina Est\u00e1gio Curricular: Aten\u00e7\u00e3o Prim\u00e1ria \u00e0 Sa\u00fade da Escola de Enfermagem da UFMG tem o objetivo de contribuir para a reorganiza\u00e7\u00e3o dos servi\u00e7os de sa\u00fade onde a disciplina \u00e9 desenvolvida, tendo como refer\u00eancia os pressupostos constitucionais do Sistema \u00danico de Sa\u00fade (SUS) que est\u00e3o em processo de implementa\u00e7\u00e3o, integrando ensino, extens\u00e3o e pesquisa.<\/p>\n<p style=\"text-align: justify;\">O quadro atual da pandemia COVID-19 impacta na demanda assistencial de sa\u00fade dos munic\u00edpios e implicam na reorganiza\u00e7\u00e3o do trabalho na Aten\u00e7\u00e3o Prim\u00e1ria \u00e0 Sa\u00fade (APS) e imp\u00f5e uma dupla demanda para o campo da sa\u00fade: em primeiro lugar <a href=\"https:\/\/sites.enf.ufmg.br\/internato-enfermagem-aps\/covid-19-na-aps\/\">[...] <span style=\"font-size: 10pt;\">continuar lendo<\/span><\/a><\/p>\n<\/div>\n<\/div><\/div><\/div><\/div><div id=\"pg-118-1\"  class=\"panel-grid panel-no-style\" ><div id=\"pgc-118-1-0\"  class=\"panel-grid-cell\" ><div id=\"panel-118-1-0-0\" class=\"so-panel widget widget_sow-editor panel-first-child\" data-index=\"1\" ><div\n\t\t\t\n\t\t\tclass=\"so-widget-sow-editor so-widget-sow-editor-base\"\n\t\t\t\n\t\t><h3 class=\"widget-title\">Pr\u00f3ximas Webconfer\u00eancias e Rodas de Conversa<\/h3>\n<div class=\"siteorigin-widget-tinymce textwidget\">\n\t<p><strong><span style=\"font-size: 12pt;\">As grava\u00e7\u00f5es das <a href=\"https:\/\/sites.enf.ufmg.br\/internato-enfermagem-aps\/webconferencias\/\" target=\"_blank\" rel=\"noopener\">Webconfer\u00eancias<\/a> e <a href=\"https:\/\/sites.enf.ufmg.br\/internato-enfermagem-aps\/rodas-de-conversa\/\" target=\"_blank\" rel=\"noopener\">Rodas de Conversa<\/a> realizadas j\u00e1 est\u00e3o dispon\u00edveis!<\/span><\/strong><\/p>\n<\/div>\n<\/div><\/div><div id=\"panel-118-1-0-1\" class=\"so-panel widget widget_sow-editor\" data-index=\"2\" ><div\n\t\t\t\n\t\t\tclass=\"so-widget-sow-editor so-widget-sow-editor-base\"\n\t\t\t\n\t\t><h3 class=\"widget-title\">Pr\u00f3ximos Eventos<\/h3>\n<div class=\"siteorigin-widget-tinymce textwidget\">\n\t<p><span style=\"font-size: 12pt;\">Perdeu algum evento online?<\/span><\/p>\n<p><span style=\"font-size: 12pt;\">V\u00e1rios ficam salvos nos canais do youtube.<\/span><\/p>\n<p><strong><span style=\"font-size: 12pt;\"><a href=\"https:\/\/sites.enf.ufmg.br\/internato-enfermagem-aps\/eventos\/\">Venha conferir!<\/a><\/span><\/strong><\/p>\n<\/div>\n<\/div><\/div><div id=\"panel-118-1-0-2\" class=\"so-panel widget widget_sow-editor panel-last-child\" data-index=\"3\" ><div\n\t\t\t\n\t\t\tclass=\"so-widget-sow-editor so-widget-sow-editor-base\"\n\t\t\t\n\t\t><h3 class=\"widget-title\">P\u00e1gina do Instagran<\/h3>\n<div class=\"siteorigin-widget-tinymce textwidget\">\n\t<p><img decoding=\"async\" loading=\"lazy\" class=\"alignleft wp-image-537 size-medium\" src=\"https:\/\/sites.enf.ufmg.br\/internato-enfermagem-aps\/wp-content\/uploads\/2020\/07\/instagram-169x300.jpeg\" alt=\"\" width=\"169\" height=\"300\" srcset=\"https:\/\/sites.enf.ufmg.br\/internato-enfermagem-aps\/wp-content\/uploads\/2020\/07\/instagram-169x300.jpeg 169w, https:\/\/sites.enf.ufmg.br\/internato-enfermagem-aps\/wp-content\/uploads\/2020\/07\/instagram-576x1024.jpeg 576w, https:\/\/sites.enf.ufmg.br\/internato-enfermagem-aps\/wp-content\/uploads\/2020\/07\/instagram-1x1.jpeg 1w, https:\/\/sites.enf.ufmg.br\/internato-enfermagem-aps\/wp-content\/uploads\/2020\/07\/instagram.jpeg 720w\" sizes=\"(max-width: 169px) 100vw, 169px\" \/><\/p>\n<p>&nbsp;<\/p>\n<p><span style=\"font-size: 12pt;\">A p\u00e1gina do instagram foi criada para proporcionar maior integra\u00e7\u00e3o dos profissionais de sa\u00fade e gestores dos munic\u00edpios parceiros \u00e0s a\u00e7\u00f5es desenvolvidas pelo projeto.<\/span><\/p>\n<p><span style=\"font-size: 12pt;\"><a href=\"https:\/\/www.instagram.com\/internatoruralenf\/\" target=\"_blank\" rel=\"noopener\">@internatoruralenf<\/a><\/span><\/p>\n<\/div>\n<\/div><\/div><\/div><div id=\"pgc-118-1-1\"  class=\"panel-grid-cell\" ><div id=\"panel-118-1-1-0\" class=\"so-panel widget widget_sow-editor panel-first-child panel-last-child\" data-index=\"4\" ><div class=\"panel-widget-style panel-widget-style-for-118-1-1-0\" ><div\n\t\t\t\n\t\t\tclass=\"so-widget-sow-editor so-widget-sow-editor-base\"\n\t\t\t\n\t\t><h3 class=\"widget-title\">Leia tamb\u00e9m<\/h3>\n<div class=\"siteorigin-widget-tinymce textwidget\">\n\t<p><a href=\"https:\/\/www.unasus.gov.br\/especial\/covid19\/pdf\/37\" target=\"_blank\" rel=\"noopener\"><img decoding=\"async\" loading=\"lazy\" class=\"alignnone size-medium wp-image-571\" src=\"https:\/\/sites.enf.ufmg.br\/internato-enfermagem-aps\/wp-content\/uploads\/2020\/07\/Manejo-Cl\u00ednico-APS-211x300.jpg\" alt=\"\" width=\"211\" height=\"300\" srcset=\"https:\/\/sites.enf.ufmg.br\/internato-enfermagem-aps\/wp-content\/uploads\/2020\/07\/Manejo-Cl\u00ednico-APS-211x300.jpg 211w, https:\/\/sites.enf.ufmg.br\/internato-enfermagem-aps\/wp-content\/uploads\/2020\/07\/Manejo-Cl\u00ednico-APS-1x1.jpg 1w, https:\/\/sites.enf.ufmg.br\/internato-enfermagem-aps\/wp-content\/uploads\/2020\/07\/Manejo-Cl\u00ednico-APS.jpg 539w\" sizes=\"(max-width: 211px) 100vw, 211px\" \/><\/a><\/p>\n<p><a href=\"https:\/\/www.arca.fiocruz.br\/bitstream\/icict\/41404\/2\/RecomendacoesAPSEnfrentamentoCovid-19.pdf\" target=\"_blank\" rel=\"noopener\"><img decoding=\"async\" loading=\"lazy\" class=\"alignnone size-medium wp-image-347\" src=\"https:\/\/sites.enf.ufmg.br\/internato-enfermagem-aps\/wp-content\/uploads\/2020\/06\/Recomenda\u00e7\u00f5es-APS-e1591357609492-1-191x300.jpg\" alt=\"\" width=\"191\" height=\"300\" srcset=\"https:\/\/sites.enf.ufmg.br\/internato-enfermagem-aps\/wp-content\/uploads\/2020\/06\/Recomenda\u00e7\u00f5es-APS-e1591357609492-1-191x300.jpg 191w, https:\/\/sites.enf.ufmg.br\/internato-enfermagem-aps\/wp-content\/uploads\/2020\/06\/Recomenda\u00e7\u00f5es-APS-e1591357609492-1-1x1.jpg 1w, https:\/\/sites.enf.ufmg.br\/internato-enfermagem-aps\/wp-content\/uploads\/2020\/06\/Recomenda\u00e7\u00f5es-APS-e1591357609492-1.jpg 338w\" sizes=\"(max-width: 191px) 100vw, 191px\" \/><\/a><\/p>\n<p><img decoding=\"async\" loading=\"lazy\" class=\"alignnone size-medium wp-image-346\" src=\"https:\/\/sites.enf.ufmg.br\/internato-enfermagem-aps\/wp-content\/uploads\/2020\/06\/apres_1-210x300.jpg\" alt=\"\" width=\"210\" height=\"300\" srcset=\"https:\/\/sites.enf.ufmg.br\/internato-enfermagem-aps\/wp-content\/uploads\/2020\/06\/apres_1-210x300.jpg 210w, https:\/\/sites.enf.ufmg.br\/internato-enfermagem-aps\/wp-content\/uploads\/2020\/06\/apres_1-1x1.jpg 1w, https:\/\/sites.enf.ufmg.br\/internato-enfermagem-aps\/wp-content\/uploads\/2020\/06\/apres_1.jpg 333w\" sizes=\"(max-width: 210px) 100vw, 210px\" \/><\/p>\n<p><a href=\"http:\/\/bvsenfermeria.bvsalud.org\/wp-content\/uploads\/2020\/04\/9789240003392-spa-comp.pdf\" target=\"_blank\" rel=\"noopener\"><img decoding=\"async\" loading=\"lazy\" class=\"alignnone size-full wp-image-348\" src=\"https:\/\/sites.enf.ufmg.br\/internato-enfermagem-aps\/wp-content\/uploads\/2020\/06\/leia_2-213x300-1.jpg\" alt=\"\" width=\"213\" height=\"300\" srcset=\"https:\/\/sites.enf.ufmg.br\/internato-enfermagem-aps\/wp-content\/uploads\/2020\/06\/leia_2-213x300-1.jpg 213w, https:\/\/sites.enf.ufmg.br\/internato-enfermagem-aps\/wp-content\/uploads\/2020\/06\/leia_2-213x300-1-1x1.jpg 1w\" sizes=\"(max-width: 213px) 100vw, 213px\" \/><\/a><\/p>\n<\/div>\n<\/div><\/div><\/div><\/div><\/div><div id=\"pg-118-2\"  class=\"panel-grid panel-no-style\" ><div id=\"pgc-118-2-0\"  class=\"panel-grid-cell\" ><div id=\"panel-118-2-0-0\" class=\"so-panel widget widget_sow-editor panel-first-child\" data-index=\"5\" ><div\n\t\t\t\n\t\t\tclass=\"so-widget-sow-editor so-widget-sow-editor-base\"\n\t\t\t\n\t\t><h3 class=\"widget-title\">Uso de equipamentos de prote\u00e7\u00e3o individual pelos profissionais de sa\u00fade no combate a COVID 19<\/h3>\n<div class=\"siteorigin-widget-tinymce textwidget\">\n\t<p><a href=\"https:\/\/www.ufjf.br\/epicovid19\/\" target=\"_blank\" rel=\"noopener\"><img decoding=\"async\" loading=\"lazy\" class=\"alignnone wp-image-793 size-large\" src=\"https:\/\/sites.enf.ufmg.br\/internato-enfermagem-aps\/wp-content\/uploads\/2020\/08\/BannerE.P.I.COVID19BRASIL-1-1024x1024.png\" alt=\"\" width=\"654\" height=\"654\" srcset=\"https:\/\/sites.enf.ufmg.br\/internato-enfermagem-aps\/wp-content\/uploads\/2020\/08\/BannerE.P.I.COVID19BRASIL-1-1024x1024.png 1024w, https:\/\/sites.enf.ufmg.br\/internato-enfermagem-aps\/wp-content\/uploads\/2020\/08\/BannerE.P.I.COVID19BRASIL-1-300x300.png 300w, https:\/\/sites.enf.ufmg.br\/internato-enfermagem-aps\/wp-content\/uploads\/2020\/08\/BannerE.P.I.COVID19BRASIL-1-150x150.png 150w, https:\/\/sites.enf.ufmg.br\/internato-enfermagem-aps\/wp-content\/uploads\/2020\/08\/BannerE.P.I.COVID19BRASIL-1-768x768.png 768w, https:\/\/sites.enf.ufmg.br\/internato-enfermagem-aps\/wp-content\/uploads\/2020\/08\/BannerE.P.I.COVID19BRASIL-1-1536x1536.png 1536w, https:\/\/sites.enf.ufmg.br\/internato-enfermagem-aps\/wp-content\/uploads\/2020\/08\/BannerE.P.I.COVID19BRASIL-1-1x1.png 1w, https:\/\/sites.enf.ufmg.br\/internato-enfermagem-aps\/wp-content\/uploads\/2020\/08\/BannerE.P.I.COVID19BRASIL-1.png 2000w\" sizes=\"(max-width: 654px) 100vw, 654px\" \/><\/a><\/p>\n<p><span style=\"font-size: 12pt;\">No site\u00a0<a href=\"https:\/\/www.ufjf.br\/epicovid19\/\" target=\"_blank\" rel=\"noopener\" data-saferedirecturl=\"https:\/\/www.google.com\/url?q=https:\/\/www.ufjf.br\/epicovid19\/&amp;source=gmail&amp;ust=1597961709070000&amp;usg=AFQjCNFZrvQyKx05Cy5o32_vdTrMo4p2hg\">https:\/\/www.ufjf.br\/<wbr><\/wbr>epicovid19\/<\/a>\u00a0encontra-se maiores informa\u00e7\u00f5es sobre a pesquisa bem como os aspectos \u00e9ticos, aprova\u00e7\u00e3o do Comit\u00ea de \u00c9tica e contato dos pesquisadores.<\/span><\/p>\n<p><span style=\"font-size: 12pt;\">Para a coleta de dados, ser\u00e3o aplicados question\u00e1rios online, de acordo com o perfil do(a) participante, que podem ser acessados diretamente atrav\u00e9s dos seguintes links:<\/span><br \/>\n<span style=\"font-size: 12pt;\">Profissionais da Aten\u00e7\u00e3o Prim\u00e1ria \u00e0 Sa\u00fade: <a href=\"https:\/\/ee.humanitarianresponse.info\/x\/Osj5ccfK\" target=\"_blank\" rel=\"noopener\" data-saferedirecturl=\"https:\/\/www.google.com\/url?q=https:\/\/ee.humanitarianresponse.info\/x\/Osj5ccfK&amp;source=gmail&amp;ust=1597961709069000&amp;usg=AFQjCNErVnJj2p-6NPq7tg18OLxfwN06oQ\">https:\/\/ee.<wbr><\/wbr>humanitarianresponse.info\/x\/<wbr><\/wbr>Osj5ccfK<\/a><\/span><br \/>\n<span style=\"font-size: 12pt;\">Profissionais vinculados a programas de resid\u00eancia: <a href=\"https:\/\/ee.humanitarianresponse.info\/x\/LAzuODBq\" target=\"_blank\" rel=\"noopener\" data-saferedirecturl=\"https:\/\/www.google.com\/url?q=https:\/\/ee.humanitarianresponse.info\/x\/LAzuODBq&amp;source=gmail&amp;ust=1597961709070000&amp;usg=AFQjCNGzy0Vx0CE7EGQ0_FZwlHwyqFth3Q\">https:\/\/ee.<wbr><\/wbr>humanitarianresponse.info\/x\/<wbr><\/wbr>LAzuODBq<\/a><\/span><\/p>\n<\/div>\n<\/div><\/div><div id=\"panel-118-2-0-1\" class=\"so-panel widget widget_sow-editor\" data-index=\"6\" ><div\n\t\t\t\n\t\t\tclass=\"so-widget-sow-editor so-widget-sow-editor-base\"\n\t\t\t\n\t\t><h3 class=\"widget-title\">Inaugura\u00e7\u00e3o da obra de amplia\u00e7\u00e3o da UBS de Dom Joaquim<\/h3>\n<div class=\"siteorigin-widget-tinymce textwidget\">\n\t<div id=\"attachment_640\" style=\"width: 410px\" class=\"wp-caption alignleft\"><a href=\"https:\/\/sites.enf.ufmg.br\/internato-enfermagem-aps\/sala-de-situacao-dos-municipios\/sala-de-situacao-dom-joaquim\/\"><img aria-describedby=\"caption-attachment-640\" decoding=\"async\" loading=\"lazy\" class=\"wp-image-640\" src=\"https:\/\/sites.enf.ufmg.br\/internato-enfermagem-aps\/wp-content\/uploads\/2020\/07\/inaugura\u00e7\u00e3o-300x169.jpg\" alt=\"\" width=\"400\" height=\"225\" srcset=\"https:\/\/sites.enf.ufmg.br\/internato-enfermagem-aps\/wp-content\/uploads\/2020\/07\/inaugura\u00e7\u00e3o-300x169.jpg 300w, https:\/\/sites.enf.ufmg.br\/internato-enfermagem-aps\/wp-content\/uploads\/2020\/07\/inaugura\u00e7\u00e3o-2x1.jpg 2w, https:\/\/sites.enf.ufmg.br\/internato-enfermagem-aps\/wp-content\/uploads\/2020\/07\/inaugura\u00e7\u00e3o.jpg 720w\" sizes=\"(max-width: 400px) 100vw, 400px\" \/><\/a><p id=\"caption-attachment-640\" class=\"wp-caption-text\"><span style=\"font-size: 10pt;\">Cerim\u00f4nia de inaugura\u00e7\u00e3o da obra de amplia\u00e7\u00e3o da UBS de Dom Joaquim<\/span><\/p><\/div>\n<p><span style=\"font-size: 12pt;\"><strong>Data:<\/strong> 24 de Julho de 2020<\/span><\/p>\n<p><span style=\"font-size: 12pt;\">Ocorreu hoje pela manh\u00e3 a cerim\u00f4nia de inaugura\u00e7\u00e3o da obra de amplia\u00e7\u00e3o da UBS de Dom Joaquim. <\/span><\/p>\n<p><span style=\"font-size: 12pt;\">A cerim\u00f4nia obedeceu \u00e0s regras sanit\u00e1rias e foi <\/span><span style=\"font-size: 12pt;\">transmitida via Live no <a href=\"https:\/\/www.facebook.com\/Secretaria-de-Sa%C3%BAde-de-Dom-Joaquim-231320047711444\" target=\"_blank\" rel=\"noopener\">Facebook da Secretaria de Sa\u00fade<\/a> do munic\u00edpio.<\/span><\/p>\n<p>&nbsp;<\/p>\n<p><span style=\"font-size: 12pt;\">Mais que mudan\u00e7as estruturais, essa obra de amplia\u00e7\u00e3o \u00e9 uma conquista do munic\u00edpio que possibilita a reestrutura\u00e7\u00e3o do processo de trabalho, visando sempre um melhor atendimento \u00e0 popula\u00e7\u00e3o.\u00a0<\/span><\/p>\n<p><span style=\"font-size: 12pt;\">Ficamos muito felizes em comemorar essa conquista de um dos nossos parceiros.<\/span><\/p>\n<\/div>\n<\/div><\/div><div id=\"panel-118-2-0-2\" class=\"so-panel widget widget_sow-editor\" data-index=\"7\" ><div\n\t\t\t\n\t\t\tclass=\"so-widget-sow-editor so-widget-sow-editor-base\"\n\t\t\t\n\t\t><h3 class=\"widget-title\">Inaugura\u00e7\u00e3o do Laborat\u00f3rio de An\u00e1lises Cl\u00ednicas de Carm\u00e9sia<\/h3>\n<div class=\"siteorigin-widget-tinymce textwidget\">\n\t<p><a href=\"https:\/\/sites.enf.ufmg.br\/internato-enfermagem-aps\/sala-de-situacao-dos-municipios\/sala-de-situacao-carmesia\/\"><img decoding=\"async\" loading=\"lazy\" class=\"size-medium wp-image-467 alignleft\" src=\"https:\/\/sites.enf.ufmg.br\/internato-enfermagem-aps\/wp-content\/uploads\/2020\/07\/IMG-20200704-WA0006-212x300.jpg\" alt=\"\" width=\"212\" height=\"300\" srcset=\"https:\/\/sites.enf.ufmg.br\/internato-enfermagem-aps\/wp-content\/uploads\/2020\/07\/IMG-20200704-WA0006-212x300.jpg 212w, https:\/\/sites.enf.ufmg.br\/internato-enfermagem-aps\/wp-content\/uploads\/2020\/07\/IMG-20200704-WA0006-723x1024.jpg 723w, https:\/\/sites.enf.ufmg.br\/internato-enfermagem-aps\/wp-content\/uploads\/2020\/07\/IMG-20200704-WA0006-768x1087.jpg 768w, https:\/\/sites.enf.ufmg.br\/internato-enfermagem-aps\/wp-content\/uploads\/2020\/07\/IMG-20200704-WA0006-1x1.jpg 1w, https:\/\/sites.enf.ufmg.br\/internato-enfermagem-aps\/wp-content\/uploads\/2020\/07\/IMG-20200704-WA0006.jpg 904w\" sizes=\"(max-width: 212px) 100vw, 212px\" \/><\/a><\/p>\n<div dir=\"auto\"><\/div>\n<div dir=\"auto\"><\/div>\n<div dir=\"auto\"><\/div>\n<blockquote>\n<p>\"Inauguramos o laborat\u00f3rio de an\u00e1lises cl\u00ednicas do nosso munic\u00edpio, que ir\u00e1 proporcionar melhor resolutividade para os profissionais de sa\u00fade, bem como melhor assist\u00eancia a toda a popula\u00e7\u00e3o.\"<\/p>\n<p style=\"text-align: right;\"><strong>Josinei Vilarino Figueiredo -\u00a0<\/strong>Secret\u00e1rio Municipal de Sa\u00fade<\/p>\n<\/blockquote>\n<\/div>\n<\/div><\/div><div id=\"panel-118-2-0-3\" class=\"so-panel widget widget_sow-editor\" data-index=\"8\" ><div\n\t\t\t\n\t\t\tclass=\"so-widget-sow-editor so-widget-sow-editor-base\"\n\t\t\t\n\t\t><h3 class=\"widget-title\">Qual a rela\u00e7\u00e3o dos Objetivos de Desenvolvimento Sustent\u00e1vel no contexto da pandemia da COVID-19?<\/h3>\n<div class=\"siteorigin-widget-tinymce textwidget\">\n\t<p><a href=\"https:\/\/sites.enf.ufmg.br\/internato-enfermagem-aps\/objetivos-de-desenvolvimento-sustentavel-2\/\"><img decoding=\"async\" loading=\"lazy\" class=\"alignnone wp-image-83 \" src=\"https:\/\/sites.enf.ufmg.br\/internato-enfermagem-aps\/wp-content\/uploads\/2020\/06\/ODS.jpg\" alt=\"\" width=\"370\" height=\"183\" srcset=\"https:\/\/sites.enf.ufmg.br\/internato-enfermagem-aps\/wp-content\/uploads\/2020\/06\/ODS.jpg 451w, https:\/\/sites.enf.ufmg.br\/internato-enfermagem-aps\/wp-content\/uploads\/2020\/06\/ODS-300x148.jpg 300w, https:\/\/sites.enf.ufmg.br\/internato-enfermagem-aps\/wp-content\/uploads\/2020\/06\/ODS-2x1.jpg 2w\" sizes=\"(max-width: 370px) 100vw, 370px\" \/><\/a><\/p>\n<\/div>\n<\/div><\/div><div id=\"panel-118-2-0-4\" class=\"so-panel widget widget_sow-editor\" data-index=\"9\" ><div\n\t\t\t\n\t\t\tclass=\"so-widget-sow-editor so-widget-sow-editor-base\"\n\t\t\t\n\t\t><h3 class=\"widget-title\">Teleconsultas em sa\u00fade mental e sa\u00fade em geral para profissionais da sa\u00fade do Brasil que est\u00e3o na linha de frente durante a PANDEMIA 2020<\/h3>\n<div class=\"siteorigin-widget-tinymce textwidget\">\n\t<p><a href=\"https:\/\/www.medicina.ufmg.br\/telepansaude\/\" target=\"_blank\" rel=\"noopener\"><img decoding=\"async\" loading=\"lazy\" class=\"alignnone wp-image-103 \" src=\"https:\/\/sites.enf.ufmg.br\/internato-enfermagem-aps\/wp-content\/uploads\/2020\/06\/telepan-1024x512-1.jpg\" alt=\"\" width=\"500\" height=\"250\" srcset=\"https:\/\/sites.enf.ufmg.br\/internato-enfermagem-aps\/wp-content\/uploads\/2020\/06\/telepan-1024x512-1.jpg 1024w, https:\/\/sites.enf.ufmg.br\/internato-enfermagem-aps\/wp-content\/uploads\/2020\/06\/telepan-1024x512-1-300x150.jpg 300w, https:\/\/sites.enf.ufmg.br\/internato-enfermagem-aps\/wp-content\/uploads\/2020\/06\/telepan-1024x512-1-768x384.jpg 768w, https:\/\/sites.enf.ufmg.br\/internato-enfermagem-aps\/wp-content\/uploads\/2020\/06\/telepan-1024x512-1-2x1.jpg 2w\" sizes=\"(max-width: 500px) 100vw, 500px\" \/><\/a><\/p>\n<\/div>\n<\/div><\/div><div id=\"panel-118-2-0-5\" class=\"so-panel widget widget_sow-editor panel-last-child\" data-index=\"10\" ><div\n\t\t\t\n\t\t\tclass=\"so-widget-sow-editor so-widget-sow-editor-base\"\n\t\t\t\n\t\t><h3 class=\"widget-title\">Participe da pesquisa: Percep\u00e7\u00e3o dos profissionais de sa\u00fade frente as medidas de preven\u00e7\u00e3o da COVID-19<\/h3>\n<div class=\"siteorigin-widget-tinymce textwidget\">\n\t<p><a href=\"http:\/\/www.enf.ufmg.br\/index.php\/noticias\/1805-pesquisa-analisa-a-percepcao-dos-profissionais-de-saude-frente-as-medidas-de-prevencao-para-enfrentamento-da-covid-19\" target=\"_blank\" rel=\"noopener\"><img decoding=\"async\" loading=\"lazy\" class=\"alignnone wp-image-94 \" src=\"https:\/\/sites.enf.ufmg.br\/internato-enfermagem-aps\/wp-content\/uploads\/2020\/06\/Pesquisa.jpg\" alt=\"\" width=\"500\" height=\"354\" srcset=\"https:\/\/sites.enf.ufmg.br\/internato-enfermagem-aps\/wp-content\/uploads\/2020\/06\/Pesquisa.jpg 600w, https:\/\/sites.enf.ufmg.br\/internato-enfermagem-aps\/wp-content\/uploads\/2020\/06\/Pesquisa-300x213.jpg 300w, https:\/\/sites.enf.ufmg.br\/internato-enfermagem-aps\/wp-content\/uploads\/2020\/06\/Pesquisa-1x1.jpg 1w\" sizes=\"(max-width: 500px) 100vw, 500px\" \/><\/a><\/p>\n<\/div>\n<\/div><\/div><\/div><\/div><\/div>","protected":false},"excerpt":{"rendered":"<p>A disciplina Est\u00e1gio Curricular: Aten\u00e7\u00e3o Prim\u00e1ria \u00e0 Sa\u00fade da Escola de Enfermagem da UFMG tem o objetivo de contribuir para a reorganiza\u00e7\u00e3o dos servi\u00e7os de sa\u00fade onde a disciplina \u00e9 desenvolvida, tendo como refer\u00eancia os pressupostos constitucionais do Sistema \u00danico de Sa\u00fade (SUS) que est\u00e3o em processo de implementa\u00e7\u00e3o, integrando ensino, extens\u00e3o e pesquisa. O [&hellip;]<\/p>\n","protected":false},"author":1,"featured_media":0,"parent":0,"menu_order":0,"comment_status":"closed","ping_status":"closed","template":"","meta":{"footnotes":""},"jetpack_sharing_enabled":true,"_links":{"self":[{"href":"https:\/\/sites.enf.ufmg.br\/internato-enfermagem-aps\/wp-json\/wp\/v2\/pages\/118"}],"collection":[{"href":"https:\/\/sites.enf.ufmg.br\/internato-enfermagem-aps\/wp-json\/wp\/v2\/pages"}],"about":[{"href":"https:\/\/sites.enf.ufmg.br\/internato-enfermagem-aps\/wp-json\/wp\/v2\/types\/page"}],"author":[{"embeddable":true,"href":"https:\/\/sites.enf.ufmg.br\/internato-enfermagem-aps\/wp-json\/wp\/v2\/users\/1"}],"replies":[{"embeddable":true,"href":"https:\/\/sites.enf.ufmg.br\/internato-enfermagem-aps\/wp-json\/wp\/v2\/comments?post=118"}],"version-history":[{"count":40,"href":"https:\/\/sites.enf.ufmg.br\/internato-enfermagem-aps\/wp-json\/wp\/v2\/pages\/118\/revisions"}],"predecessor-version":[{"id":818,"href":"https:\/\/sites.enf.ufmg.br\/internato-enfermagem-aps\/wp-json\/wp\/v2\/pages\/118\/revisions\/818"}],"wp:attachment":[{"href":"https:\/\/sites.enf.ufmg.br\/internato-enfermagem-aps\/wp-json\/wp\/v2\/media?parent=118"}],"curies":[{"name":"wp","href":"https:\/\/api.w.org\/{rel}","templated":true}]}}