{"id":124,"date":"2020-06-25T15:22:14","date_gmt":"2020-06-25T18:22:14","guid":{"rendered":"https:\/\/sites.enf.ufmg.br\/internato-enfermagem-aps\/?page_id=124"},"modified":"2020-10-22T15:23:00","modified_gmt":"2020-10-22T18:23:00","slug":"educacao-em-saude","status":"publish","type":"page","link":"https:\/\/sites.enf.ufmg.br\/internato-enfermagem-aps\/acervo-digital\/educacao-em-saude\/","title":{"rendered":"Educa\u00e7\u00e3o em Sa\u00fade"},"content":{"rendered":"<div id=\"pl-124\"  class=\"panel-layout\" ><div id=\"pg-124-0\"  class=\"panel-grid panel-no-style\" ><div id=\"pgc-124-0-0\"  class=\"panel-grid-cell\" ><div id=\"panel-124-0-0-0\" class=\"so-panel widget widget_sow-editor panel-first-child\" data-index=\"0\" ><div\n\t\t\t\n\t\t\tclass=\"so-widget-sow-editor so-widget-sow-editor-base\"\n\t\t\t\n\t\t>\n<div class=\"siteorigin-widget-tinymce textwidget\">\n\t<ul style=\"list-style-type: circle;\">\n<li><strong><span style=\"font-size: 12pt;\">Site da Organiza\u00e7\u00e3o Pan-Americana da Sa\u00fade (OPAS)<\/span><\/strong><\/li>\n<\/ul>\n<ul>\n<li><span style=\"font-size: 12pt;\">Covid-19: Materiais de Comunica\u00e7\u00e3o, clique <a href=\"https:\/\/www.paho.org\/pt\/covid-19-materiais-comunicacao#gravidez\" target=\"_blank\" rel=\"noopener\"><span style=\"color: #ff0000;\"><span style=\"text-decoration: underline;\">aqui<\/span>.<\/span><\/a><\/span><\/li>\n<\/ul>\n<ul style=\"list-style-type: circle;\">\n<li><strong><span style=\"font-size: 12pt;\">Documento disponibilizado pelo Minist\u00e9rio da Sa\u00fade\u00a0\u00a0<\/span><\/strong><\/li>\n<\/ul>\n<p><span style=\"font-size: 12pt;\">Tem d\u00favidas sobre o Coronav\u00edrus? O Minist\u00e9rio da Sa\u00fade te responde!, acesse <a href=\"https:\/\/portalarquivos2.saude.gov.br\/images\/pdf\/2020\/marco\/02\/Informacoes-Coronavirus-MinSaude.pdf\" target=\"_blank\" rel=\"noopener\"><span style=\"color: #ff0000;\"><span style=\"text-decoration: underline;\">aqui<\/span>.<\/span><\/a><\/span><\/p>\n<ul style=\"list-style-type: circle;\">\n<li><strong><span style=\"font-size: 12pt;\">Documento disponibilizado pela Secretaria de Estado de Sa\u00fade da Bahia\u00a0<\/span><\/strong><\/li>\n<\/ul>\n<p><span style=\"font-size: 12pt;\" data-sheets-value=\"{&quot;1&quot;:2,&quot;2&quot;:&quot;Guia pr\u00e1tico para um conv\u00edvio respons\u00e1vel e retomada segura&quot;}\" data-sheets-userformat=\"{&quot;2&quot;:513,&quot;3&quot;:{&quot;1&quot;:0},&quot;12&quot;:0}\">Guia pr\u00e1tico para um conv\u00edvio respons\u00e1vel e retomada segura, acesse <a href=\"http:\/\/www.saude.ba.gov.br\/wp-content\/uploads\/2020\/09\/Guia-pr%C3%A1tico-para-um-conv%C3%ADvio-respons%C3%A1vel-e-retomada-segura_SESAB.pdf\" target=\"_blank\" rel=\"noopener\"><span style=\"color: #ff0000;\"><span style=\"text-decoration: underline;\">aqui<\/span>.<\/span><\/a><\/span><\/p>\n<ul style=\"list-style-type: circle;\">\n<li><strong><span style=\"font-size: 12pt;\">Documento disponibilizado pela Secretaria de Estado de Sa\u00fade de Minas Gerais\u00a0<\/span><\/strong><\/li>\n<\/ul>\n<p><span style=\"font-size: 12pt;\" data-sheets-value=\"{&quot;1&quot;:2,&quot;2&quot;:&quot;Temos uma miss\u00e3o para voc\u00ea: todos juntos contra o coronav\u00edrus&quot;}\" data-sheets-userformat=\"{&quot;2&quot;:513,&quot;3&quot;:{&quot;1&quot;:0},&quot;12&quot;:0}\">Cartilha para crian\u00e7as - Temos uma miss\u00e3o para voc\u00ea: todos juntos contra o coronav\u00edrus, acesse <a href=\"http:\/\/www.coronavirus.saude.mg.gov.br\/images\/Cartilha_KIDS-compactado.pdf\" target=\"_blank\" rel=\"noopener\"><span style=\"color: #ff0000;\"><span style=\"text-decoration: underline;\">aqui<\/span>.<\/span><\/a><\/span><\/p>\n<ul style=\"list-style-type: circle;\">\n<li><strong><span style=\"font-size: 12pt;\">Documentos disponibilizados pela Organiza\u00e7\u00e3o Pan-Americana da Sa\u00fade (OPAS)<\/span><\/strong><\/li>\n<\/ul>\n<p><span style=\"font-size: 12pt;\">Recomenda\u00e7\u00f5es para Limpeza e Desinfec\u00e7\u00e3o em Domic\u00edlios com Casos Suspeitos ou Confirmados de COVID-19, acesse <a href=\"https:\/\/iris.paho.org\/bitstream\/handle\/10665.2\/52302\/OPASBRACDECOVID-19200024_por.pdf?sequence=1&amp;isAllowed=y\" target=\"_blank\" rel=\"noopener\"><span style=\"color: #ff0000;\"><span style=\"text-decoration: underline;\">aqui<\/span>.<\/span><\/a><\/span><\/p>\n<p><span style=\"font-size: 12pt;\">Recomenda\u00e7\u00f5es aos Estados-Membros sobre Melhorias nas Pr\u00e1ticas de Higieniza\u00e7\u00e3o das M\u00e3os para Ajudar a Prevenir a Transmiss\u00e3o do V\u00edrus Causador da Doen\u00e7a COVID-19, acesse <a href=\"https:\/\/iris.paho.org\/bitstream\/handle\/10665.2\/52060\/OPASBRACOVID1920052_por.pdf?sequence=1&amp;isAllowed=y\" target=\"_blank\" rel=\"noopener\"><span style=\"color: #ff0000;\"><span style=\"text-decoration: underline;\">aqui<\/span>.<\/span><\/a><\/span><\/p>\n<p><span style=\"font-size: 12pt;\">Orienta\u00e7\u00e3o sobre o Uso de M\u00e1scaras no Contexto da COVID-19, acesse <a href=\"https:\/\/iris.paho.org\/bitstream\/handle\/10665.2\/52254\/OPASWBRACOVID-1920071_por.pdf?sequence=1&amp;isAllowed=y\" target=\"_blank\" rel=\"noopener\"><span style=\"text-decoration: underline;\"><span style=\"color: #ff0000; text-decoration: underline;\">aqui.<\/span><\/span><\/a><\/span><\/p>\n<p><span style=\"font-size: 12pt;\">Interpreta\u00e7\u00e3o dos Resultados Laboratoriais para o Diagn\u00f3stico da COVID-19, acesse <span style=\"text-decoration: underline;\"><span style=\"color: #ff0000; text-decoration: underline;\"><a style=\"color: #ff0000; text-decoration: underline;\" href=\"https:\/\/iris.paho.org\/bitstream\/handle\/10665.2\/52385\/OPASBRAPHECOVID-19200015_por.pdf?sequence=1&amp;isAllowed=y\" target=\"_blank\" rel=\"noopener\">aqu<span style=\"color: #ff0000; text-decoration: underline;\">i<\/span><\/a><\/span><\/span><span style=\"color: #ff0000;\">.<\/span>\u00a0<\/span><\/p>\n<p><span style=\"font-size: 12pt;\">Orienta\u00e7\u00f5es de Biosseguran\u00e7a Laboratorial Relativa \u00e0 Doen\u00e7a do Coronav\u00edrus (COVID-19), acesse <span style=\"text-decoration: underline; color: #ff0000;\"><a style=\"color: #ff0000; text-decoration: underline;\" href=\"https:\/\/iris.paho.org\/bitstream\/handle\/10665.2\/51968\/OPASBRACOVID1920019_por.pdf?sequence=1&amp;isAllowed=y\" target=\"_blank\" rel=\"noopener\">aqu<span style=\"color: #ff0000; text-decoration: underline;\">i<\/span><\/a><\/span><span style=\"color: #ff0000;\">.\u00a0<\/span><\/span><\/p>\n<ul style=\"list-style-type: circle;\">\n<li><strong><span style=\"font-size: 12pt;\">Documentos disponibilizados pela Universidade de S\u00e3o Paulo (USP)<\/span><\/strong><\/li>\n<\/ul>\n<p><span style=\"font-size: 12pt;\">Alimenta\u00e7\u00e3o e Comportamento Alimentar diante da Pandemia da COVID-19 - Recomenda\u00e7\u00f5es Nutricionais, clique <a href=\"file:\/\/\/C:\/Users\/user\/Downloads\/Cartilha_%20Covid_recomendaA%CC%83%C2%A7A%CC%83%C2%B5es%20nutricionais.pdf\" target=\"_blank\" rel=\"noopener\"><span style=\"color: #ff0000;\"><span style=\"text-decoration: underline;\">aqui<\/span>.<\/span><\/a><\/span><\/p>\n<p><span style=\"font-size: 12pt;\">Orienta\u00e7\u00f5es para Isolamento Domiciliar para Pessoas com COVID-19, acesse <a href=\"http:\/\/conteudosdigitais.eerp.usp.br\/covid19\/orientacoes_para_pessoas_com_covid19.pdf\" target=\"_blank\" rel=\"noopener\"><span style=\"text-decoration: underline;\"><span style=\"color: #ff0000; text-decoration: underline;\">aqui<\/span><\/span><\/a>.\u00a0<\/span><\/p>\n<p><span style=\"font-size: 12pt;\">Orienta\u00e7\u00f5es para Cuidadores de Pessoas em Isolamento Domiciliar com COVID-19, acesse <a href=\"http:\/\/conteudosdigitais.eerp.usp.br\/covid19\/orientacoes_a_cuidadores_de_pessoas_com_covid19.pdf\" target=\"_blank\" rel=\"noopener\"><span style=\"text-decoration: underline;\"><span style=\"color: #ff0000; text-decoration: underline;\">aqui<\/span><\/span><\/a>.\u00a0<\/span><\/p>\n<ul style=\"list-style-type: circle;\">\n<li><strong><span style=\"font-size: 12pt;\">Documento disponibilizado pela Universidade Federal de Juiz de Fora (UFJF)<\/span><\/strong><\/li>\n<\/ul>\n<p><span style=\"font-size: 12pt;\">COVID-19: A Prote\u00e7\u00e3o de Pessoas e Acervos em Tempos de Pandemia, clique <a href=\"file:\/\/\/C:\/Users\/user\/Downloads\/CONSERVACAO-E-COVID-19-2-edic%CC%A7a%CC%83o.pdf\" target=\"_blank\" rel=\"noopener\"><span style=\"color: #ff0000;\"><span style=\"text-decoration: underline;\">aqui<\/span>.<\/span><\/a><\/span><\/p>\n<ul style=\"list-style-type: circle;\">\n<li><strong><span style=\"font-size: 12pt;\">Documentos disponibilizados pela UFMG<\/span><\/strong><\/li>\n<\/ul>\n<p style=\"text-align: justify;\"><span style=\"font-size: 12pt;\">A Escola de Enfermagem disponibiliza em sua p\u00e1gina o Boletim Informativo - Projeto Telenfermagem, onde podemos ter acesso a todas as edi\u00e7\u00f5es produzidas, com not\u00edcias, reflex\u00f5es e atualiza\u00e7\u00f5es. Para acessar, clique <a href=\"http:\/\/www.enf.ufmg.br\/index.php\/2016-06-28-16-43-53\/890-boletim-informativo-%20projeto-telenfermagem\" target=\"_blank\" rel=\"noopener\"><span style=\"text-decoration: underline;\"><span style=\"color: #ff0000; text-decoration: underline;\">aqui<\/span><\/span><\/a>.\u00a0<\/span><\/p>\n<p style=\"text-align: justify;\"><span style=\"font-size: 12pt;\">Em homenagem aos profissionais, no Dia Internacional da Enfermagem, o <u>10\u00b0 Boletim Momento Telessa\u00fade<\/u> foi dedicado \u00e0 Enfermagem na luta contra a Covid-19. Foi publicado um boletim especial, com depoimentos de enfermeiros e estudantes de Enfermagem sobre o atual cen\u00e1rio mundial da sa\u00fade, acesse <a href=\"http:\/\/www.enf.ufmg.br\/images\/Boletim_10_vers%C3%A3o_final_2020_1.pdf\" target=\"_blank\" rel=\"noopener\"><span style=\"text-decoration: underline;\"><span style=\"color: #ff0000; text-decoration: underline;\">aqui.<\/span><\/span><\/a><\/span><\/p>\n<ul style=\"list-style-type: circle;\">\n<li><strong><span style=\"font-size: 12pt;\">Site do Minist\u00e9rio da Sa\u00fade<\/span><\/strong><\/li>\n<\/ul>\n<p><span style=\"font-size: 12pt;\">Coronav\u00edrus - COVID-19, acesse <a href=\"https:\/\/coronavirus.saude.gov.br\/\" target=\"_blank\" rel=\"noopener\"><span style=\"color: #ff0000;\"><span style=\"text-decoration: underline;\">aqui<\/span>.\u00a0<\/span><\/a>\u00a0<\/span><\/p>\n<ul style=\"list-style-type: circle;\">\n<li><strong><span style=\"font-size: 12pt;\">Artigo Cient\u00edfico\u00a0<\/span><\/strong><\/li>\n<\/ul>\n<p><span style=\"font-size: 12pt;\">Em Tempos de Pandemia pela COVID-19: o Desafio para a Educa\u00e7\u00e3o em Sa\u00fade, acesse <a href=\"file:\/\/\/C:\/Users\/user\/Downloads\/Educa%C3%A7%C3%A3o%20em%20sa%C3%BAde%20na%20pandemia..pdf\" target=\"_blank\" rel=\"noopener\"><span style=\"color: #ff0000;\"><span style=\"text-decoration: underline;\">aqui<\/span>.\u00a0<\/span><\/a>\u00a0<\/span><\/p>\n<ul style=\"list-style-type: circle;\">\n<li><strong><span style=\"font-size: 12pt;\">Protocolos disponibilizados pelo Conselho Federal de Enfermagem (COFEN)<\/span><\/strong><\/li>\n<\/ul>\n<p><img decoding=\"async\" loading=\"lazy\" class=\"alignnone size-medium wp-image-764\" src=\"https:\/\/sites.enf.ufmg.br\/internato-enfermagem-aps\/wp-content\/uploads\/2020\/08\/entrada-em-casa-201x300.jpeg\" alt=\"\" width=\"201\" height=\"300\" srcset=\"https:\/\/sites.enf.ufmg.br\/internato-enfermagem-aps\/wp-content\/uploads\/2020\/08\/entrada-em-casa-201x300.jpeg 201w, https:\/\/sites.enf.ufmg.br\/internato-enfermagem-aps\/wp-content\/uploads\/2020\/08\/entrada-em-casa-1x1.jpeg 1w, https:\/\/sites.enf.ufmg.br\/internato-enfermagem-aps\/wp-content\/uploads\/2020\/08\/entrada-em-casa.jpeg 687w\" sizes=\"(max-width: 201px) 100vw, 201px\" \/> <img decoding=\"async\" loading=\"lazy\" class=\"alignnone size-medium wp-image-765\" src=\"https:\/\/sites.enf.ufmg.br\/internato-enfermagem-aps\/wp-content\/uploads\/2020\/08\/sair-de-casa-213x300.jpeg\" alt=\"\" width=\"213\" height=\"300\" srcset=\"https:\/\/sites.enf.ufmg.br\/internato-enfermagem-aps\/wp-content\/uploads\/2020\/08\/sair-de-casa-213x300.jpeg 213w, https:\/\/sites.enf.ufmg.br\/internato-enfermagem-aps\/wp-content\/uploads\/2020\/08\/sair-de-casa-1x1.jpeg 1w, https:\/\/sites.enf.ufmg.br\/internato-enfermagem-aps\/wp-content\/uploads\/2020\/08\/sair-de-casa.jpeg 726w\" sizes=\"(max-width: 213px) 100vw, 213px\" \/> <img decoding=\"async\" loading=\"lazy\" class=\"alignnone size-medium wp-image-766\" src=\"https:\/\/sites.enf.ufmg.br\/internato-enfermagem-aps\/wp-content\/uploads\/2020\/08\/grupos-de-risco-209x300.jpeg\" alt=\"\" width=\"209\" height=\"300\" srcset=\"https:\/\/sites.enf.ufmg.br\/internato-enfermagem-aps\/wp-content\/uploads\/2020\/08\/grupos-de-risco-209x300.jpeg 209w, https:\/\/sites.enf.ufmg.br\/internato-enfermagem-aps\/wp-content\/uploads\/2020\/08\/grupos-de-risco-1x1.jpeg 1w, https:\/\/sites.enf.ufmg.br\/internato-enfermagem-aps\/wp-content\/uploads\/2020\/08\/grupos-de-risco.jpeg 714w\" sizes=\"(max-width: 209px) 100vw, 209px\" \/><\/p>\n<\/div>\n<\/div><\/div><div id=\"panel-124-0-0-1\" class=\"so-panel widget widget_sow-editor panel-last-child\" data-index=\"1\" ><div\n\t\t\t\n\t\t\tclass=\"so-widget-sow-editor so-widget-sow-editor-base\"\n\t\t\t\n\t\t>\n<div class=\"siteorigin-widget-tinymce textwidget\">\n\t<p><span style=\"font-size: 12pt;\"><strong>FA\u00c7A VOC\u00ca MESMO<\/strong><\/span><\/p>\n<p><span style=\"font-size: 12pt;\">Orienta\u00e7\u00f5es do Minist\u00e9rio da Sa\u00fade sobre como fazer uma m\u00e1scara de tecido.<\/span><\/p>\n<p><iframe title=\"Saiba os cuidados para usar m\u00e1scara de pano\" width=\"654\" height=\"368\" src=\"https:\/\/www.youtube.com\/embed\/Tpw5-TOuCNA?feature=oembed\" frameborder=\"0\" allow=\"accelerometer; autoplay; clipboard-write; encrypted-media; gyroscope; picture-in-picture\" allowfullscreen><\/iframe><\/p>\n<p>&nbsp;<\/p>\n<p><span style=\"font-size: 12pt;\">Orienta\u00e7\u00f5es do Minist\u00e9rio da Sa\u00fade sobre como fazer uma m\u00e1scara de tecido r\u00e1pida sem usar linha e agulha.<\/span><\/p>\n<p><iframe title=\"Aprenda a fazer m\u00e1scara de pano com o Minist\u00e9rio da Sa\u00fade. #Coronav\u00edrus\" width=\"654\" height=\"368\" src=\"https:\/\/www.youtube.com\/embed\/VNYEgEWrJKw?feature=oembed\" frameborder=\"0\" allow=\"accelerometer; autoplay; clipboard-write; encrypted-media; gyroscope; picture-in-picture\" allowfullscreen><\/iframe><\/p>\n<p>&nbsp;<\/p>\n<p><span style=\"font-size: 12pt;\">Outras orienta\u00e7\u00f5es sobre como fazer m\u00e1scaras de tecido.\u00a0<\/span><\/p>\n<p><iframe title=\"PAP Como fazer 3 tipos de M\u00e1scara de Tecido\" width=\"654\" height=\"368\" src=\"https:\/\/www.youtube.com\/embed\/lIibWjOdsD4?feature=oembed\" frameborder=\"0\" allow=\"accelerometer; autoplay; clipboard-write; encrypted-media; gyroscope; picture-in-picture\" allowfullscreen><\/iframe><\/p>\n<p>&nbsp;<\/p>\n<p><span style=\"font-size: 12pt;\">Orienta\u00e7\u00f5es sobre como confeccionar m\u00e1scara cir\u00fargica usando TNT.<\/span><\/p>\n<p><iframe title=\"COMO CONFECCIONAR M\u00c1SCARA CIR\u00daRGICA\" width=\"654\" height=\"368\" src=\"https:\/\/www.youtube.com\/embed\/yjlTscZnDw8?feature=oembed\" frameborder=\"0\" allow=\"accelerometer; autoplay; clipboard-write; encrypted-media; gyroscope; picture-in-picture\" allowfullscreen><\/iframe><\/p>\n<p>&nbsp;<\/p>\n<p><span style=\"font-size: 12pt;\">Orienta\u00e7\u00f5es sobre como confeccionar avental\/capote usando TNT.<\/span><\/p>\n<p><iframe title=\"COMO CONFECCIONAR AVENTAL\/CAPOTE\" width=\"654\" height=\"368\" src=\"https:\/\/www.youtube.com\/embed\/GQFhqCdla7c?feature=oembed\" frameborder=\"0\" allow=\"accelerometer; autoplay; clipboard-write; encrypted-media; gyroscope; picture-in-picture\" allowfullscreen><\/iframe><\/p>\n<p>&nbsp;<\/p>\n<p><span style=\"font-size: 12pt;\">Orienta\u00e7\u00f5es sobre como confeccionar touca cir\u00fargica usando TNT.<\/span><\/p>\n<p><iframe title=\"COMO CONFECCIONAR TOUCA CIR\u00daRGICA\" width=\"654\" height=\"368\" src=\"https:\/\/www.youtube.com\/embed\/8YXeHig9e6s?feature=oembed\" frameborder=\"0\" allow=\"accelerometer; autoplay; clipboard-write; encrypted-media; gyroscope; picture-in-picture\" allowfullscreen><\/iframe><\/p>\n<p>&nbsp;<\/p>\n<p><span style=\"font-size: 12pt;\">Orienta\u00e7\u00f5es sobre como fazer protetor facial (<em>face shield<\/em>) usando arco de cabelo.<\/span><\/p>\n<p><iframe title=\"COMO PREPARAR UM PROTETOR FACIAL R\u00c1PIDO, BARATO E EFICAZ?\" width=\"654\" height=\"368\" src=\"https:\/\/www.youtube.com\/embed\/oY3r6jNvplU?feature=oembed\" frameborder=\"0\" allow=\"accelerometer; autoplay; clipboard-write; encrypted-media; gyroscope; picture-in-picture\" allowfullscreen><\/iframe><\/p>\n<p>&nbsp;<\/p>\n<p><span style=\"font-size: 12pt;\">Orienta\u00e7\u00f5es sobre como fazer protetor facial (<em>face shield<\/em>) usando papel\u00e3o paran\u00e1.<\/span><\/p>\n<p><iframe title=\"Como Fazer Viseira de Prote\u00e7\u00e3o Passo a Passo - EPI  Face Shield\" width=\"654\" height=\"368\" src=\"https:\/\/www.youtube.com\/embed\/6BhTb5WqPhM?feature=oembed\" frameborder=\"0\" allow=\"accelerometer; autoplay; clipboard-write; encrypted-media; gyroscope; picture-in-picture\" allowfullscreen><\/iframe><\/p>\n<\/div>\n<\/div><\/div><\/div><\/div><\/div>","protected":false},"excerpt":{"rendered":"<p>Site da Organiza\u00e7\u00e3o Pan-Americana da Sa\u00fade (OPAS) Covid-19: Materiais de Comunica\u00e7\u00e3o, clique aqui. Documento disponibilizado pelo Minist\u00e9rio da Sa\u00fade\u00a0\u00a0 Tem d\u00favidas sobre o Coronav\u00edrus? O Minist\u00e9rio da Sa\u00fade te responde!, acesse aqui. Documento disponibilizado pela Secretaria de Estado de Sa\u00fade da Bahia\u00a0 Guia pr\u00e1tico para um conv\u00edvio respons\u00e1vel e retomada segura, acesse aqui. Documento disponibilizado [&hellip;]<\/p>\n","protected":false},"author":1,"featured_media":0,"parent":113,"menu_order":0,"comment_status":"closed","ping_status":"closed","template":"","meta":{"footnotes":""},"jetpack_sharing_enabled":true,"_links":{"self":[{"href":"https:\/\/sites.enf.ufmg.br\/internato-enfermagem-aps\/wp-json\/wp\/v2\/pages\/124"}],"collection":[{"href":"https:\/\/sites.enf.ufmg.br\/internato-enfermagem-aps\/wp-json\/wp\/v2\/pages"}],"about":[{"href":"https:\/\/sites.enf.ufmg.br\/internato-enfermagem-aps\/wp-json\/wp\/v2\/types\/page"}],"author":[{"embeddable":true,"href":"https:\/\/sites.enf.ufmg.br\/internato-enfermagem-aps\/wp-json\/wp\/v2\/users\/1"}],"replies":[{"embeddable":true,"href":"https:\/\/sites.enf.ufmg.br\/internato-enfermagem-aps\/wp-json\/wp\/v2\/comments?post=124"}],"version-history":[{"count":40,"href":"https:\/\/sites.enf.ufmg.br\/internato-enfermagem-aps\/wp-json\/wp\/v2\/pages\/124\/revisions"}],"predecessor-version":[{"id":978,"href":"https:\/\/sites.enf.ufmg.br\/internato-enfermagem-aps\/wp-json\/wp\/v2\/pages\/124\/revisions\/978"}],"up":[{"embeddable":true,"href":"https:\/\/sites.enf.ufmg.br\/internato-enfermagem-aps\/wp-json\/wp\/v2\/pages\/113"}],"wp:attachment":[{"href":"https:\/\/sites.enf.ufmg.br\/internato-enfermagem-aps\/wp-json\/wp\/v2\/media?parent=124"}],"curies":[{"name":"wp","href":"https:\/\/api.w.org\/{rel}","templated":true}]}}