{"id":126,"date":"2020-06-25T15:22:45","date_gmt":"2020-06-25T18:22:45","guid":{"rendered":"https:\/\/sites.enf.ufmg.br\/internato-enfermagem-aps\/?page_id=126"},"modified":"2020-10-27T18:02:17","modified_gmt":"2020-10-27T21:02:17","slug":"gestao-e-acoes-na-rede","status":"publish","type":"page","link":"https:\/\/sites.enf.ufmg.br\/internato-enfermagem-aps\/acervo-digital\/gestao-e-acoes-na-rede\/","title":{"rendered":"Gest\u00e3o e A\u00e7\u00f5es na Rede"},"content":{"rendered":"<div id=\"pl-126\"  class=\"panel-layout\" ><div id=\"pg-126-0\"  class=\"panel-grid panel-no-style\" ><div id=\"pgc-126-0-0\"  class=\"panel-grid-cell\" ><div id=\"panel-126-0-0-0\" class=\"so-panel widget widget_sow-editor panel-first-child panel-last-child\" data-index=\"0\" ><div\n\t\t\t\n\t\t\tclass=\"so-widget-sow-editor so-widget-sow-editor-base\"\n\t\t\t\n\t\t>\n<div class=\"siteorigin-widget-tinymce textwidget\">\n\t<ul style=\"list-style-type: circle;\">\n<li><strong><span style=\"font-size: 12pt;\">Documento disponibilizado pela Escola Nacional de Sa\u00fade P\u00fablica S\u00e9rgio Arouca (ENSP)<\/span><\/strong><\/li>\n<\/ul>\n<p><span style=\"font-size: 12pt;\">APS na Rede de Enfrentamento \u00e0 COVID-19, clique <a href=\"http:\/\/informe.ensp.fiocruz.br\/noticias\/48713\" target=\"_blank\" rel=\"noopener\"><span style=\"color: #ff0000;\"><span style=\"text-decoration: underline;\">aqui<\/span>.<\/span><\/a><\/span><\/p>\n<ul style=\"list-style-type: circle;\">\n<li><strong><span style=\"font-size: 12pt;\">Documentos disponibilizados pela Organiza\u00e7\u00e3o Pan-Americana da Sa\u00fade (OPAS)<\/span><\/strong><\/li>\n<\/ul>\n<p><span style=\"font-size: 12pt;\">Preven\u00e7\u00e3o e controle de infec\u00e7\u00e3o na aten\u00e7\u00e3o \u00e0 sa\u00fade quando houver suspeita ou confirma\u00e7\u00e3o da doen\u00e7a do novo coronav\u00edrus (COVID-19), acesse <a href=\"https:\/\/iris.paho.org\/bitstream\/handle\/10665.2\/52584\/OPASWBRACOVID1920100_por.pdf?sequence=1&amp;isAllowed=y\" target=\"_blank\" rel=\"noopener\"><span style=\"color: #ff0000;\"><span style=\"text-decoration: underline;\">aqui<\/span>.<\/span><\/a><\/span><\/p>\n<p><span style=\"font-size: 12pt;\">COVID-19: <\/span><span style=\"font-size: 12pt;\">Recomenda\u00e7\u00f5es <\/span><span style=\"font-size: 12pt;\">t\u00e9cnicas para a escolha de <\/span><span style=\"font-size: 12pt;\">locais alternativos para <\/span><span style=\"font-size: 12pt;\">atendimento de sa\u00fade, clique <a href=\"https:\/\/iris.paho.org\/bitstream\/handle\/10665.2\/52071\/OPASBRACOVID1920053_por.pdf?sequence=5&amp;isAllowed=y\" target=\"_blank\" rel=\"noopener\"><span style=\"text-decoration: underline; color: #ff0000;\">aqui.<\/span><\/a><\/span><\/p>\n<p><span style=\"font-size: 12pt;\">Uso racional de equipamentos de prote\u00e7\u00e3o individual para doen\u00e7a do coronav\u00edrus (COVID-19) e considera\u00e7\u00f5es durante desabastecimentos graves, clique <a href=\"https:\/\/iris.paho.org\/bitstream\/handle\/10665.2\/52042\/OPASBRACOVID1920045_por.pdf?sequence=1&amp;isAllowed=y\" target=\"_blank\" rel=\"noopener\"><span style=\"text-decoration: underline;\"><span style=\"color: #ff0000; text-decoration: underline;\">aqui.<\/span><\/span><\/a><\/span><\/p>\n<p><span style=\"font-size: 12pt;\">A COVID-19 e o Papel dos Sistemas de Informa\u00e7\u00e3o e das Tecnologias na Aten\u00e7\u00e3o Prim\u00e1ria, acesse clicando <span style=\"color: #ff0000;\"><a style=\"color: #ff0000;\" href=\"https:\/\/iris.paho.org\/bitstream\/handle\/10665.2\/52206\/COVID-19FactsheetPNA_por.pdf?sequence=6\" target=\"_blank\" rel=\"noopener\"><span style=\"text-decoration: underline;\">aqui<\/span><\/a>.\u00a0<\/span><\/span><\/p>\n<p><span style=\"font-size: 12pt;\">Recomenda\u00e7\u00f5es para a Gest\u00e3o de Res\u00edduos S\u00f3lidos, clique <a href=\"https:\/\/iris.paho.org\/bitstream\/handle\/10665.2\/52296\/OPASBRACDECOVID-19200018_por.pdf?sequence=1&amp;isAllowed=y\" target=\"_blank\" rel=\"noopener\"><span style=\"text-decoration: underline;\"><span style=\"color: #ff0000; text-decoration: underline;\">aqui.<\/span><\/span><\/a><\/span><\/p>\n<p><span style=\"font-size: 12pt;\">Resposta da Organiza\u00e7\u00e3o Pan-americana de Sa\u00fade ao COVID-19 na Regi\u00e3o das Am\u00e9ricas, acesse clicando <span style=\"color: #ff0000;\"><a style=\"color: #ff0000;\" href=\"https:\/\/www.observatoriorh.org\/es\/node\/3953\" target=\"_blank\" rel=\"noopener\"><span style=\"text-decoration: underline;\">aqui<\/span><\/a>.\u00a0<\/span><\/span><\/p>\n<ul style=\"list-style-type: circle;\">\n<li><strong><span style=\"font-size: 12pt;\">Artigos cient\u00edficos<\/span><\/strong><\/li>\n<\/ul>\n<p><span style=\"font-size: 12pt;\" data-sheets-value=\"{&quot;1&quot;:2,&quot;2&quot;:&quot;Pandemia, conjunturas de crise e pr\u00e1tica profissional: qual o papel da enfermagem diante da Covid-19?&quot;}\" data-sheets-userformat=\"{&quot;2&quot;:515,&quot;3&quot;:{&quot;1&quot;:0},&quot;4&quot;:[null,2,16777215],&quot;12&quot;:0}\">Pandemia, conjunturas de crise e pr\u00e1tica profissional: qual o papel da enfermagem diante da Covid-19?, clique <a href=\"https:\/\/www.scielo.br\/pdf\/rgenf\/v42nspe\/pt_1983-1447-rgenf-42-spe-e20200254.pdf\" target=\"_blank\" rel=\"noopener\"><span style=\"color: #ff0000;\"><span style=\"text-decoration: underline;\">aqui<\/span>.<\/span><\/a><\/span><\/p>\n<p><span style=\"font-size: 12pt;\">O papel da aten\u00e7\u00e3o prim\u00e1ria na rede de aten\u00e7\u00e3o \u00e0 sa\u00fade no Brasil: limites e possibilidades no enfrentamento da COVID-19, clique <a href=\"https:\/\/www.scielosp.org\/pdf\/csp\/2020.v36n6\/e00104120\/pt\" target=\"_blank\" rel=\"noopener\"><span style=\"text-decoration: underline; color: #ff0000;\">aqui.<\/span><\/a><\/span><\/p>\n<p><span style=\"font-size: 12pt;\">S\u00f3 com APS forte o sistema pode ser capaz de achatar a curva de crescimento da pandemia e garantir sufici\u00eancia de leitos UTI, acesse <a href=\"http:\/\/www.cosemssp.org.br\/wp-content\/uploads\/2020\/04\/So-APS-forte-para-ter-leitos-UTI-.pdf\" target=\"_blank\" rel=\"noopener\"><span style=\"text-decoration: underline;\"><span style=\"color: #ff0000; text-decoration: underline;\">aqui<\/span><\/span><\/a>.<\/span><\/p>\n<ul style=\"list-style-type: circle;\">\n<li><strong><span style=\"font-size: 12pt;\">Documento disponibilizado pela Prefeitura de Belo Horizonte (PBH)\u00a0<\/span><\/strong><\/li>\n<\/ul>\n<p><span style=\"font-size: 12pt;\">Recomenda\u00e7\u00f5es para diagn\u00f3stico laboratorial espec\u00edfico para Sars-CoV-2 na Secretaria Municipal de Sa\u00fade da PBH, diante da pandemia de COVID-19, acesse <span style=\"color: #ff0000;\"><span style=\"text-decoration: underline;\"><a style=\"color: #ff0000; text-decoration: underline;\" href=\"https:\/\/prefeitura.pbh.gov.br\/sites\/default\/files\/estrutura-de-governo\/saude\/2020\/nota-tecnica-covid-19-n033_2020-diagnostico-laboratorial-convertido.pdf\" target=\"_blank\" rel=\"noopener\">aqui<\/a>.<\/span>\u00a0<\/span><\/span><\/p>\n<ul style=\"list-style-type: circle;\">\n<li><strong><span style=\"font-size: 12pt;\">Documento disponibilizado pelo Conselho Federal de Enfermagem (COFEN)\u00a0<\/span><\/strong><\/li>\n<\/ul>\n<p style=\"text-align: justify;\"><span style=\"font-size: 12pt;\"><span style=\"color: #808080; font-size: 12pt;\">Recomenda\u00e7\u00f5es Gerais para Organiza\u00e7\u00e3o dos Servi\u00e7os de Sa\u00fade e Preparo das Equipes de Enfermagem - vers\u00e3o 2, clique <a href=\"http:\/\/www.cofen.gov.br\/wp-content\/uploads\/2020\/04\/cofen_covid-19_cartilha_v3-4.pdf\" target=\"_blank\" rel=\"noopener\"><span style=\"text-decoration: underline; color: #ff0000;\">aqui.<\/span><\/a><\/span> <\/span><\/p>\n<ul style=\"list-style-type: circle;\">\n<li style=\"text-align: justify;\"><strong><span style=\"font-size: 12pt;\">Documento disponibilizado pela Escola de Enfermagem da UFMG<\/span><\/strong><\/li>\n<\/ul>\n<p><span style=\"font-size: 12pt;\">Orienta\u00e7\u00f5es para Organiza\u00e7\u00e3o e Fluxos nas Unidades B\u00e1sicas de Sa\u00fade em Tempo de Coronav\u00edrus, acesse clicando <span style=\"color: #ff0000;\"><a style=\"color: #ff0000;\" href=\"https:\/\/drive.google.com\/file\/d\/1LBA-Qpev1vzTx0WvnffyT8tR97G1E6fa\/view\" target=\"_blank\" rel=\"noopener\"><span style=\"text-decoration: underline;\">aqui<\/span><\/a>.\u00a0<\/span><\/span><\/p>\n<ul style=\"list-style-type: circle;\">\n<li><strong><span style=\"font-size: 12pt;\">Documento disponibilizado pelo Conselho Regional de Odontologia de Minas Gerais<\/span><\/strong><\/li>\n<\/ul>\n<p style=\"text-align: justify;\"><span style=\"font-size: 12pt;\">Fluxogama para Atendimento Odontol\u00f3gico, acesse clicando <a href=\"http:\/\/cro.mg\/fluxogramacovid\" target=\"_blank\" rel=\"noopener\"><span style=\"text-decoration: underline;\"><span style=\"color: #ff0000; text-decoration: underline;\">aqui.<\/span><\/span><\/a>\u00a0<\/span><\/p>\n<ul style=\"list-style-type: circle;\">\n<li style=\"text-align: justify;\"><strong><span style=\"font-size: 12pt;\">Documentos disponibilizados pelo Minist\u00e9rio da Sa\u00fade<\/span><\/strong><\/li>\n<\/ul>\n<p><span style=\"font-size: 12pt;\">Como registrar dados de teleconsulta no e-SUS APS, clique <a href=\"http:\/\/189.28.128.100\/dab\/docs\/portaldab\/documentos\/esus\/COMO_REGISTRAR_NO_e_SUS_APS_TELECONSULTA.pdf\" target=\"_blank\" rel=\"noopener\"><span style=\"text-decoration: underline; color: #ff0000;\">aqui<\/span>.<\/a><\/span><\/p>\n<p><span style=\"font-size: 12pt;\">Orienta\u00e7\u00f5es para o registro do FAST-TRACK da abordagem sindr\u00f4mica de S\u00edndrome Gripal nos atendimentos aos cidad\u00e3os com suspeita de H1N1 e COVID-19 no Prontu\u00e1rio <\/span><span style=\"font-size: 12pt;\">Eletr\u00f4nico do Cidad\u00e3o (PEC) do e-SUS APS, acesse <a href=\"https:\/\/www.conasems.org.br\/wp-content\/uploads\/2020\/03\/Orientacoes_FAST_TRACK_PEC.pdf\" target=\"_blank\" rel=\"noopener\"><span style=\"text-decoration: underline; color: #ff0000;\">aqui.<\/span><\/a><\/span><\/p>\n<p style=\"text-align: justify;\"><span style=\"font-size: 12pt;\">Manejo e Preven\u00e7\u00e3o ao COVID-19 no \u00c2mbito das Equipes de Consult\u00f3rio na Rua, acesse clicando <span style=\"color: #ff0000;\"><a style=\"color: #ff0000;\" href=\"http:\/\/docs.bvsalud.org\/biblioref\/2020\/04\/1087356\/portal-una-sus-prevencao-ao-covid-19-no-ambito-das-equipes-de-_r409ByR.pdf\" target=\"_blank\" rel=\"noopener\"><span style=\"text-decoration: underline;\">aqui<\/span><\/a>.\u00a0<\/span><\/span><\/p>\n<p style=\"text-align: justify;\"><span style=\"font-size: 12pt;\">Nota T\u00e9cnica n\u00ba 10\/2020 - Sobre as Atividades Realizadas nos Polos do Programa Academia da Sa\u00fade, acesse clicando <a href=\"https:\/\/www.conasems.org.br\/wp-content\/uploads\/2020\/03\/nota_tecnica_CGPROFI_DEPROS_COVID19_26mar2020.pdf\" target=\"_blank\" rel=\"noopener\"><span style=\"text-decoration: underline; color: #ff0000;\">aqui.<\/span><\/a>\u00a0<\/span><\/p>\n<ul style=\"list-style-type: circle;\">\n<li style=\"text-align: justify;\"><span style=\"font-size: 12pt;\"><strong>Documentos disponibilizados pela Funda\u00e7\u00e3o Oswaldo Cruz (FIOCRUZ)<\/strong><\/span><\/li>\n<\/ul>\n<p><span style=\"font-size: 12pt;\">Recomenda\u00e7\u00f5es para a Organiza\u00e7\u00e3o da Aten\u00e7\u00e3o Prim\u00e1ria \u00e0 Sa\u00fade no SUS no Enfrentamento da COVID-19, clique <a href=\"https:\/\/portal.fiocruz.br\/sites\/portal.fiocruz.br\/files\/documentos\/recomendacoes_aps_no_sus_para_enfrentamento_da_covid-19_versao_leitura_uma_coluna_1_.pdf\" target=\"_blank\" rel=\"noopener\"><span style=\"color: #ff0000;\"><span style=\"text-decoration: underline;\">aqui<\/span>.<\/span><\/a><\/span><\/p>\n<p><span style=\"font-size: 12pt;\">Matriz Linha de Cuidado COVID-19 na Rede de Aten\u00e7\u00e3o \u00e0 Sa\u00fade, acesse <span style=\"color: #ff0000;\"><a style=\"color: #ff0000;\" href=\"http:\/\/www.resbr.net.br\/matriz-linha-de-cuidado-covid-19-na-rede-de-atencao-a-saude\/#.Xxcm82ZKiM8\" target=\"_blank\" rel=\"noopener\"><span style=\"text-decoration: underline;\">aqui<\/span><\/a>.<\/span><\/span><\/p>\n<ul style=\"list-style-type: circle;\">\n<li><span style=\"font-size: 12pt;\"><strong>Documento disponibilizado pela Sociedade Brasileira de Medicina de Fam\u00edlia e Comunidade (SBMFC)<\/strong><\/span><\/li>\n<\/ul>\n<p><span style=\"font-size: 12pt;\">Recomenda\u00e7\u00f5es da SBMFC para a APS durante a pandemia de COVID-19, acesse <span style=\"text-decoration: underline; color: #ff0000;\"><a style=\"color: #ff0000; text-decoration: underline;\" href=\"https:\/\/redeaps.org.br\/wp-content\/uploads\/2020\/07\/Recomendac%CC%A7o%CC%83es-da-SBMFC-para-a-APS-durante-a-Pandemia_3versa%CC%83o_12_07-1.pdf\" target=\"_blank\" rel=\"noopener\">aqui.<\/a><\/span><\/span><\/p>\n<ul style=\"list-style-type: circle;\">\n<li><span style=\"font-size: 12pt;\"><strong>Documento disponibilizado pelo Conselho Regional de Enfermagem de Minas Gerais (COREN-MG)<\/strong><\/span><\/li>\n<\/ul>\n<p><span style=\"font-size: 12pt;\">Nota T\u00e9cnica n\u00b0 6\/2020 (atualizada em 23 de julho de 2020) - Recomenda\u00e7\u00e3o de Suspens\u00e3o das Consultas de Enfermagem de Demandas Programadas\/ E<\/span><span style=\"font-size: 12pt;\">letivas e Recomenda\u00e7\u00e3o da Realiza\u00e7\u00e3o do Acompanhamento Pr\u00e9-natal, Puerperal e Atendimentos Essenciais na Aten\u00e7\u00e3o Primaria \u00e0 Sa\u00fade, clique <a href=\"https:\/\/www.corenmg.gov.br\/wp-content\/uploads\/2020\/04\/nota_tecnica_6_atencao_primaria_2020_revisao_22_07_2020_final-2.pdf\" target=\"_blank\" rel=\"noopener\"><span style=\"text-decoration: underline;\"><span style=\"color: #ff0000; text-decoration: underline;\">aqui.<\/span><\/span><\/a><\/span><\/p>\n<\/div>\n<\/div><\/div><\/div><\/div><\/div>","protected":false},"excerpt":{"rendered":"<p>Documento disponibilizado pela Escola Nacional de Sa\u00fade P\u00fablica S\u00e9rgio Arouca (ENSP) APS na Rede de Enfrentamento \u00e0 COVID-19, clique aqui. Documentos disponibilizados pela Organiza\u00e7\u00e3o Pan-Americana da Sa\u00fade (OPAS) Preven\u00e7\u00e3o e controle de infec\u00e7\u00e3o na aten\u00e7\u00e3o \u00e0 sa\u00fade quando houver suspeita ou confirma\u00e7\u00e3o da doen\u00e7a do novo coronav\u00edrus (COVID-19), acesse aqui. COVID-19: Recomenda\u00e7\u00f5es t\u00e9cnicas para a [&hellip;]<\/p>\n","protected":false},"author":1,"featured_media":0,"parent":113,"menu_order":0,"comment_status":"closed","ping_status":"closed","template":"","meta":{"footnotes":""},"jetpack_sharing_enabled":true,"_links":{"self":[{"href":"https:\/\/sites.enf.ufmg.br\/internato-enfermagem-aps\/wp-json\/wp\/v2\/pages\/126"}],"collection":[{"href":"https:\/\/sites.enf.ufmg.br\/internato-enfermagem-aps\/wp-json\/wp\/v2\/pages"}],"about":[{"href":"https:\/\/sites.enf.ufmg.br\/internato-enfermagem-aps\/wp-json\/wp\/v2\/types\/page"}],"author":[{"embeddable":true,"href":"https:\/\/sites.enf.ufmg.br\/internato-enfermagem-aps\/wp-json\/wp\/v2\/users\/1"}],"replies":[{"embeddable":true,"href":"https:\/\/sites.enf.ufmg.br\/internato-enfermagem-aps\/wp-json\/wp\/v2\/comments?post=126"}],"version-history":[{"count":35,"href":"https:\/\/sites.enf.ufmg.br\/internato-enfermagem-aps\/wp-json\/wp\/v2\/pages\/126\/revisions"}],"predecessor-version":[{"id":850,"href":"https:\/\/sites.enf.ufmg.br\/internato-enfermagem-aps\/wp-json\/wp\/v2\/pages\/126\/revisions\/850"}],"up":[{"embeddable":true,"href":"https:\/\/sites.enf.ufmg.br\/internato-enfermagem-aps\/wp-json\/wp\/v2\/pages\/113"}],"wp:attachment":[{"href":"https:\/\/sites.enf.ufmg.br\/internato-enfermagem-aps\/wp-json\/wp\/v2\/media?parent=126"}],"curies":[{"name":"wp","href":"https:\/\/api.w.org\/{rel}","templated":true}]}}