{"id":130,"date":"2020-06-25T15:24:05","date_gmt":"2020-06-25T18:24:05","guid":{"rendered":"https:\/\/sites.enf.ufmg.br\/internato-enfermagem-aps\/?page_id=130"},"modified":"2021-03-15T14:47:21","modified_gmt":"2021-03-15T17:47:21","slug":"saude-do-idoso","status":"publish","type":"page","link":"https:\/\/sites.enf.ufmg.br\/internato-enfermagem-aps\/acervo-digital\/saude-do-idoso\/","title":{"rendered":"Sa\u00fade do Idoso"},"content":{"rendered":"<div id=\"pl-130\"  class=\"panel-layout\" ><div id=\"pg-130-0\"  class=\"panel-grid panel-no-style\" ><div id=\"pgc-130-0-0\"  class=\"panel-grid-cell\" ><div id=\"panel-130-0-0-0\" class=\"so-panel widget widget_sow-editor panel-first-child panel-last-child\" data-index=\"0\" ><div\n\t\t\t\n\t\t\tclass=\"so-widget-sow-editor so-widget-sow-editor-base\"\n\t\t\t\n\t\t>\n<div class=\"siteorigin-widget-tinymce textwidget\">\n\t<ul style=\"list-style-type: circle;\">\n<li><strong><span style=\"font-size: 12pt;\">E-book disponibilizado pela Rede de Salud del Adulto Mayor \u2013 REDESAM\/Brasil<\/span><\/strong><\/li>\n<\/ul>\n<p><span style=\"font-size: 12pt;\">O cuidado do idoso na Aten\u00e7\u00e3o Prim\u00e1ria \u00e0 Sa\u00fade em tempos de COVID-19, clique\u00a0<a href=\"http:\/\/conteudosdigitais.eerp.usp.br\/ebooks\/O_cuidado_ao_idoso_na_atencao_primaria_a_saude_em_tempos_de_covid-19.pdf\" target=\"_blank\" rel=\"noopener\"><span style=\"color: #ff0000;\"><span style=\"text-decoration: underline;\">aqui<\/span>.<\/span><\/a><\/span><\/p>\n<ul style=\"list-style-type: circle;\">\n<li><strong><span style=\"font-size: 12pt;\">Documento disponibilizado pela Universidade Estadual de Londrina\u00a0<\/span><\/strong><\/li>\n<\/ul>\n<p><span style=\"font-size: 12pt;\">Exerc\u00edcios F\u00edsicos para Voc\u00ea fazer em Casa, acesse <span style=\"color: #ff0000;\"><a style=\"color: #ff0000;\" href=\"https:\/\/www.saude.pr.gov.br\/sites\/default\/arquivos_restritos\/files\/documento\/2020-04\/exercicios_domiciliares.pdf\" target=\"_blank\" rel=\"noopener\"><span style=\"text-decoration: underline;\">aqui<\/span>.<\/a>\u00a0<\/span><\/span><\/p>\n<ul style=\"list-style-type: circle;\">\n<li><strong><span style=\"font-size: 12pt;\">Documento disponibilizado pela Organiza\u00e7\u00e3o Pan-americana da Sa\u00fade (OPAS)<\/span><\/strong><\/li>\n<\/ul>\n<p><span style=\"font-size: 12pt;\">Recomenda\u00e7\u00f5es de Sa\u00fade Ambiental para Espa\u00e7os Comunit\u00e1rios Fechados - Asilos, orfanatos e outros locais de resid\u00eancia coletiva, clique <a href=\"https:\/\/iris.paho.org\/bitstream\/handle\/10665.2\/52305\/OPASBRACDECOVID-1920022_por.pdf?sequence=1&amp;isAllowed=y\" target=\"_blank\" rel=\"noopener\"><span style=\"color: #ff0000;\"><span style=\"text-decoration: underline;\">aqui<\/span>.<\/span><\/a><\/span><\/p>\n<ul style=\"list-style-type: circle;\">\n<li><strong><span style=\"font-size: 12pt;\">Documento disponibilizado pela Universidade Federal do Rio Grande do Norte (UFRN)<\/span><\/strong><\/li>\n<\/ul>\n<p><span style=\"font-size: 12pt;\">Orienta\u00e7\u00f5es para o dia-a-dia das fam\u00edlias e sugest\u00f5es para a\u00e7\u00e3o educativa em sa\u00fade do Agente Comunit\u00e1rio de Sa\u00fade sobre a prote\u00e7\u00e3o ao idoso no domic\u00edlio em tempos de Covid-19, clique <a href=\"https:\/\/lais.huol.ufrn.br\/wp-content\/uploads\/2020\/04\/Cartilha-COVID-Vs7.pdf\" target=\"_blank\" rel=\"noopener\"><span style=\"color: #ff0000;\"><span style=\"text-decoration: underline;\">aqui<\/span>.<\/span><\/a><\/span><\/p>\n<ul style=\"list-style-type: circle;\">\n<li><strong><span style=\"font-size: 12pt;\">Documento disponibilizado pela Funda\u00e7\u00e3o Oswaldo Cruz (FIOCRUZ)\u00a0<\/span><\/strong><\/li>\n<\/ul>\n<p><span style=\"font-size: 12pt;\">Orienta\u00e7\u00f5es para Cuidadores Domiciliares de Pessoa Idosa na Epidemia do Coronav\u00edrus \u2212 Covid-19, clique <a href=\"http:\/\/www.epsjv.fiocruz.br\/sites\/default\/files\/files\/CartilhaCuidadorIdoso_Covid-19.pdf\" target=\"_blank\" rel=\"noopener\"><span style=\"color: #ff0000;\"><span style=\"text-decoration: underline;\">aqui<\/span>.<\/span><\/a><\/span><\/p>\n<ul style=\"list-style-type: circle;\">\n<li><strong><span style=\"font-size: 12pt;\">Documento disponibilizado pela Associa\u00e7\u00e3o Brasileira de Enfermagem (ABEn\/PA), Associa\u00e7\u00e3o Brasileira de Alzheimer (PA) e Sociedade Brasileira de Geriatria e Gerontologia (SBGG-PA)<\/span><\/strong><\/li>\n<\/ul>\n<p><span style=\"font-size: 12pt;\">Protocolo de Orienta\u00e7\u00f5es para Presta\u00e7\u00e3o de Cuidados a Pessoas Idosas Institucionalizadas no Estado do Par\u00e1: Medidas de Preven\u00e7\u00e3o da Covid-19, clique <a href=\"http:\/\/www.abennacional.org.br\/site\/wp-content\/uploads\/2020\/04\/PROTOCOLO_PRESTA%C3%87%C3%83O_CUIDADOS_IDOSOS.pdf\" target=\"_blank\" rel=\"noopener\"><span style=\"text-decoration: underline; color: #ff0000;\">aqui.<\/span><\/a><\/span><\/p>\n<ul style=\"list-style-type: circle;\">\n<li><strong><span style=\"font-size: 12pt;\">Documento disponibilizado pela Ag\u00eancia Nacional de Vigil\u00e2ncia Sanit\u00e1ria (ANVISA)<\/span><\/strong><\/li>\n<\/ul>\n<p><span style=\"font-size: 12pt;\">Nota T\u00e9cnica n\u00ba 05\/2020 - Orienta\u00e7\u00f5es para a Preven\u00e7\u00e3o e o Controle de Infec\u00e7\u00f5es pelo Novo Coronav\u00edrus (SARS-CoV-2) em <\/span><span style=\"font-size: 12pt;\">Institui\u00e7\u00f5es de Longa Perman\u00eancia para Idosos (ILPI), acesse <a href=\"http:\/\/portal.anvisa.gov.br\/documents\/33852\/271858\/NOTA+T%C3%89CNICA+N%C2%BA+05-2020+GVIMS-GGTES-ANVISA+-+ORIENTA%C3%87%C3%95ES+PARA+A+PREVEN%C3%87%C3%83O+E+O+CONTROLE+DE+INFEC%C3%87%C3%95ES+PELO+NOVO+CORONAV%C3%8DRUS+EM+INSTITUI%C3%87%C3%95ES+DE+LONGA+PERMAN%C3%8ANCIA+PARA+IDOSOS%28ILPI%29\/8dcf5820-fe26-49dd-adf9-1cee4e6d3096\" target=\"_blank\" rel=\"noopener\"><span style=\"text-decoration: underline;\"><span style=\"color: #ff0000; text-decoration: underline;\">aqui.<\/span><\/span><\/a><\/span><\/p>\n<ul style=\"list-style-type: circle;\">\n<li style=\"text-align: justify;\"><strong style=\"font-size: 12pt;\">Documentos disponibilizados pelo Minist\u00e9rio da Sa\u00fade<\/strong><\/li>\n<\/ul>\n<p style=\"text-align: justify;\"><span style=\"font-size: 12pt;\"><span style=\"font-family: 'Open Sans', sans-serif; font-style: normal; font-weight: 400; font-size: 16px;\">Nota T\u00e9cnica n\u00ba 6\/2020 - Suspens\u00e3o Tempor\u00e1ria de Consultas Eletivas e Atividades nos Centros de Refer\u00eancia da Pessoa Idosa em Raz\u00e3o da Conten\u00e7\u00e3o de Aglomera\u00e7\u00e3o em Popula\u00e7\u00e3o de Risco para o Coronav\u00edrus (SARS-CoV-2), acesse <\/span><span style=\"text-decoration: underline; color: #ff0000;\"><a style=\"font-family: 'Open Sans', sans-serif; font-style: normal; font-weight: 400; font-size: 16px; color: #ff0000; text-decoration: underline;\" href=\"http:\/\/docs.bvsalud.org\/biblioref\/2020\/05\/1095674\/notatecnica62020cosapicgcividapessapsms02abr2020covid-19.pdf\" target=\"_blank\" rel=\"noopener\"><span style=\"font-size: 16px;\"><span style=\"font-size: 16px;\">aqui<\/span><\/span>.<\/a><\/span><\/span><\/p>\n<p><span style=\"font-size: 12pt;\">Nota T\u00e9cnica n\u00ba 9\/2020 - Isolamento para Idosos Institucionalizados: Orienta\u00e7\u00f5es de Higiene e Cuidados, acesse <a href=\"http:\/\/189.28.128.100\/dab\/docs\/portaldab\/documentos\/NT_ANEXO_9_2020_COSAPI_CGCIVI_DAPES_SAPS_MS.pdf\" target=\"_blank\" rel=\"noopener\"><span style=\"text-decoration: underline;\"><span style=\"color: #ff0000; text-decoration: underline;\">aqui<\/span><\/span>.<\/a><\/span><\/p>\n<p><span style=\"font-size: 12pt;\">Plano Nacional de Contingenciamento para Cuidado \u00e0s Pessoas Idosas Institucionalizadas em Situa\u00e7\u00e3o de Extrema Vulnerabilidade Social, acesse <a href=\"https:\/\/idoso.mppr.mp.br\/arquivos\/File\/plano_nacional_contingencia_cuidado_pessoas_idosas.pdf\" target=\"_blank\" rel=\"noopener\"><span style=\"text-decoration: underline;\"><span style=\"color: #ff0000; text-decoration: underline;\">aqui<\/span><\/span>.<\/a>\u00a0<\/span><\/p>\n<p><span style=\"font-family: 'Open Sans', sans-serif; font-style: normal; font-weight: 400; font-size: 16px;\">Recomenda\u00e7\u00f5es de Alimenta\u00e7\u00e3o para Pessoas Idosas no Brasil durante a Pandemia de COVID-19, acesse <\/span><a style=\"font-family: 'Open Sans', sans-serif; font-style: normal; font-weight: 400; font-size: 16px;\" href=\"http:\/\/docs.bvsalud.org\/biblioref\/2020\/05\/1096492\/recomendacoes_alimentacao_pessoas_idosas_brasil_covid-19.pdf\" target=\"_blank\" rel=\"noopener\"><span style=\"text-decoration: underline;\"><span style=\"color: #ff0000; text-decoration: underline;\">aqui.<\/span><\/span><\/a><\/p>\n<ul style=\"list-style-type: circle;\">\n<li><strong><span style=\"font-size: 12pt;\">Artigo Cient\u00edfico\u00a0<\/span><\/strong><\/li>\n<\/ul>\n<p><span style=\"font-size: 12pt;\">Sa\u00fade do Idoso em Tempos de Pandemia COVID-19, acesse <a href=\"https:\/\/revistas.ufpr.br\/cogitare\/article\/view\/72849\/pdf\" target=\"_blank\" rel=\"noopener\"><span style=\"text-decoration: underline;\"><span style=\"color: #ff0000; text-decoration: underline;\">aqui<\/span><\/span><\/a>.\u00a0<\/span><\/p>\n<\/div>\n<\/div><\/div><\/div><\/div><\/div>","protected":false},"excerpt":{"rendered":"<p>E-book disponibilizado pela Rede de Salud del Adulto Mayor \u2013 REDESAM\/Brasil O cuidado do idoso na Aten\u00e7\u00e3o Prim\u00e1ria \u00e0 Sa\u00fade em tempos de COVID-19, clique\u00a0aqui. Documento disponibilizado pela Universidade Estadual de Londrina\u00a0 Exerc\u00edcios F\u00edsicos para Voc\u00ea fazer em Casa, acesse aqui.\u00a0 Documento disponibilizado pela Organiza\u00e7\u00e3o Pan-americana da Sa\u00fade (OPAS) Recomenda\u00e7\u00f5es de Sa\u00fade Ambiental para Espa\u00e7os [&hellip;]<\/p>\n","protected":false},"author":1,"featured_media":0,"parent":113,"menu_order":0,"comment_status":"closed","ping_status":"closed","template":"","meta":{"footnotes":""},"jetpack_sharing_enabled":true,"_links":{"self":[{"href":"https:\/\/sites.enf.ufmg.br\/internato-enfermagem-aps\/wp-json\/wp\/v2\/pages\/130"}],"collection":[{"href":"https:\/\/sites.enf.ufmg.br\/internato-enfermagem-aps\/wp-json\/wp\/v2\/pages"}],"about":[{"href":"https:\/\/sites.enf.ufmg.br\/internato-enfermagem-aps\/wp-json\/wp\/v2\/types\/page"}],"author":[{"embeddable":true,"href":"https:\/\/sites.enf.ufmg.br\/internato-enfermagem-aps\/wp-json\/wp\/v2\/users\/1"}],"replies":[{"embeddable":true,"href":"https:\/\/sites.enf.ufmg.br\/internato-enfermagem-aps\/wp-json\/wp\/v2\/comments?post=130"}],"version-history":[{"count":14,"href":"https:\/\/sites.enf.ufmg.br\/internato-enfermagem-aps\/wp-json\/wp\/v2\/pages\/130\/revisions"}],"predecessor-version":[{"id":1045,"href":"https:\/\/sites.enf.ufmg.br\/internato-enfermagem-aps\/wp-json\/wp\/v2\/pages\/130\/revisions\/1045"}],"up":[{"embeddable":true,"href":"https:\/\/sites.enf.ufmg.br\/internato-enfermagem-aps\/wp-json\/wp\/v2\/pages\/113"}],"wp:attachment":[{"href":"https:\/\/sites.enf.ufmg.br\/internato-enfermagem-aps\/wp-json\/wp\/v2\/media?parent=130"}],"curies":[{"name":"wp","href":"https:\/\/api.w.org\/{rel}","templated":true}]}}