{"id":138,"date":"2020-06-25T15:26:18","date_gmt":"2020-06-25T18:26:18","guid":{"rendered":"https:\/\/sites.enf.ufmg.br\/internato-enfermagem-aps\/?page_id=138"},"modified":"2021-03-15T15:34:32","modified_gmt":"2021-03-15T18:34:32","slug":"vacinacao","status":"publish","type":"page","link":"https:\/\/sites.enf.ufmg.br\/internato-enfermagem-aps\/acervo-digital\/vacinacao\/","title":{"rendered":"Vacina\u00e7\u00e3o"},"content":{"rendered":"<div id=\"pl-138\"  class=\"panel-layout\" ><div id=\"pg-138-0\"  class=\"panel-grid panel-no-style\" ><div id=\"pgc-138-0-0\"  class=\"panel-grid-cell\" ><div id=\"panel-138-0-0-0\" class=\"so-panel widget widget_sow-editor panel-first-child panel-last-child\" data-index=\"0\" ><div\n\t\t\t\n\t\t\tclass=\"so-widget-sow-editor so-widget-sow-editor-base\"\n\t\t\t\n\t\t>\n<div class=\"siteorigin-widget-tinymce textwidget\">\n\t<ul style=\"list-style-type: circle;\">\n<li><strong><span style=\"font-size: 12pt;\">Documentos disponibilizados pelo Minist\u00e9rio da Sa\u00fade<\/span><\/strong><\/li>\n<\/ul>\n<p><span style=\"font-size: 12pt;\">Plano Nacional de Operacionaliza\u00e7\u00e3o da Vacina\u00e7\u00e3o contra a COVID-19 (4\u00aa edi\u00e7\u00e3o), clique <a href=\"https:\/\/sbim.org.br\/images\/files\/notas-tecnicas\/plano-vacinao-covid19-ed4-15fev21-cgpni.pdf\" target=\"_blank\" rel=\"noopener\"><span style=\"color: #ff0000;\"><span style=\"text-decoration: underline;\">aqui<\/span>.<\/span><\/a><\/span><\/p>\n<p><span style=\"font-size: 12pt;\">Estrat\u00e9gia de Vacina\u00e7\u00e3o contra o v\u00edrus SARS-COV-2 (COVID-19), acesse <a href=\"https:\/\/www.gov.br\/saude\/pt-br\/media\/pdf\/2020\/dezembro\/21\/estrategia_vacinacao_covid19.pdf\" target=\"_blank\" rel=\"noopener\"><span style=\"color: #ff0000;\"><span style=\"text-decoration: underline;\">aqui<\/span>.<\/span><\/a><\/span><\/p>\n<p><span style=\"font-size: 12pt;\">Informe T\u00e9cnico - Campanha Nacional de Vacina\u00e7\u00e3o contra a COVID-19, clique <a href=\"https:\/\/www.conasems.org.br\/wp-content\/uploads\/2021\/01\/Informe_Tecnico_Vacina_COVID-19.pdf\" target=\"_blank\" rel=\"noopener\"><span style=\"color: #ff0000;\"><span style=\"text-decoration: underline;\">aqui<\/span>.<\/span><\/a><\/span><\/p>\n<p><span style=\"font-size: 12pt;\">Nota T\u00e9cnica n\u00ba 14\/2020 - O Programa de Imuniza\u00e7\u00e3o no Contexto da Pandemia de <\/span><span style=\"font-size: 12pt;\">COVID-19, clique <a href=\"file:\/\/\/C:\/Users\/user\/Downloads\/15-07_Nota_Tecnica_Vacinacao-x-COVID%20(1).pdf\" target=\"_blank\" rel=\"noopener\"><span style=\"color: #ff0000;\"><span style=\"text-decoration: underline;\">aqui<\/span>.<\/span><\/a><\/span><\/p>\n<p><span style=\"font-size: 12pt;\">Campanha de Vacina\u00e7\u00e3o contra a Influenza e o Sarampo na Aten\u00e7\u00e3o Prim\u00e1ria \u00e0 Sa\u00fade durante a Pandemia do Novo Coronav\u00edrus, clique <a href=\"https:\/\/www.unasus.gov.br\/especial\/covid19\/pdf\/55\" target=\"_blank\" rel=\"noopener\"><span style=\"text-decoration: underline; color: #ff0000;\">aqui.<\/span><\/a><\/span><\/p>\n<ul style=\"list-style-type: circle;\">\n<li><span style=\"font-size: 12pt;\"><strong>Documentos disponibilizados pela <\/strong><strong style=\"font-family: 'Open Sans', sans-serif; font-size: 16px; font-style: normal;\">Sociedade Brasileira de Pediatria (SBP)<\/strong><\/span><\/li>\n<\/ul>\n<p><span style=\"font-size: 12pt;\">D\u00favidas Sobre Vacinas COVID-19 - Perguntas e respostas, clique <a href=\"https:\/\/www.sbp.com.br\/fileadmin\/user_upload\/22909c-GPA-Duvidas_sobre_Vacinas_COVID19.pdf\" target=\"_blank\" rel=\"noopener\"><span style=\"text-decoration: underline; color: #ff0000;\">aqui<\/span><span style=\"color: #ff0000;\">.<\/span><\/a><\/span><\/p>\n<p><span style=\"font-size: 12pt;\">Vacinas COVID-19 \u2013 Atualiza\u00e7\u00e3o, clique <a href=\"https:\/\/www.sbp.com.br\/fileadmin\/user_upload\/22908d-GPA-Vacinas_COVID19_-_Atualizacao.pdf\" target=\"_blank\" rel=\"noopener\"><span style=\"color: #ff0000;\"><span style=\"text-decoration: underline;\">aqui<\/span>.<\/span><\/a><\/span><\/p>\n<ul style=\"list-style-type: circle;\">\n<li><span style=\"font-size: 12pt;\"><strong>Documento disponibilizado pela Associa\u00e7\u00e3o Brasileira de Alergia e Imunologia (ASBAI)<\/strong><\/span><\/li>\n<\/ul>\n<p><span style=\"font-size: 12pt;\">Vacina COVID-19 e rea\u00e7\u00f5es imunoal\u00e9rgicas, clique <a href=\"https:\/\/asbai.org.br\/wp-content\/uploads\/2015\/12\/Vacina_COVID_19_e_reacoes.pdf\" target=\"_blank\" rel=\"noopener\"><span style=\"color: #ff0000;\"><span style=\"text-decoration: underline;\">aqui<\/span>.<\/span><\/a><\/span><\/p>\n<ul style=\"list-style-type: circle;\">\n<li><strong><span style=\"font-size: 12pt;\">Documento disponibilizado pela\u00a0<\/span><\/strong><strong style=\"font-size: 14px;\"><span style=\"font-size: 12pt;\">Sociedade Brasileira de Pediatria (SBP) e <\/span><\/strong><strong><span style=\"font-size: 12pt;\">Sociedade Brasileira de Imuniza\u00e7\u00f5es (SBIM)<\/span><\/strong><\/li>\n<\/ul>\n<p><span style=\"font-size: 12pt;\">Calend\u00e1rio Vacinal da Crian\u00e7a e a Pandemia pelo Coronav\u00edrus, clique <span style=\"color: #ff0000;\"><a style=\"color: #ff0000;\" href=\"https:\/\/www.sbp.com.br\/fileadmin\/user_upload\/nt-sbpsbim-calendariodacrianca-pandemiacovid-200324.pdf\" target=\"_blank\" rel=\"noopener\"><span style=\"text-decoration: underline;\">aqui<\/span>.<\/a>\u00a0<\/span><\/span><\/p>\n<ul style=\"list-style-type: circle;\">\n<li><strong><span style=\"font-size: 12pt;\">Documentos disponibilizados pela Organiza\u00e7\u00e3o Pan-Americana da Sa\u00fade (OPAS)<\/span><\/strong><\/li>\n<\/ul>\n<p><span style=\"font-size: 12pt;\">Como Implementar V<\/span><span style=\"font-size: 12pt;\">acina\u00e7\u00e3o de Profissionais da Sa\u00fade C<\/span><span style=\"font-size: 12pt;\">ontra Influenza Sazonal, acesse <a href=\"https:\/\/iris.paho.org\/bitstream\/handle\/10665.2\/52224\/9789275722336_por.pdf?sequence=1&amp;isAllowed=y\" target=\"_blank\" rel=\"noopener\"><span style=\"color: #ff0000;\"><span style=\"text-decoration: underline;\">aqui<\/span>.<\/span><\/a><\/span><\/p>\n<p><span style=\"font-size: 12pt;\">Estrutura para a Tomada de Decis\u00f5es: Implementa\u00e7\u00e3o de Campanhas de Vacina\u00e7\u00e3o em Massa no Contexto da COVID-19, clique <a href=\"https:\/\/iris.paho.org\/bitstream\/handle\/10665.2\/52284\/OPASWFPLIMCOVID-19200016_por.pdf?sequence=5&amp;isAllowed=y\" target=\"_blank\" rel=\"noopener\"><span style=\"color: #ff0000;\"><span style=\"text-decoration: underline;\">aqui<\/span>.<\/span><\/a><\/span><\/p>\n<p><span style=\"font-size: 12pt;\">O Programa de Imuniza\u00e7\u00e3o no Contexto da Pandemia de COVID-19, clique <a href=\"https:\/\/iris.paho.org\/bitstream\/handle\/10665.2\/51984\/OPASBRACOVID1920036_por.pdf?sequence=1&amp;isAllowed=y\" target=\"_blank\" rel=\"noopener\"><span style=\"color: #ff0000;\"><span style=\"text-decoration: underline;\">aqui<\/span>.<\/span><\/a><\/span><\/p>\n<p><span style=\"font-size: 12pt;\">Imuniza\u00e7\u00e3o no Contexto da Pandemia de COVID-19: perguntas mais frequentes, acesse <a href=\"https:\/\/iris.paho.org\/bitstream\/handle\/10665.2\/52259\/OPASWBRACOVID-1920072_por.pdf?sequence=1&amp;isAllowed=y\" target=\"_blank\" rel=\"noopener\"><span style=\"text-decoration: underline; color: #ff0000;\">aqui<\/span>.<\/a>\u00a0<\/span><\/p>\n<p><span style=\"font-size: 12pt;\">Princ\u00edpios Norteadores para as Atividades de Imuniza\u00e7\u00e3o durante a Pandemia do v\u00edrus COVID-19, clique <a href=\"https:\/\/iris.paho.org\/bitstream\/handle\/10665.2\/51989\/OPASBRACOVID1920029_por.pdf?sequence=1&amp;isAllowed=y\" target=\"_blank\" rel=\"noopener\"><span style=\"color: #ff0000;\"><span style=\"text-decoration: underline;\">aqui<\/span>.<\/span><\/a><\/span><\/p>\n<p><span style=\"font-size: 12pt;\">Vacina\u00e7\u00e3o de Rec\u00e9m-nascidos no Contexto da Pandemia da COVID-19, acesse <a href=\"https:\/\/iris.paho.org\/bitstream\/handle\/10665.2\/52248\/OPASBRAFPLIMCOVID19-200010_por.pdf?sequence=1&amp;isAllowed=y\" target=\"_blank\" rel=\"noopener\"><span style=\"text-decoration: underline;\"><span style=\"color: #ff0000; text-decoration: underline;\">aqui<\/span><\/span><\/a><span style=\"color: #ff0000;\">.<\/span>\u00a0<\/span><\/p>\n<ul style=\"list-style-type: circle;\">\n<li><span style=\"font-size: 12pt;\"><strong>Documento disponibilizado pela\u00a0<\/strong><strong style=\"font-family: 'Open Sans', sans-serif; font-size: 16px; font-style: normal;\">Sociedade Brasileira de Pediatria (SBP), UNICEF e<\/strong> <strong>Sociedade Brasileira de Imuniza\u00e7\u00f5es (SBIM)<\/strong><\/span><\/li>\n<\/ul>\n<p><span style=\"font-size: 12pt;\">Pandemia da Covid-19: O que Muda na Rotina das Imuniza\u00e7\u00f5es, acesse <a href=\"file:\/\/\/C:\/Users\/user\/Downloads\/cartilha-campanha-sbim-sbp-unicef-200611b-web.pdf\" target=\"_blank\" rel=\"noopener\"><span style=\"text-decoration: underline;\"><span style=\"color: #ff0000; text-decoration: underline;\">aqui<\/span><\/span><\/a><span style=\"color: #ff0000;\">.<\/span><\/span><\/p>\n<\/div>\n<\/div><\/div><\/div><\/div><\/div>","protected":false},"excerpt":{"rendered":"<p>Documentos disponibilizados pelo Minist\u00e9rio da Sa\u00fade Plano Nacional de Operacionaliza\u00e7\u00e3o da Vacina\u00e7\u00e3o contra a COVID-19 (4\u00aa edi\u00e7\u00e3o), clique aqui. Estrat\u00e9gia de Vacina\u00e7\u00e3o contra o v\u00edrus SARS-COV-2 (COVID-19), acesse aqui. Informe T\u00e9cnico &#8211; Campanha Nacional de Vacina\u00e7\u00e3o contra a COVID-19, clique aqui. Nota T\u00e9cnica n\u00ba 14\/2020 &#8211; O Programa de Imuniza\u00e7\u00e3o no Contexto da Pandemia de [&hellip;]<\/p>\n","protected":false},"author":1,"featured_media":0,"parent":113,"menu_order":0,"comment_status":"closed","ping_status":"closed","template":"","meta":{"footnotes":""},"jetpack_sharing_enabled":true,"_links":{"self":[{"href":"https:\/\/sites.enf.ufmg.br\/internato-enfermagem-aps\/wp-json\/wp\/v2\/pages\/138"}],"collection":[{"href":"https:\/\/sites.enf.ufmg.br\/internato-enfermagem-aps\/wp-json\/wp\/v2\/pages"}],"about":[{"href":"https:\/\/sites.enf.ufmg.br\/internato-enfermagem-aps\/wp-json\/wp\/v2\/types\/page"}],"author":[{"embeddable":true,"href":"https:\/\/sites.enf.ufmg.br\/internato-enfermagem-aps\/wp-json\/wp\/v2\/users\/1"}],"replies":[{"embeddable":true,"href":"https:\/\/sites.enf.ufmg.br\/internato-enfermagem-aps\/wp-json\/wp\/v2\/comments?post=138"}],"version-history":[{"count":23,"href":"https:\/\/sites.enf.ufmg.br\/internato-enfermagem-aps\/wp-json\/wp\/v2\/pages\/138\/revisions"}],"predecessor-version":[{"id":1050,"href":"https:\/\/sites.enf.ufmg.br\/internato-enfermagem-aps\/wp-json\/wp\/v2\/pages\/138\/revisions\/1050"}],"up":[{"embeddable":true,"href":"https:\/\/sites.enf.ufmg.br\/internato-enfermagem-aps\/wp-json\/wp\/v2\/pages\/113"}],"wp:attachment":[{"href":"https:\/\/sites.enf.ufmg.br\/internato-enfermagem-aps\/wp-json\/wp\/v2\/media?parent=138"}],"curies":[{"name":"wp","href":"https:\/\/api.w.org\/{rel}","templated":true}]}}