{"id":142,"date":"2020-06-25T15:27:09","date_gmt":"2020-06-25T18:27:09","guid":{"rendered":"https:\/\/sites.enf.ufmg.br\/internato-enfermagem-aps\/?page_id=142"},"modified":"2021-03-15T15:52:54","modified_gmt":"2021-03-15T18:52:54","slug":"vigilancia-e-manejo-clinico","status":"publish","type":"page","link":"https:\/\/sites.enf.ufmg.br\/internato-enfermagem-aps\/acervo-digital\/vigilancia-e-manejo-clinico\/","title":{"rendered":"Vigil\u00e2ncia e Manejo Cl\u00ednico"},"content":{"rendered":"<div id=\"pl-142\"  class=\"panel-layout\" ><div id=\"pg-142-0\"  class=\"panel-grid panel-no-style\" ><div id=\"pgc-142-0-0\"  class=\"panel-grid-cell\" ><div id=\"panel-142-0-0-0\" class=\"so-panel widget widget_sow-editor panel-first-child panel-last-child\" data-index=\"0\" ><div\n\t\t\t\n\t\t\tclass=\"so-widget-sow-editor so-widget-sow-editor-base\"\n\t\t\t\n\t\t>\n<div class=\"siteorigin-widget-tinymce textwidget\">\n\t<ul style=\"list-style-type: circle;\">\n<li><span style=\"font-size: 12pt;\"><strong>Documento disponibilizado pela Secretaria de Estado da Sa\u00fade de Santa Catarina<\/strong><\/span><\/li>\n<\/ul>\n<p><span style=\"font-size: 12pt;\">Manual de Orienta\u00e7\u00f5es da COVID-19 (v\u00edrus SARS-CoV-2), clique <a href=\"https:\/\/www.saude.sc.gov.br\/coronavirus\/arquivos\/Manual_23-10-atualizado.pdf\" target=\"_blank\" rel=\"noopener\"><span style=\"color: #ff0000;\"><span style=\"text-decoration: underline;\">aqui<\/span>.<\/span><\/a><\/span><\/p>\n<ul style=\"list-style-type: circle;\">\n<li><span style=\"font-size: 12pt;\"><strong>Documentos disponibilizados pela Sociedade Brasileira de Medicina de Fam\u00edlia e Comunidade (SBMFC)<\/strong><\/span><\/li>\n<\/ul>\n<p><span style=\"font-size: 12pt;\">Recomenda\u00e7\u00f5es da SBMFC para a APS durante a Pandemia de COVID-19, clique <a href=\"https:\/\/redeaps.org.br\/wp-content\/uploads\/2020\/07\/Recomendac%CC%A7o%CC%83es-da-SBMFC-para-a-APS-durante-a-Pandemia_3versa%CC%83o_12_07-1.pdf\" target=\"_blank\" rel=\"noopener\"><span style=\"color: #ff0000;\"><span style=\"text-decoration: underline;\">aqui<\/span>.<\/span><\/a><\/span><\/p>\n<p><span style=\"font-size: 12pt;\">Perguntas e Respostas: Orienta\u00e7\u00f5es sobre a Epidemia de Coronav\u00edrus (COVID-19) para as Pessoas com Doen\u00e7as Raras e seus Cuidadores v.1, clique <a href=\"file:\/\/\/C:\/Users\/user\/Downloads\/corpo_v1.1.pdf\" target=\"_blank\" rel=\"noopener\"><span style=\"text-decoration: underline; color: #ff0000;\">aqui<\/span><span style=\"color: #ff0000;\">.<\/span><\/a><\/span><\/p>\n<ul style=\"list-style-type: circle;\">\n<li><span style=\"font-size: 12pt;\"><strong>Documentos disponibilizados pela Secretaria de Estado de Sa\u00fade de Minas Gerais<\/strong><\/span><\/li>\n<\/ul>\n<p><span style=\"font-size: 12pt;\">Covid-19: Manual do Diagn\u00f3stico, clique <a href=\"http:\/\/coronavirus.saude.mg.gov.br\/images\/profissionais-e-gestores\/27-08_Manual_Diagnostico_Covid-19.pdf\" target=\"_blank\" rel=\"noopener\"><span style=\"text-decoration: underline; color: #ff0000;\">aqui.<\/span><\/a><\/span><\/p>\n<p><span style=\"font-size: 12pt;\">Enfermagem na aten\u00e7\u00e3o b\u00e1sica no contexto da COVID-19, acesse <a href=\"file:\/\/\/C:\/Users\/user\/Downloads\/E-BOOK-ATENCAO-BASICA.pdf\" target=\"_blank\" rel=\"noopener\"><span style=\"text-decoration: underline; color: #ff0000;\">aqui.<\/span><\/a>\u00a0<\/span><\/p>\n<ul style=\"list-style-type: circle;\">\n<li><strong><span style=\"font-size: 12pt;\">Documento disponibilizado pela Funda\u00e7\u00e3o Oswaldo Cruz (FIOCRUZ)<\/span><\/strong><\/li>\n<\/ul>\n<p><span style=\"font-size: 12pt;\">Boletim Socioepidemiol\u00f3gico da Covid-19 nas Favelas, acesse <span style=\"text-decoration: underline; color: #ff0000;\">aqui.<\/span><\/span><\/p>\n<ul style=\"list-style-type: circle;\">\n<li><strong><span style=\"font-size: 12pt;\">Documento disponibilizado pelos Conselho Nacional de Secretarias Municipais de Sa\u00fade (CONASEMS) e Conselho Nacional de Secret\u00e1rios de Sa\u00fade (CONASS)<\/span><\/strong><\/li>\n<\/ul>\n<p><span style=\"font-size: 12pt;\">Guia Orientador para o Enfrentamento da Pandemia Covid-19 na Rede de Aten\u00e7\u00e3o \u00e0 Sa\u00fade, clique <a href=\"https:\/\/www.conass.org.br\/wp-content\/uploads\/2020\/05\/Instrumento-Orientador-Conass-Conasems.pdf\" target=\"_blank\" rel=\"noopener\"><span style=\"text-decoration: underline;\"><span style=\"color: #ff0000; text-decoration: underline;\">aqui.<\/span><\/span><\/a><\/span><\/p>\n<ul style=\"list-style-type: circle;\">\n<li><strong><span style=\"font-size: 12pt;\">Documento disponibilizado pela Rede de Pesquisa em Processo de Enfermagem (RePPE)<\/span><\/strong><\/li>\n<\/ul>\n<p><span style=\"font-size: 12pt;\">Diagn\u00f3sticos, Resultados e Interven\u00e7\u00f5es de Enfermagem para Atendimento \u00e0 Comunidade na Pandemia da COVID-19, acesse <a href=\"http:\/\/www.coren-pi.com.br\/wp-content\/uploads\/2020\/04\/comunidade_RePPE.pdf\" target=\"_blank\" rel=\"noopener\"><span style=\"text-decoration: underline;\"><span style=\"color: #ff0000; text-decoration: underline;\">aqui.<\/span><\/span><\/a><\/span><\/p>\n<ul style=\"list-style-type: circle;\">\n<li><span style=\"font-size: 12pt;\"><strong>Documentos disponibilizados pelo Minist\u00e9rio da Sa\u00fade<\/strong><\/span><\/li>\n<\/ul>\n<p><span style=\"font-size: 12pt;\">Orienta\u00e7\u00f5es para Manejo de Pacientes com COVID-19, clique <a href=\"https:\/\/portalarquivos.saude.gov.br\/images\/pdf\/2020\/June\/18\/Covid19-Orientac--o--esManejoPacientes.pdf\" target=\"_blank\" rel=\"noopener\"><span style=\"color: #ff0000;\"><span style=\"text-decoration: underline;\">aqui<\/span>.<\/span><\/a><\/span><\/p>\n<p><span style=\"font-size: 12pt;\" data-sheets-value=\"{&quot;1&quot;:2,&quot;2&quot;:&quot;Avalia\u00e7\u00e3o e manejo de sintomas prolongados de COVID-19&quot;}\" data-sheets-userformat=\"{&quot;2&quot;:515,&quot;3&quot;:{&quot;1&quot;:0},&quot;4&quot;:[null,2,16777215],&quot;12&quot;:0}\">Avalia\u00e7\u00e3o e Manejo de Sintomas Prolongados de COVID-19, clique <a href=\"https:\/\/www.ufrgs.br\/telessauders\/documentos\/Avaliacao_e_manejo_de_sintomas_prolongados_covid.pdf\" target=\"_blank\" rel=\"noopener\"><span style=\"color: #ff0000;\"><span style=\"text-decoration: underline;\">aqui<\/span>.<\/span><\/a><\/span><\/p>\n<p><span style=\"font-size: 12pt;\">Protocolo de Tratamento do Novo Coronav\u00edrus (2019-nCoV), clique <a href=\"https:\/\/portalarquivos2.saude.gov.br\/images\/pdf\/2020\/fevereiro\/05\/Protocolo-de-manejo-clinico-para-o-novo-coronavirus-2019-ncov.pdf\" target=\"_blank\" rel=\"noopener\"><span style=\"color: #ff0000;\"><span style=\"text-decoration: underline;\">aqui<\/span>.<\/span><\/a><\/span><\/p>\n<p><span style=\"font-size: 12pt;\">Acur\u00e1cia dos Testes Diagn\u00f3sticos Registrados na ANVISA para a COVID-19, clique <a href=\"https:\/\/portalarquivos2.saude.gov.br\/images\/pdf\/2020\/June\/02\/AcuraciaDiagnostico-COVID19-atualizacaoC.pdf\" target=\"_blank\" rel=\"noopener\"><span style=\"color: #ff0000;\"><span style=\"text-decoration: underline;\">aqui<\/span>.<\/span><\/a><\/span><\/p>\n<p><span style=\"font-size: 12pt;\"><span style=\"font-family: 'Open Sans', sans-serif; font-style: normal; font-weight: 400; font-size: 16px;\">Cuidados no Ambiente de Assist\u00eancia Hospitalar ao Paciente com Suspeita ou Diagn\u00f3stico de Covid-19, acesse clicando\u00a0<\/span><a style=\"font-family: 'Open Sans', sans-serif; font-style: normal; font-weight: 400; font-size: 16px;\" href=\"https:\/\/portalarquivos.saude.gov.br\/images\/pdf\/2020\/May\/12\/Cuidados-COVID-MS-05-05-2020.pdf\" target=\"_blank\" rel=\"noopener\"><span style=\"text-decoration: underline; color: #ff0000;\">aqui<\/span>.<\/a><span style=\"font-family: 'Open Sans', sans-serif; font-style: normal; font-weight: 400; font-size: 16px;\">\u00a0<\/span><\/span><\/p>\n<p><span style=\"font-size: 12pt;\">Diretrizes para Diagn\u00f3stico e Tratamento da COVID-19 - Vers\u00e3o 4, acesse <a href=\"https:\/\/portaldeboaspraticas.iff.fiocruz.br\/atencao-mulher\/diretrizes-para-diagnostico-e-tratamento-da-covid-19-ms\/\" target=\"_blank\" rel=\"noopener\"><span style=\"text-decoration: underline; color: #ff0000;\">aqui.<\/span><\/a><\/span><\/p>\n<p><span style=\"font-size: 12pt;\">Guia de Vigil\u00e2ncia Epidemiol\u00f3gica - Emerg\u00eancia de Sa\u00fade P\u00fablica de Import\u00e2ncia Nacional pela Doen\u00e7a pelo Coronav\u00edrus 2019, acesse clicando <a href=\"https:\/\/portaldeboaspraticas.iff.fiocruz.br\/biblioteca\/guia-de-vigilancia-epidemiologica-emergencia-de-saude-publica-de-importancia-nacional\/\" target=\"_blank\" rel=\"noopener\"><span style=\"text-decoration: underline; color: #ff0000;\">aqui<\/span>.<\/a>\u00a0<\/span><\/p>\n<p><span style=\"font-size: 12pt;\">Protocolo de Manejo Cl\u00ednico da COVID-19 na Aten\u00e7\u00e3o Prim\u00e1ria \u00e0 Sa\u00fade - Vers\u00e3o 9, fa\u00e7a download clicando <a href=\"https:\/\/portaldeboaspraticas.iff.fiocruz.br\/biblioteca\/protocolo-de-manejo-clinico-do-coronavirus-covid-19-na-atencao-primaria-a-saude\/\" target=\"_blank\" rel=\"noopener\"><span style=\"text-decoration: underline;\"><span style=\"color: #ff0000; text-decoration: underline;\">aqui<\/span><\/span><\/a>.\u00a0<\/span><\/p>\n<p><span style=\"font-size: 12pt;\">Protocolo de Manejo Cl\u00ednico da Covid-19 na Aten\u00e7\u00e3o Especializada, acesse clicando <a href=\"https:\/\/portalarquivos.saude.gov.br\/images\/pdf\/2020\/April\/14\/Protocolo-de-Manejo-Cl--nico-para-o-Covid-19.pdf\" target=\"_blank\" rel=\"noopener\"><span style=\"text-decoration: underline; color: #ff0000;\">aqui<\/span>.<\/a>\u00a0\u00a0<\/span><\/p>\n<ul style=\"list-style-type: circle;\">\n<li><strong><span style=\"font-size: 12pt;\">Documentos disponibilizados pela Organiza\u00e7\u00e3o Pan-Americana da Sa\u00fade (OPAS)<\/span><\/strong><\/li>\n<\/ul>\n<p><span style=\"font-size: 12pt;\">Tuberculose e COVID-19: o que os profissionais da <\/span><span style=\"font-size: 12pt;\">sa\u00fade e as autoridades devem saber, acesse <a href=\"https:\/\/opascovid.campusvirtualsp.org\/sites\/opascovid.campusvirtualsp.org\/files\/tuberculose_e_covid.pdf\" target=\"_blank\" rel=\"noopener\"><span style=\"color: #ff0000;\"><span style=\"text-decoration: underline;\">aqui<\/span>.<\/span><\/a><\/span><\/p>\n<p><span style=\"font-size: 12pt;\">Exames laboratoriais para a Doen\u00e7a Causada pelo Novo Coronav\u00edrus (COVID-19) de Casos Suspeitos em Humanos, clique <a href=\"https:\/\/iris.paho.org\/bitstream\/handle\/10665.2\/51966\/OPASBRACOVID1920020_por.pdf?sequence=1&amp;isAllowed=y\" target=\"_blank\" rel=\"noopener\"><span style=\"color: #ff0000;\"><span style=\"text-decoration: underline;\">aqui<\/span>.<\/span><\/a><\/span><\/p>\n<p><span style=\"font-size: 12pt;\">Atendimento Domiciliar para Pacientes com Suspeita ou C<\/span><span style=\"font-size: 12pt;\">onfirma\u00e7\u00e3o de COVID-19 e Gerenciamento de seus Contatos, acesse <a href=\"https:\/\/iris.paho.org\/bitstream\/handle\/10665.2\/52615\/OPASWBRACOVID-1920102_por.pdf?sequence=1&amp;isAllowed=y\" target=\"_blank\" rel=\"noopener\"><span style=\"color: #ff0000;\"><span style=\"text-decoration: underline;\">aqui<\/span>.<\/span><\/a><\/span><\/p>\n<p><span style=\"font-size: 12pt;\">Manejo Cl\u00ednico da COVID-19, clique <a href=\"https:\/\/iris.paho.org\/bitstream\/handle\/10665.2\/52285\/OPASWBRACOVID-1920075_por.pdf?sequence=1&amp;isAllowed=y\" target=\"_blank\" rel=\"noopener\"><span style=\"color: #ff0000;\"><span style=\"text-decoration: underline;\">aqui<\/span>.<\/span><\/a><\/span><\/p>\n<p><span style=\"font-size: 12pt;\">Cuidados Iniciais de Pessoas com Infec\u00e7\u00e3o Respirat\u00f3ria Aguda (IRA) no Contexto da Doen\u00e7a do Coronav\u00edrus (COVID-19) em Estabelecimentos de Sa\u00fade: Avaliar o risco, Isolar e Encaminhar, clique <a href=\"https:\/\/iris.paho.org\/bitstream\/handle\/10665.2\/52180\/OPASBRAPHEIHMCOVID1920004_por.pdf?sequence=1&amp;isAllowed=y\" target=\"_blank\" rel=\"noopener\"><span style=\"color: #ff0000;\"><span style=\"text-decoration: underline;\">aqui<\/span>.<\/span><\/a><\/span><\/p>\n<p><span style=\"font-size: 12pt;\">Atendimento Domiciliar para Pacientes com Suspeita ou Confirma\u00e7\u00e3o de COVID-19 e Gerenciamento de seus Contatos, clique <a href=\"file:\/\/\/C:\/Users\/user\/Downloads\/OPASWBRACOVID-1920102_por.pdf\" target=\"_blank\" rel=\"noopener\"><span style=\"text-decoration: underline;\"><span style=\"color: #ff0000; text-decoration: underline;\">aqui.<\/span><\/span><\/a>\u00a0<\/span><\/p>\n<p><span style=\"font-size: 12pt;\">Atendimento Domiciliar para Pacientes com COVID-19 que Apresentam Sintomas Leves e Manejo de seus Contatos, clique <a href=\"https:\/\/iris.paho.org\/bitstream\/handle\/10665.2\/52017\/OPASBRACOVID1920044_por.pdf?sequence=1&amp;isAllowed=y\" target=\"_blank\" rel=\"noopener\"><span style=\"text-decoration: underline;\"><span style=\"color: #ff0000; text-decoration: underline;\">aqui.<\/span><\/span><\/a><\/span><\/p>\n<p><span style=\"font-size: 12pt;\">Crit\u00e9rios para Alta de Pacientes com COVID-19 do Isolamento, acesse <a href=\"https:\/\/iris.paho.org\/bitstream\/handle\/10665.2\/52318\/OPASWBRACOVID-1920080_por.pdf?sequence=1&amp;isAllowed=y\" target=\"_blank\" rel=\"noopener\"><span style=\"text-decoration: underline;\"><span style=\"color: #ff0000; text-decoration: underline;\">aqui.<\/span><\/span><\/a>\u00a0<\/span><\/p>\n<p><span style=\"font-size: 12pt;\">O Programa de Imuniza\u00e7\u00e3o no Contexto da Pandemia de COVID 19, acesse clicando <a href=\"https:\/\/iris.paho.org\/bitstream\/handle\/10665.2\/51984\/OPASBRACOVID1920036_por.pdf?sequence=1&amp;isAllowed=y\" target=\"_blank\" rel=\"noopener\"><span style=\"text-decoration-line: underline;\"><span style=\"color: #ff0000;\">aqui<\/span><\/span><\/a>.\u00a0<\/span><\/p>\n<ul style=\"list-style-type: circle;\">\n<li><span style=\"font-size: 12pt;\"><strong>Documentos disponibilizados pela Ag\u00eancia Nacional de Vigil\u00e2ncia Sanit\u00e1ria (ANVISA)<\/strong><\/span><\/li>\n<\/ul>\n<p><span style=\"font-size: 12pt;\">Nota T\u00e9cnica n\u00ba 04\/2020 - Orienta\u00e7\u00f5es para Servi\u00e7os de Sa\u00fade: Medidas de Preven\u00e7\u00e3o e Controle que Devem ser Adotadas durante a Assist\u00eancia aos Casos Suspeitos ou Confirmados de Infec\u00e7\u00e3o pelo Novo Coronav\u00edrus (COVID-19) atualizada em 31\/03\/2020, clique <a href=\"file:\/\/\/C:\/Users\/user\/Downloads\/NOTA_TECNICA_GVIMS_GGTES_ANVISA_04_2020_31_03_2020.pdf\" target=\"_blank\" rel=\"noopener\"><span style=\"color: #ff0000;\"><span style=\"text-decoration-line: underline;\">aqui<\/span>.<\/span><\/a><\/span><\/p>\n<p><span style=\"font-size: 12pt;\">Testes para Covid-19: perguntas e respostas, clique <a href=\"http:\/\/portal.anvisa.gov.br\/documents\/219201\/4340788\/Perguntas+e+respostas+-+testes+para+Covid-19.pdf\/9fe182c3-859b-475f-ac9f-7d2a758e48e7\" target=\"_blank\" rel=\"noopener\"><span style=\"text-decoration: underline;\"><span style=\"color: #ff0000; text-decoration: underline;\">aqui<\/span><\/span>.<\/a>\u00a0<\/span><\/p>\n<ul style=\"list-style-type: circle;\">\n<li><span style=\"font-size: 12pt;\"><strong>Orienta\u00e7\u00f5es e recomenda\u00e7\u00f5es da Prefeitura de Belo Horizonte - MG (PBH)<\/strong><\/span><\/li>\n<\/ul>\n<p><span style=\"font-size: 12pt;\" data-sheets-value=\"{&quot;1&quot;:2,&quot;2&quot;:&quot;ATENDIMENTO AOS PACIENTES COM S\u00cdNDROME GRIPAL (SG) E S\u00cdNDROME RESPIRAT\u00d3RIA AGUDA GRAVE (SRAG) \u2013 \u00caNFASE EM COVID-19&quot;}\" data-sheets-userformat=\"{&quot;2&quot;:513,&quot;3&quot;:{&quot;1&quot;:0},&quot;12&quot;:0}\">Atendimento aos Pacientes com S\u00edndrome Gripal (SG) e S\u00edndrome Respirat\u00f3ria Aguda Grave (SRAG) \u2013 \u00canfase em COVID-19, vers\u00e3o 1, clique <a href=\"https:\/\/prefeitura.pbh.gov.br\/sites\/default\/files\/estrutura-de-governo\/saude\/2020\/protocolo_atendimento_pacientes_sg_srag-covid-19-14-07-2020-1.pdf\" target=\"_blank\" rel=\"noopener\"><span style=\"text-decoration: underline;\"><span style=\"color: #ff0000; text-decoration: underline;\">aqui.<\/span><\/span><\/a><\/span><\/p>\n<p><span style=\"font-size: 12pt;\">Nota T\u00e9cnica n\u00ba 6\/2020 - Orienta\u00e7\u00f5es para Vigil\u00e2ncia Epidemiol\u00f3gica do COVID-19 no Munic\u00edpio de Belo Horizonte, acesse clicando <a href=\"https:\/\/prefeitura.pbh.gov.br\/sites\/default\/files\/estrutura-de-governo\/saude\/2020\/nota-tecnica-covid-19-n006_2020-atualizada-08-04-2020.pdf\" target=\"_blank\" rel=\"noopener\"><span style=\"text-decoration: underline;\"><span style=\"color: #ff0000; text-decoration: underline;\">aqui<\/span><\/span><\/a>.\u00a0<\/span><\/p>\n<p><span style=\"font-size: 12pt;\">Nota T\u00e9cnica n\u00ba 7\/2020 - Recomenda\u00e7\u00f5es para Adequa\u00e7\u00e3o das Atividades Desenvolvidas na Aten\u00e7\u00e3o Prim\u00e1ria \u00e0 Sa\u00fade em Situa\u00e7\u00e3o de Surtos\/Epidemias de S\u00edndrome Gripal e Infec\u00e7\u00e3o pelo SARS\u2013CoV-2, acesse clicando <a href=\"https:\/\/prefeitura.pbh.gov.br\/sites\/default\/files\/estrutura-de-governo\/saude\/2020\/nota-tecnica-covid-19-n007_2020-atualiz-04052020.pdf\" target=\"_blank\" rel=\"noopener\"><span style=\"text-decoration: underline;\"><span style=\"color: #ff0000; text-decoration: underline;\">aqui<\/span><\/span>.<\/a>\u00a0<\/span><\/p>\n<ul style=\"list-style-type: circle;\">\n<li><span style=\"font-size: 12pt;\"><strong>Fluxos e <em>Fast Track<\/em> para Aten\u00e7\u00e3o Prim\u00e1ria \u00e0 Sa\u00fade: Minist\u00e9rio da Sa\u00fade e PBH<\/strong><\/span><\/li>\n<\/ul>\n<p style=\"text-align: left;\"><span style=\"font-size: 12pt;\"><span style=\"font-family: 'Open Sans', sans-serif; font-style: normal; font-weight: 400; font-size: 16px;\">Fluxograma de Manejo Cl\u00ednico na Aten\u00e7\u00e3o Prim\u00e1ria \u00e0 Sa\u00fade em Transmiss\u00e3o Comunit\u00e1ria<\/span> - Vers\u00e3o 9, clique <a href=\"https:\/\/www.conasems.org.br\/wp-content\/uploads\/2020\/03\/2020030_Fluxograma_ver06_Final.pdf\" target=\"_blank\" rel=\"noopener\"><span style=\"text-decoration: underline;\"><span style=\"color: #ff0000; text-decoration: underline;\">aqui.<\/span><\/span><\/a><\/span><\/p>\n<p><a href=\"http:\/\/189.28.128.100\/dab\/docs\/portaldab\/documentos\/20200504_FAST_TRACK_ver09.pdf\" target=\"_blank\" rel=\"noopener\"><img decoding=\"async\" loading=\"lazy\" class=\"alignnone size-full wp-image-74\" src=\"https:\/\/sites.enf.ufmg.br\/internato-enfermagem-aps\/wp-content\/uploads\/2020\/06\/man2_1.png\" alt=\"\" width=\"273\" height=\"373\" srcset=\"https:\/\/sites.enf.ufmg.br\/internato-enfermagem-aps\/wp-content\/uploads\/2020\/06\/man2_1.png 273w, https:\/\/sites.enf.ufmg.br\/internato-enfermagem-aps\/wp-content\/uploads\/2020\/06\/man2_1-220x300.png 220w, https:\/\/sites.enf.ufmg.br\/internato-enfermagem-aps\/wp-content\/uploads\/2020\/06\/man2_1-1x1.png 1w\" sizes=\"(max-width: 273px) 100vw, 273px\" \/><\/a><a href=\"http:\/\/internato-enf-aps-org.umbler.net\/wp-content\/uploads\/2020\/05\/man2_2-207x300.png\" target=\"_blank\" rel=\"noopener\"><img decoding=\"async\" loading=\"lazy\" class=\"alignnone size-full wp-image-75\" src=\"https:\/\/sites.enf.ufmg.br\/internato-enfermagem-aps\/wp-content\/uploads\/2020\/06\/man2_2.png\" alt=\"\" width=\"259\" height=\"375\" srcset=\"https:\/\/sites.enf.ufmg.br\/internato-enfermagem-aps\/wp-content\/uploads\/2020\/06\/man2_2.png 259w, https:\/\/sites.enf.ufmg.br\/internato-enfermagem-aps\/wp-content\/uploads\/2020\/06\/man2_2-207x300.png 207w, https:\/\/sites.enf.ufmg.br\/internato-enfermagem-aps\/wp-content\/uploads\/2020\/06\/man2_2-1x1.png 1w\" sizes=\"(max-width: 259px) 100vw, 259px\" \/><\/a><\/p>\n<p><span style=\"font-size: 12pt;\"><em>Fast-track<\/em> para a Aten\u00e7\u00e3o Prim\u00e1ria em Locais com Transmiss\u00e3o Comunit\u00e1ria - Fluxo R\u00e1pido -\u00a0Vers\u00e3o 9, clique <a href=\"https:\/\/portaldeboaspraticas.iff.fiocruz.br\/biblioteca\/fast-track-para-a-aps-em-locais-com-transmissao-comunitaria-guia-de-bolso\/\" target=\"_blank\" rel=\"noopener\"><span style=\"text-decoration: underline;\"><span style=\"color: #ff0000; text-decoration: underline;\">aqui.\u00a0<\/span><\/span><\/a><\/span><\/p>\n<p><a href=\"https:\/\/portalarquivos.saude.gov.br\/images\/pdf\/2020\/April\/22\/20200422-Formul--rio-Identifica----oTeleatendimento-008.pdf\" target=\"_blank\" rel=\"noopener\"><img decoding=\"async\" loading=\"lazy\" class=\"alignnone size-full wp-image-76\" src=\"https:\/\/sites.enf.ufmg.br\/internato-enfermagem-aps\/wp-content\/uploads\/2020\/06\/man3.png\" alt=\"\" width=\"274\" height=\"376\" srcset=\"https:\/\/sites.enf.ufmg.br\/internato-enfermagem-aps\/wp-content\/uploads\/2020\/06\/man3.png 274w, https:\/\/sites.enf.ufmg.br\/internato-enfermagem-aps\/wp-content\/uploads\/2020\/06\/man3-219x300.png 219w, https:\/\/sites.enf.ufmg.br\/internato-enfermagem-aps\/wp-content\/uploads\/2020\/06\/man3-1x1.png 1w\" sizes=\"(max-width: 274px) 100vw, 274px\" \/><\/a><\/p>\n<p><span style=\"font-size: 12pt;\">Formul\u00e1rio de Identifica\u00e7\u00e3o e Acompanhamento por Meio de Teleatendimento de Pacientes com S\u00edndrome Gripal, acesse <a href=\"https:\/\/www.conasems.org.br\/wp-content\/uploads\/2020\/03\/20200323_Formulario_IdentificacaoTeleatendimento_001.pdf\" target=\"_blank\" rel=\"noopener\"><span style=\"text-decoration: underline;\"><span style=\"color: #ff0000; text-decoration: underline;\">aqui.<\/span><\/span><\/a><\/span><\/p>\n<p><a href=\"https:\/\/prefeitura.pbh.gov.br\/sites\/default\/files\/estrutura-de-governo\/saude\/fluxo-covid-19-n004_2020.pdf\" target=\"_blank\" rel=\"noopener\"><img decoding=\"async\" loading=\"lazy\" class=\"alignnone size-full wp-image-77\" src=\"https:\/\/sites.enf.ufmg.br\/internato-enfermagem-aps\/wp-content\/uploads\/2020\/06\/man4.png\" alt=\"\" width=\"267\" height=\"370\" srcset=\"https:\/\/sites.enf.ufmg.br\/internato-enfermagem-aps\/wp-content\/uploads\/2020\/06\/man4.png 267w, https:\/\/sites.enf.ufmg.br\/internato-enfermagem-aps\/wp-content\/uploads\/2020\/06\/man4-216x300.png 216w, https:\/\/sites.enf.ufmg.br\/internato-enfermagem-aps\/wp-content\/uploads\/2020\/06\/man4-1x1.png 1w\" sizes=\"(max-width: 267px) 100vw, 267px\" \/><\/a><\/p>\n<p><span style=\"font-size: 12pt;\">Fluxo COVID-19 n\u00ba 004\/2020 - Belo Horizonte, clique <a href=\"https:\/\/prefeitura.pbh.gov.br\/sites\/default\/files\/estrutura-de-governo\/saude\/fluxo-covid-19-n004_2020.pdf\" target=\"_blank\" rel=\"noopener\"><span style=\"text-decoration: underline;\"><span style=\"color: #ff0000; text-decoration: underline;\">aqui.<\/span><\/span><\/a><\/span><\/p>\n<ul style=\"list-style-type: circle;\">\n<li><strong><span style=\"font-size: 12pt;\">V\u00eddeoaulas:<\/span><\/strong><\/li>\n<\/ul>\n<p><span style=\"font-size: 12pt;\">- V\u00eddeo sobre Instru\u00e7\u00f5es de uso do Teste R\u00e1pido, veja o v\u00eddeo <a href=\"https:\/\/portalarquivos.saude.gov.br\/images\/mp4\/2020\/April\/18\/Teste-rapido-SARS-CoV-2-.mp4\" target=\"_blank\" rel=\"noopener\"><span style=\"text-decoration: underline;\"><span style=\"color: #ff0000; text-decoration: underline;\">aqui<\/span><\/span>.<\/a>\u00a0<\/span><\/p>\n<ul>\n<li><span style=\"font-size: 12pt;\">S\u00edndromes Respirat\u00f3rias Associadas ao Coronav\u00edrus \u2013 Dr. Una\u00ed Tupinamb\u00e1s<\/span><\/li>\n<\/ul>\n<p><iframe title=\"Webaula - S\u00edndromes Respirat\u00f3rias Associadas ao Coronav\u00edrus\" width=\"654\" height=\"368\" src=\"https:\/\/www.youtube.com\/embed\/dm5mGC5UZFc?feature=oembed\" frameborder=\"0\" allow=\"accelerometer; autoplay; clipboard-write; encrypted-media; gyroscope; picture-in-picture\" allowfullscreen><\/iframe><\/p>\n<ul>\n<li><span style=\"font-size: 12pt;\">Covid-19 (SARS-COV2) - Onde Estamos? \u2013 Dr. Una\u00ed Tupinamb\u00e1s<\/span><\/li>\n<\/ul>\n<p><iframe title=\"COVID-19 (SARS-CoV2)\" width=\"654\" height=\"368\" src=\"https:\/\/www.youtube.com\/embed\/dQqj5XSAmTw?feature=oembed\" frameborder=\"0\" allow=\"accelerometer; autoplay; clipboard-write; encrypted-media; gyroscope; picture-in-picture\" allowfullscreen><\/iframe><\/p>\n<ul>\n<li><span style=\"font-size: 12pt;\">S\u00edndrome Gripal na Aten\u00e7\u00e3o Prim\u00e1ria \u00e0 Sa\u00fade no Contexto de Pandemia do Novo Coronav\u00edrus<\/span><\/li>\n<\/ul>\n<p><iframe title=\"COVID-19 - S\u00edndrome Gripal na Aten\u00e7\u00e3o Prim\u00e1ria \u00e0 Sa\u00fade no Contexto de Pandemia do Novo Coronav\u00edrus\" width=\"654\" height=\"368\" src=\"https:\/\/www.youtube.com\/embed\/cKAZoGYmnVE?feature=oembed\" frameborder=\"0\" allow=\"accelerometer; autoplay; clipboard-write; encrypted-media; gyroscope; picture-in-picture\" allowfullscreen><\/iframe><\/p>\n<\/div>\n<\/div><\/div><\/div><\/div><\/div>","protected":false},"excerpt":{"rendered":"<p>Documento disponibilizado pela Secretaria de Estado da Sa\u00fade de Santa Catarina Manual de Orienta\u00e7\u00f5es da COVID-19 (v\u00edrus SARS-CoV-2), clique aqui. Documentos disponibilizados pela Sociedade Brasileira de Medicina de Fam\u00edlia e Comunidade (SBMFC) Recomenda\u00e7\u00f5es da SBMFC para a APS durante a Pandemia de COVID-19, clique aqui. Perguntas e Respostas: Orienta\u00e7\u00f5es sobre a Epidemia de Coronav\u00edrus (COVID-19) [&hellip;]<\/p>\n","protected":false},"author":1,"featured_media":0,"parent":113,"menu_order":0,"comment_status":"closed","ping_status":"closed","template":"","meta":{"footnotes":""},"jetpack_sharing_enabled":true,"_links":{"self":[{"href":"https:\/\/sites.enf.ufmg.br\/internato-enfermagem-aps\/wp-json\/wp\/v2\/pages\/142"}],"collection":[{"href":"https:\/\/sites.enf.ufmg.br\/internato-enfermagem-aps\/wp-json\/wp\/v2\/pages"}],"about":[{"href":"https:\/\/sites.enf.ufmg.br\/internato-enfermagem-aps\/wp-json\/wp\/v2\/types\/page"}],"author":[{"embeddable":true,"href":"https:\/\/sites.enf.ufmg.br\/internato-enfermagem-aps\/wp-json\/wp\/v2\/users\/1"}],"replies":[{"embeddable":true,"href":"https:\/\/sites.enf.ufmg.br\/internato-enfermagem-aps\/wp-json\/wp\/v2\/comments?post=142"}],"version-history":[{"count":47,"href":"https:\/\/sites.enf.ufmg.br\/internato-enfermagem-aps\/wp-json\/wp\/v2\/pages\/142\/revisions"}],"predecessor-version":[{"id":1055,"href":"https:\/\/sites.enf.ufmg.br\/internato-enfermagem-aps\/wp-json\/wp\/v2\/pages\/142\/revisions\/1055"}],"up":[{"embeddable":true,"href":"https:\/\/sites.enf.ufmg.br\/internato-enfermagem-aps\/wp-json\/wp\/v2\/pages\/113"}],"wp:attachment":[{"href":"https:\/\/sites.enf.ufmg.br\/internato-enfermagem-aps\/wp-json\/wp\/v2\/media?parent=142"}],"curies":[{"name":"wp","href":"https:\/\/api.w.org\/{rel}","templated":true}]}}