{"id":150,"date":"2020-06-25T15:29:34","date_gmt":"2020-06-25T18:29:34","guid":{"rendered":"https:\/\/sites.enf.ufmg.br\/internato-enfermagem-aps\/?page_id=150"},"modified":"2021-04-09T09:54:17","modified_gmt":"2021-04-09T12:54:17","slug":"covid-19-na-aps","status":"publish","type":"page","link":"https:\/\/sites.enf.ufmg.br\/internato-enfermagem-aps\/covid-19-na-aps\/","title":{"rendered":"COVID-19 na APS"},"content":{"rendered":"<div id=\"pl-150\"  class=\"panel-layout\" ><div id=\"pg-150-0\"  class=\"panel-grid panel-no-style\" ><div id=\"pgc-150-0-0\"  class=\"panel-grid-cell\" ><div id=\"panel-150-0-0-0\" class=\"so-panel widget widget_sow-editor panel-first-child panel-last-child\" data-index=\"0\" ><div\n\t\t\t\n\t\t\tclass=\"so-widget-sow-editor so-widget-sow-editor-base\"\n\t\t\t\n\t\t>\n<div class=\"siteorigin-widget-tinymce textwidget\">\n\t<p style=\"text-align: justify;\"><span style=\"font-size: 12pt;\">A disciplina Est\u00e1gio Curricular: Aten\u00e7\u00e3o Prim\u00e1ria \u00e0 Sa\u00fade da Escola de Enfermagem da UFMG tem o objetivo de contribuir para a reorganiza\u00e7\u00e3o dos servi\u00e7os de sa\u00fade onde a disciplina \u00e9 desenvolvida, tendo como refer\u00eancia os pressupostos constitucionais do Sistema \u00danico de Sa\u00fade (SUS) que est\u00e3o em processo de implementa\u00e7\u00e3o, integrando ensino, extens\u00e3o e pesquisa.<\/span><\/p>\n<p style=\"text-align: justify;\"><span style=\"font-size: 12pt;\">O quadro atual da pandemia COVID-19 impacta na demanda assistencial de sa\u00fade dos munic\u00edpios e implicam na reorganiza\u00e7\u00e3o do trabalho na Aten\u00e7\u00e3o Prim\u00e1ria \u00e0 Sa\u00fade (APS) e imp\u00f5e uma dupla demanda para o campo da sa\u00fade: em primeiro lugar determina a revis\u00e3o dos conhecimentos na sa\u00fade coletiva, com as suas ramifica\u00e7\u00f5es na epidemiologia, gest\u00e3o e cl\u00ednica, aliada \u00e0 concep\u00e7\u00e3o de processos formativos intensos e \u00e1geis, diante da velocidade da evolu\u00e7\u00e3o do perfil da pandemia, considerando a abundante produ\u00e7\u00e3o e propaga\u00e7\u00e3o das informa\u00e7\u00f5es e orienta\u00e7\u00f5es sobre o tema.<\/span><\/p>\n<p style=\"text-align: justify;\"><span style=\"font-size: 12pt;\">A segunda demanda relaciona-se com a capacidade de planejar, programar e desenvolver a\u00e7\u00f5es de preven\u00e7\u00e3o, controle e assist\u00eancia de forma \u00e1gil, resolutiva, eficaz e eficiente. Entende-se que as Equipes de Sa\u00fade da Fam\u00edlia (ESF), al\u00e9m de reestruturar e atualizar sua base te\u00f3rico-pr\u00e1tica, devem incorporar agilidade aos processos. Soma-se a este cen\u00e1rio o quadro de precariedade de recursos f\u00edsicos, insumos e a insufici\u00eancia dos recursos humanos. In\u00fameras dificuldades podem se apresentar para que os servi\u00e7os de sa\u00fade, notadamente os da APS, possam se organizar para satisfazer essa dupla demanda.<\/span><\/p>\n<p style=\"text-align: justify;\"><span style=\"font-size: 12pt;\">A Universidade pode contribuir com as ESF para que estas estruturem seus conhecimentos sobre a pandemia COVID-19, ampliem a sua capacidade anal\u00edtica das situa\u00e7\u00f5es geradas nos diferentes contextos criados pela situa\u00e7\u00e3o epid\u00eamica para informar, agilizar e adequar os processos de tomada de decis\u00e3o. Nesta perspectiva, o grupo de professores da disciplina Est\u00e1gio Curricular na APS, prop\u00f5e este Projeto de extens\u00e3o com a finalidade principal de apoiar as ESF e munic\u00edpios vinculados ao seu programa de ensino.<\/span><\/p>\n<p style=\"text-align: justify;\"><span style=\"font-size: 12pt;\">Contudo, as a\u00e7\u00f5es derivadas da necessidade do controle da pandemia levaram ao afastamento dos estudantes da disciplina dos seus campos de pr\u00e1tica, comprometendo, de certa maneira, a vincula\u00e7\u00e3o entre a Universidade e os servi\u00e7os de sa\u00fade. Este desafio para ser superado exige que os professores revisem seus processos de trabalho junto \u00e0s ESF e gestores. A a\u00e7\u00e3o de extens\u00e3o \u00e9 uma oportunidade de desenvolver novas metodologias que permitam viabilizar as contribui\u00e7\u00f5es da Universidade junto aos servi\u00e7os, ao mesmo tempo em que viabiliza a reorganiza\u00e7\u00e3o e\/ou o desenvolvimento de novas pr\u00e1ticas de intera\u00e7\u00e3o e educa\u00e7\u00e3o utilizando as tecnologias digitais que permitam o trabalho remoto.<\/span><\/p>\n<p style=\"text-align: justify;\"><span style=\"font-size: 12pt;\">Do ponto de vista da P\u00f3s-gradua\u00e7\u00e3o, a participa\u00e7\u00e3o na execu\u00e7\u00e3o do projeto representa uma oportunidade de contribui\u00e7\u00e3o do Programa na melhoria e inova\u00e7\u00e3o nos servi\u00e7os de sa\u00fade, na gest\u00e3o sanit\u00e1ria, na gera\u00e7\u00e3o e transfer\u00eancia de tecnologias e dissemina\u00e7\u00e3o de t\u00e9cnicas e conhecimentos. Todos estes elementos conferem qualidade \u00e0 forma\u00e7\u00e3o na P\u00f3s-gradua\u00e7\u00e3o associada \u00e0 oportunidade de integrar-se \u00e0 gradua\u00e7\u00e3o para apoiar a\u00e7\u00f5es que agreguem conhecimentos ao processo formativo em ambos os n\u00edveis, al\u00e9m de contribuir com os servi\u00e7os de Sa\u00fade.<\/span><\/p>\n<p style=\"text-align: justify;\"><span style=\"font-size: 12pt;\">Ademais, alinha-se \u00e0 trajet\u00f3ria do Programa de P\u00f3s-gradua\u00e7\u00e3o em Enfermagem que apresenta, ao longo dos seus 25 anos, experi\u00eancias de inser\u00e7\u00e3o social com expressiva gera\u00e7\u00e3o de produtos com impactos na defini\u00e7\u00e3o de pol\u00edticas, na organiza\u00e7\u00e3o do trabalho, na pr\u00e1tica assistencial ou gerencial, nas a\u00e7\u00f5es educacionais e na forma\u00e7\u00e3o de recursos humanos, incluindo a introdu\u00e7\u00e3o de tecnologias e das t\u00e9cnicas no fazer profissional.<\/span><\/p>\n<p><span style=\"font-size: 12pt;\">Nesse contexto, os alunos de gradua\u00e7\u00e3o e p\u00f3s-gradua\u00e7\u00e3o vinculados a este projeto ter\u00e3o a experi\u00eancia de integra\u00e7\u00e3o ensino-servi\u00e7o por meio de dispositivos remotos no contexto da pandemia, mantendo discuss\u00f5es peri\u00f3dicas junto aos docentes, gestores municipais e profissionais da APS envolvidos. Este v\u00ednculo configura-se, portanto, como oportunidade de aprendizado e de fortalecimento da contribui\u00e7\u00e3o social e comunit\u00e1ria da Universidade.\"<\/span><\/p>\n<table style=\"height: 10px; width: 99.8929%; border-color: #ad2121; border-style: solid; background-color: #ffffff;\">\n<tbody>\n<tr style=\"height: 10px;\">\n<td style=\"width: 100%; border-style: solid; border-color: #c7c5c5; background-color: #faf8f5; height: 10px; text-align: center; vertical-align: middle;\"><span style=\"font-size: 14pt; color: #000000;\"><strong>APOIO \u00c0S EQUIPES DE SA\u00daDE DA FAM\u00cdLIA NO ENFRENTAMENTO DA EPIDEMIA DO COVID-19 POR MEIO DE DISPOSITIVOS REMOTOS<\/strong><\/span><\/td>\n<\/tr>\n<\/tbody>\n<\/table>\n<p><span style=\"font-size: 12pt;\">Com o objetivo de:<\/span><\/p>\n<table style=\"height: 30px; width: 99.7882%; border-color: #736f6f; border-style: solid; background-color: #ffffff;\">\n<tbody>\n<tr style=\"height: 30px;\">\n<td style=\"width: 100%; border-style: solid; border-color: #c7c5c5; background-color: #faf8f5; height: 30px; text-align: center; vertical-align: middle;\"><strong><span style=\"font-size: 12pt;\"><span style=\"color: #000000;\">Apoiar as Equipes de Sa\u00fade da Fam\u00edlia e munic\u00edpios vinculados ao seu programa de ensino\u00a0<\/span><\/span><\/strong><\/td>\n<\/tr>\n<\/tbody>\n<\/table>\n<p><span style=\"font-size: 12pt;\">Esse projeto ir\u00e1:<\/span><\/p>\n<table style=\"width: 100.188%; height: 365px;\">\n<tbody>\n<tr style=\"height: 365px;\">\n<td style=\"width: 100%; border-style: solid; border-color: #736f6f; background-color: #faf8f5; text-align: center; vertical-align: middle; height: 365px;\">\n<ol style=\"list-style-type: lower-alpha;\">\n<li style=\"text-align: left;\"><span style=\"color: #000000;\">Colaborar com as equipes de sa\u00fade da fam\u00edlia no desenvolvimento de pr\u00e1ticas de sa\u00fade e enfermagem atualizadas, oportunas e seguras para o enfrentamento da COVID-19;<\/span><\/li>\n<li style=\"text-align: left;\"><span style=\"color: #000000;\">Promover o compartilhamento das diferentes estrat\u00e9gias de trabalho desenvolvidas no campo da aten\u00e7\u00e3o prim\u00e1ria para o enfrentamento da epidemia, em n\u00edvel individual e coletivo;<\/span><\/li>\n<li style=\"text-align: left;\"><span style=\"color: #000000;\">Colaborar com as equipes de sa\u00fade da fam\u00edlia e gestores municipais no processo de avalia\u00e7\u00e3o das a\u00e7\u00f5es e de tomada de decis\u00e3o para o enfrentamento da epidemia;<\/span><\/li>\n<li style=\"text-align: left;\"><span style=\"color: #000000;\">Disponibilizar acesso dos profissionais de sa\u00fade a acervo t\u00e9cnico-cient\u00edfico para apoiar a pr\u00e1tica e a tomada de decis\u00e3o em sa\u00fade;<\/span><\/li>\n<li style=\"text-align: left;\"><span style=\"color: #000000;\">Colaborar com os munic\u00edpios na organiza\u00e7\u00e3o e ou aprimoramento da Sala de Situa\u00e7\u00e3o Epidemia COVID-19 \u2013 atualiza\u00e7\u00e3o permanente dos planos de conting\u00eancia considerando a din\u00e2mica da transmiss\u00e3o do coronav\u00edrus, atualiza\u00e7\u00e3o dos fluxos de atendimento, elabora\u00e7\u00e3o de boletins epidemiol\u00f3gicos e de estrat\u00e9gias de comunica\u00e7\u00e3o e educa\u00e7\u00e3o \u00e0 sa\u00fade \u00e0 popula\u00e7\u00e3o;<\/span><\/li>\n<li style=\"text-align: left;\"><span style=\"color: #000000;\">Realizar a avalia\u00e7\u00e3o epidemiol\u00f3gica peri\u00f3dica da incid\u00eancia de casos suspeitos e confirmados de COVID-19 nos munic\u00edpios na popula\u00e7\u00e3o geral e em grupos de risco;<\/span><\/li>\n<li style=\"text-align: left;\"><span style=\"color: #000000;\">Contribuir na elabora\u00e7\u00e3o de estrat\u00e9gias para o acompanhamento longitudinal dos casos suspeitos e confirmados de COVID-19 avaliando o impacto da doen\u00e7a em curto, m\u00e9dio e longo prazos.<\/span><\/li>\n<\/ol>\n<\/td>\n<\/tr>\n<\/tbody>\n<\/table>\n<p style=\"text-align: justify;\"><span style=\"font-size: 12pt;\">Foram considerados dispositivos remotos diversificados com a finalidade de auxiliar nas discuss\u00f5es e no apoio \u00e0 organiza\u00e7\u00e3o da Aten\u00e7\u00e3o Prim\u00e1ria \u00e0 Sa\u00fade dos munic\u00edpios parceiros no enfrentamento da COVID-19.<\/span><\/p>\n<p>&nbsp;<\/p>\n<p style=\"text-align: justify;\"><span style=\"font-size: 12pt;\"><strong>Contar\u00e1 com a participa\u00e7\u00e3o:<\/strong><\/span><\/p>\n<p style=\"text-align: justify;\"><span style=\"font-size: 12pt;\">Profissionais das Equipes de Sa\u00fade da Fam\u00edlia e Gestores (Secret\u00e1rios Municipais, Gerentes, Coordenadores da APS) dos munic\u00edpios vinculados ao programa e demais munic\u00edpios interessados em participar das a\u00e7\u00f5es desenvolvidas.<\/span><\/p>\n<p>&nbsp;<\/p>\n<p style=\"text-align: left;\"><span style=\"color: #e67a18; font-size: 12pt;\"><strong>MUNIC\u00cdPIOS PARTICIPANTES<\/strong><\/span><\/p>\n<ul>\n<li style=\"text-align: left;\">Belo Horizonte<\/li>\n<li style=\"text-align: left;\">Carm\u00e9sia<\/li>\n<li style=\"text-align: left;\">Concei\u00e7\u00e3o do Mato Dentro<\/li>\n<li style=\"text-align: left;\">Contagem<\/li>\n<li style=\"text-align: left;\">Dom Joaquim<\/li>\n<li style=\"text-align: left;\">Itabirito<\/li>\n<li style=\"text-align: left;\">Morro do Pilar<\/li>\n<li style=\"text-align: left;\">Pains<\/li>\n<li style=\"text-align: left;\">Sabar\u00e1<\/li>\n<li style=\"text-align: left;\">S\u00e3o Jos\u00e9 do Divino<\/li>\n<\/ul>\n<p>&nbsp;<\/p>\n<p style=\"text-align: justify;\"><span style=\"font-size: 12pt;\">Docentes e discentes da disciplina Est\u00e1gio Curricular: Aten\u00e7\u00e3o Prim\u00e1ria \u00e0 Sa\u00fade, discentes da gradua\u00e7\u00e3o e da p\u00f3s-gradua\u00e7\u00e3o da Escola de Enfermagem da UFMG:<\/span><\/p>\n<p>&nbsp;<\/p>\n<p><span style=\"color: #e67a18; font-size: 12pt;\"><strong>EQUIPE EXECUTORA<\/strong><\/span><\/p>\n<ul>\n<li><strong>Coordena\u00e7\u00e3o<\/strong><\/li>\n<\/ul>\n<p>Francisco Carlos F\u00e9lix Lana<\/p>\n<p>Alexandra Dias Moreira Dassun\u00e7\u00e3o<\/p>\n<p>&nbsp;<\/p>\n<ul>\n<li><strong>Professores da Disciplina<\/strong><\/li>\n<\/ul>\n<p>Adriano Mar\u00e7al Pimenta<\/p>\n<p>Ed Wilson Vieira<\/p>\n<p>Erica Dumont Pena<\/p>\n<p>Fernanda Penido Matozinhos<\/p>\n<p>Fl\u00e1via Sampaio Latini Velasquez<\/p>\n<p>Giselle Lima de Freitas<\/p>\n<p>Isabela Silva C\u00e2ncio Velloso<\/p>\n<p>K\u00eania Lara da Silva<\/p>\n<p>Livia de Souza Pancracio de Errico<\/p>\n<p>L\u00edvia Cozer Montenegro<\/p>\n<p>Mariana Santos Felisbino Mendes<\/p>\n<p>Mark Anthony Beinner<\/p>\n<p>Salete Maria de Fatima Silqueira Muller<\/p>\n<p>Sheila Aparecida Ferreira Lachtim<\/p>\n<p>Solange Cervinho Godoy<\/p>\n<p>Teresa Cristina da Silva Kurimoto<\/p>\n<p>&nbsp;<\/p>\n<ul>\n<li><strong>Apoio T\u00e9cnico<\/strong><\/li>\n<\/ul>\n<p style=\"text-align: left;\">Hugo \u00c1tilla Natividade \u2013 Setor de Inform\u00e1tica<\/p>\n<p style=\"text-align: left;\">Ros\u00e2nia Felipe Souza \u2013 Assessoria de Comunica\u00e7\u00e3o<\/p>\n<p style=\"text-align: left;\">Leonardo Pires Rosse \u2013 Setor de \u00c1udio Visual<\/p>\n<p>&nbsp;<\/p>\n<p>&nbsp;<\/p>\n<p><span style=\"color: #e67a18; font-size: 12pt;\"><strong>PARTICIPANTES<\/strong><\/span><\/p>\n<ul>\n<li><strong>Estudante de P\u00f3s-Gradua\u00e7\u00e3o<\/strong><\/li>\n<\/ul>\n<p style=\"text-align: left;\">Isabela de Caux Bueno \u2013 N\u00edvel Doutorado<\/p>\n<p style=\"text-align: left;\">Isabella Cristina Moraes Campos \u2013 Bolsista - N\u00edvel Doutorado<\/p>\n<p>&nbsp;<\/p>\n<ul>\n<li><strong>Estudantes de Gradua\u00e7\u00e3o<\/strong><\/li>\n<\/ul>\n<p style=\"text-align: justify;\">Mariana Ferreira dos Santos - Bolsista<\/p>\n<p style=\"text-align: left;\">Laylla Lara Enderson de Barros - Volunt\u00e1ria<\/p>\n<p style=\"text-align: left;\">Rafaela Pereira Rocha Reis - Volunt\u00e1ria<\/p>\n<p style=\"text-align: left;\">Raquel Soares Bandeira - Volunt\u00e1ria<\/p>\n<p style=\"text-align: left;\">Virg\u00ednia Barbosa Pereira - Volunt\u00e1ria<\/p>\n<\/div>\n<\/div><\/div><\/div><\/div><\/div>","protected":false},"excerpt":{"rendered":"<p>A disciplina Est\u00e1gio Curricular: Aten\u00e7\u00e3o Prim\u00e1ria \u00e0 Sa\u00fade da Escola de Enfermagem da UFMG tem o objetivo de contribuir para a reorganiza\u00e7\u00e3o dos servi\u00e7os de sa\u00fade onde a disciplina \u00e9 desenvolvida, tendo como refer\u00eancia os pressupostos constitucionais do Sistema \u00danico de Sa\u00fade (SUS) que est\u00e3o em processo de implementa\u00e7\u00e3o, integrando ensino, extens\u00e3o e pesquisa. O [&hellip;]<\/p>\n","protected":false},"author":1,"featured_media":0,"parent":0,"menu_order":0,"comment_status":"closed","ping_status":"closed","template":"","meta":{"footnotes":""},"jetpack_sharing_enabled":true,"_links":{"self":[{"href":"https:\/\/sites.enf.ufmg.br\/internato-enfermagem-aps\/wp-json\/wp\/v2\/pages\/150"}],"collection":[{"href":"https:\/\/sites.enf.ufmg.br\/internato-enfermagem-aps\/wp-json\/wp\/v2\/pages"}],"about":[{"href":"https:\/\/sites.enf.ufmg.br\/internato-enfermagem-aps\/wp-json\/wp\/v2\/types\/page"}],"author":[{"embeddable":true,"href":"https:\/\/sites.enf.ufmg.br\/internato-enfermagem-aps\/wp-json\/wp\/v2\/users\/1"}],"replies":[{"embeddable":true,"href":"https:\/\/sites.enf.ufmg.br\/internato-enfermagem-aps\/wp-json\/wp\/v2\/comments?post=150"}],"version-history":[{"count":14,"href":"https:\/\/sites.enf.ufmg.br\/internato-enfermagem-aps\/wp-json\/wp\/v2\/pages\/150\/revisions"}],"predecessor-version":[{"id":1061,"href":"https:\/\/sites.enf.ufmg.br\/internato-enfermagem-aps\/wp-json\/wp\/v2\/pages\/150\/revisions\/1061"}],"wp:attachment":[{"href":"https:\/\/sites.enf.ufmg.br\/internato-enfermagem-aps\/wp-json\/wp\/v2\/media?parent=150"}],"curies":[{"name":"wp","href":"https:\/\/api.w.org\/{rel}","templated":true}]}}