{"id":162,"date":"2020-06-25T15:32:56","date_gmt":"2020-06-25T18:32:56","guid":{"rendered":"https:\/\/sites.enf.ufmg.br\/internato-enfermagem-aps\/?page_id=162"},"modified":"2020-07-27T14:10:46","modified_gmt":"2020-07-27T17:10:46","slug":"rodas-de-conversa","status":"publish","type":"page","link":"https:\/\/sites.enf.ufmg.br\/internato-enfermagem-aps\/rodas-de-conversa\/","title":{"rendered":"Rodas de conversa"},"content":{"rendered":"<div id=\"pl-162\"  class=\"panel-layout\" ><div id=\"pg-162-0\"  class=\"panel-grid panel-no-style\" ><div id=\"pgc-162-0-0\"  class=\"panel-grid-cell\" ><div id=\"panel-162-0-0-0\" class=\"so-panel widget widget_sow-editor panel-first-child panel-last-child\" data-index=\"0\" ><div\n\t\t\t\n\t\t\tclass=\"so-widget-sow-editor so-widget-sow-editor-base\"\n\t\t\t\n\t\t>\n<div class=\"siteorigin-widget-tinymce textwidget\">\n\t<p><span style=\"font-size: 12pt;\">As rodas de conversa poder\u00e3o ser realizadas de forma conjunta com todos os munic\u00edpios ou direcionadas a um munic\u00edpio ou equipe de sa\u00fade espec\u00edfica. Tamb\u00e9m ter\u00e3o cronograma definido e publicados na plataforma, com temas de interesse dos munic\u00edpios.<\/span><\/p>\n<p><span style=\"font-size: 14pt; color: #e67a18;\"><strong>J\u00e1 ocorreram:<\/strong><\/span><\/p>\n<table style=\"width: 100%; height: 1551px;\" width=\"671\">\n<tbody>\n<tr style=\"height: 517px;\">\n<td style=\"background-color: #faf8f5; height: 517px;\"><span style=\"font-size: 10pt; color: #e67a18;\"><strong>20\/07\/2020 <\/strong><\/span><\/p>\n<p><span style=\"font-size: 10pt; color: #e67a18;\"><strong>14:00<\/strong><\/span><\/p>\n<\/td>\n<td style=\"background-color: #faf8f5; height: 517px;\"><span style=\"font-size: 10pt; color: #e67a18;\"><strong>RODA DE CONVERSA COM DOM JOAQUIM<\/strong><\/span><\/p>\n<p><b>Debatedores<\/b><\/p>\n<p>- F\u00e1bio Henrique Souza Aguiar - Discente da gradua\u00e7\u00e3o da Escola de Enfermagem da UFMG<\/p>\n<p>- Guilherme de Sales Calhau - Discente da gradua\u00e7\u00e3o da Escola de Enfermagem da UFMG<\/p>\n<p>- Huenerson Henrique Celestino \u2013 Secret\u00e1rio Municipal de Sa\u00fade de Dom Joaquim<\/p>\n<p>- Douglas Tadeu de Pinho Mour\u00e3o \u2013 RT de Programas e Sistemas de Aten\u00e7\u00e3o Prim\u00e1ria de Dom Joaquim<\/p>\n<p><b>Coordenadores<\/b><\/p>\n<p>- Prof. Dr. Francisco Lana - Professor da Escola de Enfermagem da UFMG<\/p>\n<p>- Isabela de Caux Bueno - Doutoranda do Programa de P\u00f3s-Gradua\u00e7\u00e3o em Enfermagem da UFMG<\/p>\n<p><b>Participa\u00e7\u00e3o<\/b><\/p>\n<p>Profissionais da Equipe de Sa\u00fade de Dom Joaquim<\/p>\n<\/td>\n<\/tr>\n<tr style=\"height: 329px;\">\n<td style=\"background-color: #faf8f5; height: 329px;\" width=\"93\"><span style=\"font-size: 10pt; color: #e67a18;\"><strong>07\/05\/2020<\/strong><\/span><\/p>\n<p><span style=\"font-size: 10pt; color: #e67a18;\"><strong>10:00<\/strong><\/span><\/p>\n<\/td>\n<td style=\"background-color: #faf8f5; height: 329px;\" width=\"578\"><span style=\"font-size: 10pt; color: #e67a18;\"><strong>COMO POTENCIALIZAR AS A\u00c7\u00d5ES DESENVOLVIDAS NA APS NO ENFRENTAMENTO DA COVID-19.<\/strong><\/span><\/p>\n<p><span style=\"font-size: 10pt;\"><strong>Coordenadores:\u00a0<\/strong><\/span><span style=\"font-size: 10pt;\">Prof. Dr. Francisco Lana, <\/span><span style=\"font-size: 10pt;\">Professor da Escola de Enfermagem da UFMG.<\/span><\/p>\n<p><span style=\"font-size: 10pt;\">Prof. Teresa Kurimoto,\u00a0<\/span><span style=\"font-size: 10pt;\">Professora da Escola de Enfermagem da UFMG<\/span><\/p>\n<p><span style=\"font-size: 10pt;\"><strong>Debatedores:<\/strong><\/span><\/p>\n<p><span style=\"font-size: 10pt;\">- Equipe de sa\u00fade e gestores dos munic\u00edpios vinculados ao Internato<\/span><\/p>\n<p><span style=\"font-size: 10pt;\">- Discentes e Docentes da gradua\u00e7\u00e3o e p\u00f3s-gradua\u00e7\u00e3o da Escola de Enfermagem da UFMG<\/span><\/p>\n<p><iframe title=\"Roda de Conversa _ Como potencializar as a\u00e7\u00f5es desenvolvidas na APS no enfrentamento da COVID-19\" width=\"654\" height=\"368\" src=\"https:\/\/www.youtube.com\/embed\/Y61gxtJ0jgQ?feature=oembed\" frameborder=\"0\" allow=\"accelerometer; autoplay; encrypted-media; gyroscope; picture-in-picture\" allowfullscreen><\/iframe><\/p>\n<\/td>\n<\/tr>\n<tr style=\"height: 282px;\">\n<td style=\"height: 282px;\" width=\"93\"><span style=\"font-size: 10pt; color: #e67a18;\"><strong>30\/04\/2020<\/strong><\/span><\/p>\n<p><span style=\"font-size: 10pt; color: #e67a18;\"><strong>10:00<\/strong><\/span><\/p>\n<\/td>\n<td style=\"height: 282px;\" width=\"578\"><span style=\"font-size: 10pt; color: #e67a18;\"><strong>O PAPEL DOS HOSPITAIS DE PEQUENO PORTE NO ENFRENTAMENTO DA PANDEMIA.<\/strong><\/span><\/p>\n<p><span style=\"font-size: 10pt;\"><strong>\u00a0<\/strong><strong>Convidada:\u00a0<\/strong><\/span><span style=\"font-size: 10pt;\">Allana dos Reis Corr\u00eaa,\u00a0<\/span><span style=\"font-size: 10pt;\">Enfermeira Intensivista e Professora da Escola de Enfermagem da UFMG<\/span><\/p>\n<p><span style=\"font-size: 10pt;\"><strong>Coordenador:\u00a0<\/strong><\/span><span style=\"font-size: 10pt;\">Prof. Dr. Francisco Lana,\u00a0<\/span><span style=\"font-size: 10pt;\">Professor da Escola de Enfermagem da UFMG<\/span><\/p>\n<p><span style=\"font-size: 10pt;\"><strong>Munic\u00edpio participante:<\/strong><\/span><\/p>\n<p><span style=\"font-size: 10pt;\">Dom Joaquim<\/span><\/p>\n<p><span style=\"font-size: 10pt; color: #d62448;\"><strong>Arquivo de grava\u00e7\u00e3o indispon\u00edvel<\/strong><\/span><\/p>\n<\/td>\n<\/tr>\n<\/tbody>\n<\/table>\n<\/div>\n<\/div><\/div><\/div><\/div><\/div>","protected":false},"excerpt":{"rendered":"<p>As rodas de conversa poder\u00e3o ser realizadas de forma conjunta com todos os munic\u00edpios ou direcionadas a um munic\u00edpio ou equipe de sa\u00fade espec\u00edfica. Tamb\u00e9m ter\u00e3o cronograma definido e publicados na plataforma, com temas de interesse dos munic\u00edpios. J\u00e1 ocorreram: 20\/07\/2020 14:00 RODA DE CONVERSA COM DOM JOAQUIM Debatedores &#8211; F\u00e1bio Henrique Souza Aguiar &#8211; [&hellip;]<\/p>\n","protected":false},"author":1,"featured_media":0,"parent":0,"menu_order":0,"comment_status":"closed","ping_status":"closed","template":"","meta":{"footnotes":""},"jetpack_sharing_enabled":true,"_links":{"self":[{"href":"https:\/\/sites.enf.ufmg.br\/internato-enfermagem-aps\/wp-json\/wp\/v2\/pages\/162"}],"collection":[{"href":"https:\/\/sites.enf.ufmg.br\/internato-enfermagem-aps\/wp-json\/wp\/v2\/pages"}],"about":[{"href":"https:\/\/sites.enf.ufmg.br\/internato-enfermagem-aps\/wp-json\/wp\/v2\/types\/page"}],"author":[{"embeddable":true,"href":"https:\/\/sites.enf.ufmg.br\/internato-enfermagem-aps\/wp-json\/wp\/v2\/users\/1"}],"replies":[{"embeddable":true,"href":"https:\/\/sites.enf.ufmg.br\/internato-enfermagem-aps\/wp-json\/wp\/v2\/comments?post=162"}],"version-history":[{"count":4,"href":"https:\/\/sites.enf.ufmg.br\/internato-enfermagem-aps\/wp-json\/wp\/v2\/pages\/162\/revisions"}],"predecessor-version":[{"id":657,"href":"https:\/\/sites.enf.ufmg.br\/internato-enfermagem-aps\/wp-json\/wp\/v2\/pages\/162\/revisions\/657"}],"wp:attachment":[{"href":"https:\/\/sites.enf.ufmg.br\/internato-enfermagem-aps\/wp-json\/wp\/v2\/media?parent=162"}],"curies":[{"name":"wp","href":"https:\/\/api.w.org\/{rel}","templated":true}]}}