{"id":188,"date":"2020-06-25T15:39:55","date_gmt":"2020-06-25T18:39:55","guid":{"rendered":"https:\/\/sites.enf.ufmg.br\/internato-enfermagem-aps\/?page_id=188"},"modified":"2020-09-21T09:12:53","modified_gmt":"2020-09-21T12:12:53","slug":"webconferencias","status":"publish","type":"page","link":"https:\/\/sites.enf.ufmg.br\/internato-enfermagem-aps\/webconferencias\/","title":{"rendered":"Webconfer\u00eancias"},"content":{"rendered":"<div id=\"pl-188\"  class=\"panel-layout\" ><div id=\"pg-188-0\"  class=\"panel-grid panel-no-style\" ><div id=\"pgc-188-0-0\"  class=\"panel-grid-cell\" ><div id=\"panel-188-0-0-0\" class=\"so-panel widget widget_sow-button panel-first-child\" data-index=\"0\" ><div\n\t\t\t\n\t\t\tclass=\"so-widget-sow-button so-widget-sow-button-wire-ffa63f44c2a5-188\"\n\t\t\t\n\t\t><div class=\"ow-button-base ow-button-align-center\">\n\t<a\n\thref=\"https:\/\/conferenciaweb.rnp.br\/webconf\/internato-enfermagem-aps-ufmg\"\n\t\tclass=\"ow-icon-placement-right ow-button-hover\" target=\"_blank\" rel=\"noopener noreferrer\" \t>\n\t\t<span>\n\t\t\t<span class=\"sow-icon-fontawesome sow-far\" data-sow-icon=\"&#xf2d0;\"\n\t\t \n\t\taria-hidden=\"true\"><\/span>\n\t\t\tCLIQUE AQUI PARA ACESSAR A SALA DE REUNI\u00d5ES\t\t<\/span>\n\t<\/a>\n<\/div>\n<\/div><\/div><div id=\"panel-188-0-0-1\" class=\"so-panel widget widget_sow-editor panel-last-child\" data-index=\"1\" ><div\n\t\t\t\n\t\t\tclass=\"so-widget-sow-editor so-widget-sow-editor-base\"\n\t\t\t\n\t\t>\n<div class=\"siteorigin-widget-tinymce textwidget\">\n\t<p style=\"text-align: justify;\"><span style=\"font-size: 12pt;\">As webconfer\u00eancias ser\u00e3o realizadas quinzenalmente, com cronograma definido e temas de interesse dos munic\u00edpios.<\/span><\/p>\n<p><span style=\"color: #e67a18; font-size: 14pt;\"><strong>Cronograma:<\/strong><\/span><\/p>\n<table style=\"width: 97.4321%;\">\n<tbody>\n<tr>\n<td style=\"width: 99.7783%; border-style: solid; border-color: #c7c5c5; background-color: #faf8f5; vertical-align: top;\" colspan=\"2\">\n<p style=\"text-align: left;\"><span style=\"font-size: 10pt; color: #e67a18;\"><strong style=\"color: #e67a18; font-size: 14pt;\">Pr\u00f3ximas Webconfer\u00eancias:<\/strong><\/span><b><\/b><\/p>\n<\/td>\n<\/tr>\n<tr>\n<td style=\"width: 14.8559%; border-style: solid; border-color: #c7c5c5; background-color: #faf8f5; vertical-align: top;\">\n<p style=\"text-align: left;\">\n<\/td>\n<td style=\"width: 84.9224%; vertical-align: middle; border-style: solid; border-color: #c7c5c5; background-color: #faf8f5;\"><\/td>\n<\/tr>\n<tr>\n<td style=\"width: 99.7783%; border-style: solid; border-color: #c7c5c5; background-color: #faf8f5; vertical-align: top;\" colspan=\"2\">\n<p style=\"text-align: left;\"><span style=\"font-size: 10pt; color: #e67a18;\"><strong style=\"color: #e67a18; font-size: 14pt;\">J\u00e1 ocorreram:<\/strong><\/span><b><\/b><\/p>\n<\/td>\n<\/tr>\n<tr>\n<td style=\"width: 14.8559%; border-style: solid; border-color: #c7c5c5; background-color: #faf8f5; vertical-align: top;\">\n<p style=\"text-align: left;\"><span style=\"font-size: 10pt; color: #e67a18;\"><strong>03\/09\/2020<\/strong><\/span><\/p>\n<p style=\"text-align: left;\"><span style=\"font-size: 10pt; color: #e67a18;\"><strong>14:00<\/strong><\/span><\/p>\n<p style=\"text-align: left;\"><span style=\"font-size: 10pt; color: #e67a18;\"><strong>\u00a0<\/strong><\/span><\/p>\n<\/td>\n<td style=\"width: 84.9224%; vertical-align: middle; border-style: solid; border-color: #c7c5c5; background-color: #faf8f5;\"><span style=\"color: #e67a18; font-size: 10pt;\"><b>Impacto na aten\u00e7\u00e3o \u00e0 sa\u00fade da mulher em tempos de pandemia<\/b><\/span><\/p>\n<p><span style=\"font-size: 10pt;\"><strong>Debatedoras<\/strong><\/span><\/p>\n<p><span style=\"font-size: 10pt;\">Prof\u00aa. Dr\u00aa. Eunice Francisca Martins - Professora do Departamento de de Enfermagem Materno Infantil e Sa\u00fade Publica da Escola de Enfermagem da UFMG.<\/span><\/p>\n<p><span style=\"font-size: 10pt;\">Prof\u00aa. Dr\u00aa. Mariana Felisbino - Professora do Departamento de de Enfermagem Materno Infantil e Sa\u00fade Publica da Escola de Enfermagem da UFMG.<\/span><\/p>\n<p><span style=\"font-size: 10pt;\">Iracy Sofia Barbosa - Enfermeira na Prefeitura de Belo Horizonte (PBH) e Mestranda da Escola de Enfermagem da UFMG.<\/span><\/p>\n<p><span style=\"font-size: 10pt;\"><strong>Mediadora<\/strong><\/span><\/p>\n<p><span style=\"font-size: 10pt;\">Prof\u00aa. Dr\u00aa. Sheila Aparecida Ferreira Lachtim - Professora da Escola de Enfermagem da UFMG<\/span><b><\/b><\/p>\n<p><iframe title=\"Webconfer\u00eancia _ Impacto na aten\u00e7\u00e3o \u00e0 sa\u00fade da mulher em tempos de pandemia\" width=\"654\" height=\"368\" src=\"https:\/\/www.youtube.com\/embed\/v_r3zdYjIig?feature=oembed\" frameborder=\"0\" allow=\"accelerometer; autoplay; clipboard-write; encrypted-media; gyroscope; picture-in-picture\" allowfullscreen><\/iframe><\/p>\n<\/td>\n<\/tr>\n<tr>\n<td style=\"width: 14.8559%; border-style: solid; border-color: #c7c5c5; background-color: #faf8f5; vertical-align: top;\">\n<p style=\"text-align: left;\"><span style=\"font-size: 10pt; color: #e67a18;\"><strong>20\/08\/2020<\/strong><\/span><\/p>\n<p style=\"text-align: left;\"><span style=\"font-size: 10pt; color: #e67a18;\"><strong>15:00<\/strong><\/span><\/p>\n<p style=\"text-align: left;\"><span style=\"font-size: 10pt; color: #e67a18;\"><strong>\u00a0<\/strong><\/span><\/p>\n<\/td>\n<td style=\"width: 84.9224%; vertical-align: middle; border-style: solid; border-color: #c7c5c5; background-color: #faf8f5;\"><span style=\"color: #e67a18; font-size: 10pt;\"><b>Vigil\u00e2ncia epidemiol\u00f3gica e seus desdobramentos \u00e9ticos em tempos de pandemia<\/b><\/span><\/p>\n<p><span style=\"font-size: 10pt;\"><strong>Debatedores<\/strong><\/span><\/p>\n<p><span style=\"font-size: 10pt;\">Ana Paula Mendes Carvalho - Enfermeira, mestre e doutora em enfermagem pela Escola de Enfermagem da UFMG. Membro do N\u00facleo de Estudos e Pesquisas em Hansen\u00edase - NEPHANS. Especialista em pol\u00edticas e Gest\u00e3o da Sa\u00fade na Secretaria de Estado de Sa\u00fade de Minas Gerais.<\/span><\/p>\n<p><span style=\"font-size: 10pt;\">Bruno Pedraiva - M\u00e9dico de fam\u00edlia e comunidade do SUSBH<\/span><\/p>\n<p><span style=\"font-size: 10pt;\"><strong>Mediadora<\/strong><\/span><\/p>\n<p><span style=\"font-size: 10pt;\">Prof\u00aa. Dr\u00aa. L\u00edvia de Souza Pancr\u00e1cio de Errico - Professora da Escola de Enfermagem da UFMG<\/span><\/p>\n<p><iframe title=\"Webconfer\u00eania _ Vigil\u00e2ncia epidemiol\u00f3gica e seus desdobramentos \u00e9ticos em tempos de pandemia\" width=\"654\" height=\"368\" src=\"https:\/\/www.youtube.com\/embed\/wyVdjmTC62U?feature=oembed\" frameborder=\"0\" allow=\"accelerometer; autoplay; clipboard-write; encrypted-media; gyroscope; picture-in-picture\" allowfullscreen><\/iframe><\/p>\n<p><span style=\"color: #e67a18; font-size: 10pt;\"><b>\u00a0<\/b><\/span><\/p>\n<\/td>\n<\/tr>\n<tr>\n<td style=\"width: 14.8559%; border-style: solid; border-color: #c7c5c5; background-color: #faf8f5; vertical-align: top;\">\n<p style=\"text-align: left;\"><span style=\"font-size: 10pt; color: #e67a18;\"><strong>17\/07\/2020<\/strong><\/span><\/p>\n<p style=\"text-align: left;\"><span style=\"font-size: 10pt; color: #e67a18;\"><strong>10:00<\/strong><\/span><\/p>\n<p style=\"text-align: left;\"><span style=\"font-size: 10pt; color: #e67a18;\"><strong>\u00a0<\/strong><\/span><\/p>\n<\/td>\n<td style=\"width: 84.9224%; vertical-align: middle; border-style: solid; border-color: #c7c5c5; background-color: #faf8f5;\"><span style=\"color: #e67a18; font-size: 10pt;\"><b>A Sa\u00fade e os direitos do trabalhador em tempos de pandemia.<\/b><\/span><\/p>\n<p><span style=\"font-size: 10pt;\"><strong>Debatedores<\/strong><\/span><\/p>\n<p><span style=\"font-size: 10pt;\">Farley Sindeaux Ribeiro - Especialista em Sa\u00fade da Fam\u00edlia e Enfermeiro Fiscal e Coordenador da Comiss\u00e3o de \u00c9tica de Enfermagem do Coren-MG<\/span><\/p>\n<p><span style=\"font-size: 10pt;\">Geraldo Minelli - Secret\u00e1rio adjunto de Concei\u00e7\u00e3o do Mato Dentro<\/span><\/p>\n<p><span style=\"font-size: 10pt;\">Hudirley Ruela Rodrigues - Enfermeiro da Sa\u00fade da Fam\u00edlia da Prefeitura de BH<\/span><\/p>\n<p><span style=\"font-size: 10pt;\"><strong>Mediadora<\/strong><\/span><\/p>\n<p><span style=\"font-size: 10pt;\">Prof\u00aa. Dr\u00aa. Sheila Aparecida Ferreira Lachtim - Professora da Escola de Enfermagem da UFMG<\/span><\/p>\n<p><iframe title=\"Webconfer\u00eancia _ A Sa\u00fade e os direitos do trabalhador em tempos de pandemia\" width=\"654\" height=\"368\" src=\"https:\/\/www.youtube.com\/embed\/uPFrjHsjmg4?feature=oembed\" frameborder=\"0\" allow=\"accelerometer; autoplay; clipboard-write; encrypted-media; gyroscope; picture-in-picture\" allowfullscreen><\/iframe><\/p>\n<\/td>\n<\/tr>\n<tr>\n<td style=\"width: 14.8559%; border-style: solid; border-color: #c7c5c5; background-color: #faf8f5; vertical-align: top;\">\n<p style=\"text-align: left;\"><span style=\"font-size: 10pt; color: #e67a18;\"><strong>03\/07\/2020<\/strong><\/span><\/p>\n<p style=\"text-align: left;\"><span style=\"font-size: 10pt; color: #e67a18;\"><strong>10:00<\/strong><\/span><\/p>\n<p style=\"text-align: left;\"><span style=\"font-size: 10pt; color: #e67a18;\"><strong>\u00a0<\/strong><\/span><\/p>\n<\/td>\n<td style=\"width: 84.9224%; vertical-align: middle; border-style: solid; border-color: #c7c5c5; background-color: #faf8f5;\"><span style=\"color: #e67a18; font-size: 10pt;\"><b>WebCon sobre os Agentes Comunit\u00e1rios de Sa\u00fade<\/b><\/span><\/p>\n<p><span style=\"font-size: 10pt;\"><strong>Debat<span style=\"font-size: 10pt;\">edores<\/span><\/strong><\/span><\/p>\n<p><span style=\"font-size: 10pt;\">Patr\u00edcia Fernandes dos Santos - ACS - UBS Grande Vit\u00f3ria - ES<\/span><\/p>\n<p><span style=\"font-size: 10pt;\">Andreza Corade Nascimento - ACS-Primeira Tesoureira do Sindicato dos Servidores e Empregados P\u00fablicos de BH (SINDIBEL). Graduada em Gest\u00e3o de Servi\u00e7os de Sa\u00fade pela UFMG<\/span><\/p>\n<p><span style=\"font-size: 10pt;\">Regiane Maria de Jesus - ACS - UBS S\u00e3o Tom\u00e1s - BH<\/span><\/p>\n<p><span style=\"font-size: 10pt;\"><strong>Coordenadora<\/strong><\/span><\/p>\n<p><span style=\"font-size: 10pt;\">Prof\u00aa. Dr\u00aa. L\u00edvia de Souza Pancr\u00e1cio de Errico - Professora da Escola de Enfermagem da UFMG<\/span><\/p>\n<p><span style=\"font-size: 10pt;\">Prof\u00aa. Dr\u00aa. Sheila Aparecida Ferreira Lachtim - Professora da Escola de Enfermagem da UFMG<\/span><\/p>\n<p><span style=\"font-size: 10pt;\">Prof\u00aa. Dr\u00aa. L\u00edvia Cozer Montenegro -Professora da Escola de Enfermagem da UFMG<\/span><\/p>\n<p><iframe title=\"Webconfer\u00eancia _ WebCon sobre os Agentes Comunit\u00e1rios de Sa\u00fade\" width=\"654\" height=\"368\" src=\"https:\/\/www.youtube.com\/embed\/j3AxcpaJnvw?feature=oembed\" frameborder=\"0\" allow=\"accelerometer; autoplay; clipboard-write; encrypted-media; gyroscope; picture-in-picture\" allowfullscreen><\/iframe><\/p>\n<\/td>\n<\/tr>\n<tr>\n<td style=\"width: 14.8559%; border-style: solid; border-color: #c7c5c5; background-color: #faf8f5; vertical-align: top;\">\n<p style=\"text-align: left;\"><span style=\"font-size: 10pt; color: #e67a18;\"><strong>19\/06\/2020<\/strong><\/span><\/p>\n<p style=\"text-align: left;\"><span style=\"font-size: 10pt; color: #e67a18;\"><strong>10:00<\/strong><\/span><\/p>\n<\/td>\n<td style=\"width: 84.9224%; vertical-align: middle; border-style: solid; border-color: #c7c5c5; background-color: #faf8f5;\"><span style=\"color: #e67a18;\"><span style=\"font-size: 13.3333px;\"><b>O territ\u00f3rio e o cuidado longitudinal na APS em tempos de COVID-19<\/b><\/span><\/span><\/p>\n<p><span style=\"font-size: 10pt;\"><strong>Debatedores<\/strong><\/span><\/p>\n<p><span style=\"font-size: 10pt;\">Alana Rodrigues - Prefeitura de Vit\u00f3ria - ES<\/span><\/p>\n<p><span style=\"font-size: 10pt;\">Andreia Beatriz dos Santos - Escola Bahiana de Medicina e Sa\u00fade P\u00fablica<\/span><\/p>\n<p><span style=\"font-size: 10pt;\">L\u00edvia de Souza Pancr\u00e1cio de Errico - Professora da Escola de Enfermagem da UFMG<\/span><\/p>\n<p><span style=\"font-size: 10pt;\"><strong>Coordenadora<\/strong><\/span><\/p>\n<p><span style=\"font-size: 10pt;\">Sheila Aparecida Ferreira Lachtim - Professora da Escola de Enfermagem da UFMG<\/span><\/p>\n<p><iframe title=\"Webconfer\u00eancia _ O territ\u00f3rio e o cuidado longitudinal na APS em tempos de COVID-19\" width=\"654\" height=\"368\" src=\"https:\/\/www.youtube.com\/embed\/mtOhc5zZkEc?feature=oembed\" frameborder=\"0\" allow=\"accelerometer; autoplay; clipboard-write; encrypted-media; gyroscope; picture-in-picture\" allowfullscreen><\/iframe><\/p>\n<p>&nbsp;<\/p>\n<\/td>\n<\/tr>\n<tr>\n<td style=\"width: 14.8559%; border-style: solid; border-color: #c7c5c5; background-color: #faf8f5; vertical-align: top;\"><span style=\"font-size: 10pt; color: #e67a18;\"><strong>04\/06\/2020<\/strong><\/span><\/p>\n<p><span style=\"font-size: 10pt; color: #e67a18;\"><strong>10:00<\/strong><\/span><\/p>\n<p style=\"text-align: left;\"><span style=\"font-size: 10pt; color: #e67a18;\"><strong>\u00a0<\/strong><\/span><\/p>\n<\/td>\n<td style=\"width: 84.9224%; vertical-align: middle; border-style: solid; border-color: #c7c5c5; background-color: #faf8f5;\"><span style=\"font-size: 10pt;\"><strong><span style=\"color: #e67a18;\">Promo\u00e7\u00e3o da sa\u00fade mental do trabalhador de sa\u00fade na pandemia da COVID-19<\/span><\/strong><\/span><\/p>\n<p><span style=\"font-size: 10pt;\"><strong>Expositor<\/strong><\/span><\/p>\n<p><span style=\"font-size: 10pt;\">Prof. Dr. Helian Nunes - Coordenador do Ambulat\u00f3rio de Sa\u00fade mental HC\/UFMG; Vice-presidente da Associa\u00e7\u00e3o Brasileira de Neuropsiquiatria<\/span><\/p>\n<p><span style=\"font-size: 10pt;\"><strong>Coordenadora<\/strong><\/span><\/p>\n<p><span style=\"font-size: 10pt;\">Prof\u00aa. Dr\u00aa. Teresa Kurimoto - <\/span><span style=\"font-size: 10pt;\">Professora da Escola de Enfermagem da UFMG<\/span><\/p>\n<p><span style=\"font-size: 10pt; color: #333399;\"><strong>Arquivo de grava\u00e7\u00e3o indispon\u00edvel<\/strong><\/span><\/p>\n<\/td>\n<\/tr>\n<tr>\n<td style=\"width: 14.8559%; border-style: solid; border-color: #c7c5c5; background-color: #faf8f5; vertical-align: top;\">\n<p style=\"text-align: left;\"><span style=\"font-size: 10pt; color: #e67a18;\"><strong>22\/05\/2020<\/strong><\/span><\/p>\n<p style=\"text-align: left;\"><span style=\"font-size: 10pt; color: #e67a18;\"><strong>10:00<\/strong><\/span><\/p>\n<\/td>\n<td style=\"width: 84.9224%; vertical-align: middle; border-style: solid; border-color: #c7c5c5; background-color: #faf8f5;\"><span style=\"font-size: 10pt; color: #e67a18;\"><strong>M\u00eddias <span style=\"font-size: 10pt;\">sociais ferramenta para o trabalho em sa\u00fade - avan\u00e7os e desafios<\/span><\/strong><\/span><\/p>\n<p><span style=\"font-size: 10pt;\"><strong>Debatedores<\/strong><\/span><\/p>\n<p><span style=\"font-size: 10pt;\">Prof. Paulo Roberto Maia Figueiredo - Curso de Pedagogia\/Departamento de Ci\u00eancias Aplicadas \u00e0 Educa\u00e7\u00e3o - DECAE<\/span><\/p>\n<p><span style=\"font-size: 10pt;\">Ot\u00e1vio J\u00fanior da Costa - Estudante do curso de Medicina<\/span><\/p>\n<p><span style=\"font-size: 10pt;\"><strong>Coordenadoras<\/strong><\/span><\/p>\n<p><span style=\"font-size: 10pt;\">Prof\u00aa. Dr\u00aa Sheila Aparecida Ferreira Lachtim e L\u00edvia de Souza Pancr\u00e1cio de Errico - Professora da Escola de Enfermagem da UFMG<\/span><\/p>\n<p><iframe title=\"Webconfer\u00eancia - M\u00eddias Sociais ferramenta para o trabalho em sa\u00fade  - Avan\u00e7os e Desafios\" width=\"654\" height=\"368\" src=\"https:\/\/www.youtube.com\/embed\/-H6Gp3Mm3Tw?feature=oembed\" frameborder=\"0\" allow=\"accelerometer; autoplay; clipboard-write; encrypted-media; gyroscope; picture-in-picture\" allowfullscreen><\/iframe><\/p>\n<\/td>\n<\/tr>\n<tr>\n<td style=\"width: 14.8559%; border-style: solid; border-color: #c7c5c5; background-color: #faf8f5; vertical-align: top;\" width=\"95\">\n<p style=\"text-align: left;\"><span style=\"font-size: 10pt; color: #e67a18;\"><strong>15\/05\/2020<\/strong><\/span><\/p>\n<p style=\"text-align: left;\"><span style=\"font-size: 10pt; color: #e67a18;\"><strong>10:00<\/strong><\/span><\/p>\n<\/td>\n<td style=\"width: 84.9224%; vertical-align: middle; border-style: solid; border-color: #c7c5c5; background-color: #faf8f5;\" width=\"576\"><span style=\"font-size: 10pt; color: #e67a18;\"><strong>Flexibiliza\u00e7\u00e3o das medidas de distanciamento social durante a pandemia por COVID-19:\u00a0 desafios atuais<\/strong><\/span><\/p>\n<p><span style=\"font-size: 10pt;\"><strong>Expositor<\/strong><\/span><\/p>\n<p><span style=\"font-size: 10pt;\">Prof. Dr. Una\u00ed Tupinamb\u00e1s - Infectologista e Professor da Faculdade de Medicina da UFMG<\/span><\/p>\n<p><span style=\"font-size: 10pt;\"><strong>Coordenador<\/strong><\/span><\/p>\n<p><span style=\"font-size: 10pt;\">Prof. Dr. Francisco Lana - Professor da Escola de Enfermagem da UFMG<\/span><\/p>\n<p><iframe title=\"Webconfer\u00eancia - Flexibiliza\u00e7\u00e3o das medidas de distanciamento social durante a pandemia por COVID-19\" width=\"654\" height=\"368\" src=\"https:\/\/www.youtube.com\/embed\/jWPdwkGlg1Y?feature=oembed\" frameborder=\"0\" allow=\"accelerometer; autoplay; clipboard-write; encrypted-media; gyroscope; picture-in-picture\" allowfullscreen><\/iframe><\/p>\n<\/td>\n<\/tr>\n<\/tbody>\n<\/table>\n<p>&nbsp;<\/p>\n<\/div>\n<\/div><\/div><\/div><\/div><\/div>","protected":false},"excerpt":{"rendered":"<p>As webconfer\u00eancias ser\u00e3o realizadas quinzenalmente, com cronograma definido e temas de interesse dos munic\u00edpios. Cronograma: Pr\u00f3ximas Webconfer\u00eancias: J\u00e1 ocorreram: 03\/09\/2020 14:00 \u00a0 Impacto na aten\u00e7\u00e3o \u00e0 sa\u00fade da mulher em tempos de pandemia Debatedoras Prof\u00aa. Dr\u00aa. Eunice Francisca Martins &#8211; Professora do Departamento de de Enfermagem Materno Infantil e Sa\u00fade Publica da Escola de Enfermagem [&hellip;]<\/p>\n","protected":false},"author":1,"featured_media":0,"parent":0,"menu_order":0,"comment_status":"closed","ping_status":"closed","template":"","meta":{"footnotes":""},"jetpack_sharing_enabled":true,"_links":{"self":[{"href":"https:\/\/sites.enf.ufmg.br\/internato-enfermagem-aps\/wp-json\/wp\/v2\/pages\/188"}],"collection":[{"href":"https:\/\/sites.enf.ufmg.br\/internato-enfermagem-aps\/wp-json\/wp\/v2\/pages"}],"about":[{"href":"https:\/\/sites.enf.ufmg.br\/internato-enfermagem-aps\/wp-json\/wp\/v2\/types\/page"}],"author":[{"embeddable":true,"href":"https:\/\/sites.enf.ufmg.br\/internato-enfermagem-aps\/wp-json\/wp\/v2\/users\/1"}],"replies":[{"embeddable":true,"href":"https:\/\/sites.enf.ufmg.br\/internato-enfermagem-aps\/wp-json\/wp\/v2\/comments?post=188"}],"version-history":[{"count":39,"href":"https:\/\/sites.enf.ufmg.br\/internato-enfermagem-aps\/wp-json\/wp\/v2\/pages\/188\/revisions"}],"predecessor-version":[{"id":562,"href":"https:\/\/sites.enf.ufmg.br\/internato-enfermagem-aps\/wp-json\/wp\/v2\/pages\/188\/revisions\/562"}],"wp:attachment":[{"href":"https:\/\/sites.enf.ufmg.br\/internato-enfermagem-aps\/wp-json\/wp\/v2\/media?parent=188"}],"curies":[{"name":"wp","href":"https:\/\/api.w.org\/{rel}","templated":true}]}}