{"id":401,"date":"2020-06-29T18:41:22","date_gmt":"2020-06-29T21:41:22","guid":{"rendered":"https:\/\/sites.enf.ufmg.br\/internato-enfermagem-aps\/?page_id=401"},"modified":"2020-06-29T18:41:22","modified_gmt":"2020-06-29T21:41:22","slug":"objetivos-de-desenvolvimento-sustentavel-2","status":"publish","type":"page","link":"https:\/\/sites.enf.ufmg.br\/internato-enfermagem-aps\/objetivos-de-desenvolvimento-sustentavel-2\/","title":{"rendered":"Objetivos de Desenvolvimento Sustent\u00e1vel"},"content":{"rendered":"<div id=\"pl-401\"  class=\"panel-layout\" ><div id=\"pg-401-0\"  class=\"panel-grid panel-no-style\" ><div id=\"pgc-401-0-0\"  class=\"panel-grid-cell\" ><div id=\"panel-401-0-0-0\" class=\"so-panel widget widget_sow-editor panel-first-child panel-last-child\" data-index=\"0\" ><div\n\t\t\t\n\t\t\tclass=\"so-widget-sow-editor so-widget-sow-editor-base\"\n\t\t\t\n\t\t>\n<div class=\"siteorigin-widget-tinymce textwidget\">\n\t<div id=\"comp-kaocls42\" class=\"ca1\" title=\"\" data-is-responsive=\"false\" data-display-mode=\"fill\" data-content-padding-horizontal=\"0\" data-content-padding-vertical=\"0\" data-exact-height=\"365\">\n<div>\n<p><img decoding=\"async\" loading=\"lazy\" class=\"size-full wp-image-83 aligncenter\" src=\"https:\/\/sites.enf.ufmg.br\/internato-enfermagem-aps\/wp-content\/uploads\/2020\/06\/ODS.jpg\" alt=\"\" width=\"451\" height=\"223\" srcset=\"https:\/\/sites.enf.ufmg.br\/internato-enfermagem-aps\/wp-content\/uploads\/2020\/06\/ODS.jpg 451w, https:\/\/sites.enf.ufmg.br\/internato-enfermagem-aps\/wp-content\/uploads\/2020\/06\/ODS-300x148.jpg 300w, https:\/\/sites.enf.ufmg.br\/internato-enfermagem-aps\/wp-content\/uploads\/2020\/06\/ODS-2x1.jpg 2w\" sizes=\"(max-width: 451px) 100vw, 451px\" \/><\/p>\n<p><span style=\"font-size: 12pt;\">O\u00a0projeto de pesquisa\u00a0<em>\"Responsabilidade Social da UFMG: ODS nas a\u00e7\u00f5es de ensino, pesquisa e extens\u00e3o\"<\/em>\u00a0tem desenvolvido um trabalho com o objetivo de apresentar como os ODS podem se relacionar com ao contexto da COVID-19, considerando os determinantes sociais de sa\u00fade.<\/span><\/p>\n<p><span style=\"font-size: 12pt;\">Para saber mais, podemos acessar o site da\u00a0<a href=\"http:\/\/www.enf.ufmg.br\/index.php\/noticias\/1799-projeto-aborda-a-relacao-dos-objetivos-de-desenvolvimento-sustentavel-no-contexto-da-pandemia\" target=\"_blank\" rel=\"noopener\">Escola de Enfermagem da UFMG<\/a>\u00a0e da\u00a0<\/span><a href=\"https:\/\/telessaudeufmg.wixsite.com\/eeufmg\/postcast\" target=\"_blank\" rel=\"noopener\"><span style=\"font-size: 12pt;\">Telessa\u00fade na Escola de Enfermagem da UFMG<\/span><\/a><\/p>\n<\/div>\n<div id=\"comp-kaocls42link\" class=\"ca1link\"><a href=\"https:\/\/telessaudeufmg.wixsite.com\/eeufmg\/postcast\" target=\"_blank\" rel=\"noopener\"><img decoding=\"async\" id=\"comp-kaocls42imgimage\" class=\"aligncenter\" src=\"https:\/\/static.wixstatic.com\/media\/82e531_3b3c766afdae455aae8cac7d08cfdbe1~mv2.jpeg\/v1\/fill\/w_376,h_365,al_c,q_80,usm_0.66_1.00_0.01\/WhatsApp%20Image%202020-05-26%20at%2017_00_50_jp.webp\" alt=\"WhatsApp Image 2020-05-26 at 17.00.50.jp\" data-type=\"image\" \/><\/a><\/div>\n<div><\/div>\n<\/div>\n<div id=\"comp-kaocnh0t\" class=\"ca1\" style=\"text-align: center;\" title=\"\" data-is-responsive=\"false\" data-display-mode=\"fill\" data-content-padding-horizontal=\"0\" data-content-padding-vertical=\"0\" data-exact-height=\"379\">\n<div id=\"comp-kaocnh0tlink\" class=\"ca1link\"><a href=\"https:\/\/telessaudeufmg.wixsite.com\/eeufmg\/postcast\" target=\"_blank\" rel=\"noopener\"><img decoding=\"async\" id=\"comp-kaocnh0timgimage\" src=\"https:\/\/static.wixstatic.com\/media\/82e531_cd999f17b0fa475f9905f4ce90993ff9~mv2.jpeg\/v1\/fill\/w_377,h_379,al_c,q_80,usm_0.66_1.00_0.01\/WhatsApp%20Image%202020-05-26%20at%2017_00_52%20(1.webp\" alt=\"WhatsApp Image 2020-05-26 at 17.00.52 (1\" data-type=\"image\" \/><\/a><\/div>\n<\/div>\n<div id=\"comp-kaocp9tt\" class=\"ca1\" style=\"text-align: center;\" title=\"\" data-is-responsive=\"false\" data-display-mode=\"fill\" data-content-padding-horizontal=\"0\" data-content-padding-vertical=\"0\" data-exact-height=\"379\">\n<div id=\"comp-kaocp9ttlink\" class=\"ca1link\"><a href=\"https:\/\/telessaudeufmg.wixsite.com\/eeufmg\/postcast\"><img decoding=\"async\" id=\"comp-kaocp9ttimgimage\" src=\"https:\/\/static.wixstatic.com\/media\/82e531_3db4e6dae0774baeab63b19a28945bc1~mv2.jpeg\/v1\/fill\/w_381,h_379,al_c,q_80,usm_0.66_1.00_0.01\/WhatsApp%20Image%202020-05-26%20at%2017_00_52_jp.webp\" alt=\"WhatsApp Image 2020-05-26 at 17.00.52.jp\" data-type=\"image\" \/><\/a><\/div>\n<\/div>\n<div id=\"comp-kaocqyhp\" class=\"ca1\" style=\"text-align: center;\" title=\"\" data-is-responsive=\"false\" data-display-mode=\"fill\" data-content-padding-horizontal=\"0\" data-content-padding-vertical=\"0\" data-exact-height=\"379\">\n<div id=\"comp-kaocqyhplink\" class=\"ca1link\"><a href=\"https:\/\/telessaudeufmg.wixsite.com\/eeufmg\/postcast\" target=\"_blank\" rel=\"noopener\"><img decoding=\"async\" id=\"comp-kaocqyhpimgimage\" src=\"https:\/\/static.wixstatic.com\/media\/82e531_584eeb63729b4d29aabbd210c3982fe3~mv2.jpeg\/v1\/fill\/w_381,h_379,al_c,q_80,usm_0.66_1.00_0.01\/WhatsApp%20Image%202020-05-26%20at%2017_00_51%20(3.webp\" alt=\"WhatsApp Image 2020-05-26 at 17.00.51 (3\" data-type=\"image\" \/><\/a><\/div>\n<\/div>\n<div id=\"comp-kaocs3r4\" class=\"ca1\" style=\"text-align: center;\" title=\"\" data-is-responsive=\"false\" data-display-mode=\"fill\" data-content-padding-horizontal=\"0\" data-content-padding-vertical=\"0\" data-exact-height=\"379\">\n<div id=\"comp-kaocs3r4link\" class=\"ca1link\"><a href=\"https:\/\/telessaudeufmg.wixsite.com\/eeufmg\/postcast\" target=\"_blank\" rel=\"noopener\"><img decoding=\"async\" id=\"comp-kaocs3r4imgimage\" src=\"https:\/\/static.wixstatic.com\/media\/82e531_b6b670c164fd4e62a1bf2b6d7e14cb33~mv2.jpeg\/v1\/fill\/w_379,h_379,al_c,q_80,usm_0.66_1.00_0.01\/WhatsApp%20Image%202020-05-26%20at%2017_00_52%20(3.webp\" alt=\"WhatsApp Image 2020-05-26 at 17.00.52 (3\" data-type=\"image\" \/><\/a><\/div>\n<\/div>\n<div id=\"comp-kaoctlvs\" class=\"ca1\" style=\"text-align: center;\" title=\"\" data-is-responsive=\"false\" data-display-mode=\"fill\" data-content-padding-horizontal=\"0\" data-content-padding-vertical=\"0\" data-exact-height=\"373\">\n<div id=\"comp-kaoctlvslink\" class=\"ca1link\"><a href=\"https:\/\/telessaudeufmg.wixsite.com\/eeufmg\/postcast\" target=\"_blank\" rel=\"noopener\"><img decoding=\"async\" id=\"comp-kaoctlvsimgimage\" src=\"https:\/\/static.wixstatic.com\/media\/82e531_8f5518765bdd4bc98b4dfdd12a47cdb6~mv2.jpeg\/v1\/fill\/w_379,h_373,al_c,q_80,usm_0.66_1.00_0.01\/WhatsApp%20Image%202020-05-26%20at%2017_00_52%20(4.webp\" alt=\"WhatsApp Image 2020-05-26 at 17.00.52 (4\" data-type=\"image\" \/><\/a><\/div>\n<\/div>\n<div id=\"comp-kaocuty1\" class=\"ca1\" style=\"text-align: center;\" title=\"\" data-is-responsive=\"false\" data-display-mode=\"fill\" data-content-padding-horizontal=\"0\" data-content-padding-vertical=\"0\" data-exact-height=\"379\">\n<div id=\"comp-kaocuty1link\" class=\"ca1link\"><a href=\"https:\/\/telessaudeufmg.wixsite.com\/eeufmg\/postcast\" target=\"_blank\" rel=\"noopener\"><img decoding=\"async\" id=\"comp-kaocuty1imgimage\" src=\"https:\/\/static.wixstatic.com\/media\/82e531_5bc485b89d87437b9e834d4a9e534f8c~mv2.jpeg\/v1\/fill\/w_379,h_379,al_c,q_80,usm_0.66_1.00_0.01\/WhatsApp%20Image%202020-05-26%20at%2017_00_53%20(2.webp\" alt=\"WhatsApp Image 2020-05-26 at 17.00.53 (2\" data-type=\"image\" \/><\/a><\/div>\n<\/div>\n<div id=\"comp-kaocvvja\" class=\"ca1\" style=\"text-align: center;\" title=\"\" data-is-responsive=\"false\" data-display-mode=\"fill\" data-content-padding-horizontal=\"0\" data-content-padding-vertical=\"0\" data-exact-height=\"386\">\n<div id=\"comp-kaocvvjalink\" class=\"ca1link\"><a href=\"https:\/\/telessaudeufmg.wixsite.com\/eeufmg\/postcast\" target=\"_blank\" rel=\"noopener\"><img decoding=\"async\" id=\"comp-kaocvvjaimgimage\" src=\"https:\/\/static.wixstatic.com\/media\/82e531_3586eaf53eb74c16991fd53b7024ac59~mv2.jpeg\/v1\/fill\/w_383,h_386,al_c,q_80,usm_0.66_1.00_0.01\/WhatsApp%20Image%202020-05-26%20at%2017_00_53%20(1.webp\" alt=\"WhatsApp Image 2020-05-26 at 17.00.53 (1\" data-type=\"image\" \/><\/a><\/div>\n<\/div>\n<div id=\"comp-kaocmbri\" class=\"ca1\" style=\"text-align: center;\" title=\"\" data-is-responsive=\"false\" data-display-mode=\"fill\" data-content-padding-horizontal=\"0\" data-content-padding-vertical=\"0\" data-exact-height=\"365\">\n<div id=\"comp-kaocmbrilink\" class=\"ca1link\"><a href=\"https:\/\/telessaudeufmg.wixsite.com\/eeufmg\/postcast\" target=\"_blank\" rel=\"noopener\"><img decoding=\"async\" id=\"comp-kaocmbriimgimage\" src=\"https:\/\/static.wixstatic.com\/media\/82e531_09b9a53caa434b98979f086c2c082efc~mv2.jpeg\/v1\/fill\/w_364,h_365,al_c,q_80,usm_0.66_1.00_0.01\/WhatsApp%20Image%202020-05-26%20at%2017_00_51%20(2.webp\" alt=\"WhatsApp Image 2020-05-26 at 17.00.51 (2\" data-type=\"image\" \/><\/a><\/div>\n<\/div>\n<div id=\"comp-kaoco75y\" class=\"ca1\" style=\"text-align: center;\" title=\"\" data-is-responsive=\"false\" data-display-mode=\"fill\" data-content-padding-horizontal=\"0\" data-content-padding-vertical=\"0\" data-exact-height=\"365\">\n<div id=\"comp-kaoco75ylink\" class=\"ca1link\"><a href=\"https:\/\/telessaudeufmg.wixsite.com\/eeufmg\/postcast\" target=\"_blank\" rel=\"noopener\"><img decoding=\"async\" id=\"comp-kaoco75yimgimage\" src=\"https:\/\/static.wixstatic.com\/media\/82e531_a460641aa5694df4ae70a13c83b029bb~mv2.jpeg\/v1\/fill\/w_368,h_365,al_c,q_80,usm_0.66_1.00_0.01\/WhatsApp%20Image%202020-05-26%20at%2017_00_51%20(1.webp\" alt=\"WhatsApp Image 2020-05-26 at 17.00.51 (1\" data-type=\"image\" \/><\/a><\/div>\n<\/div>\n<div id=\"comp-kaocpth1\" class=\"ca1\" style=\"text-align: center;\" title=\"\" data-is-responsive=\"false\" data-display-mode=\"fill\" data-content-padding-horizontal=\"0\" data-content-padding-vertical=\"0\" data-exact-height=\"356\">\n<div id=\"comp-kaocpth1link\" class=\"ca1link\"><a href=\"https:\/\/telessaudeufmg.wixsite.com\/eeufmg\/postcast\" target=\"_blank\" rel=\"noopener\"><img decoding=\"async\" id=\"comp-kaocpth1imgimage\" src=\"https:\/\/static.wixstatic.com\/media\/82e531_2dd1a5cc469c4ec5a05d0189946029a4~mv2.jpeg\/v1\/fill\/w_366,h_356,al_c,q_80,usm_0.66_1.00_0.01\/WhatsApp%20Image%202020-05-26%20at%2017_00_53_jp.webp\" alt=\"WhatsApp Image 2020-05-26 at 17.00.53.jp\" data-type=\"image\" \/><\/a><\/div>\n<\/div>\n<div id=\"comp-kaocri7m\" class=\"ca1\" style=\"text-align: center;\" title=\"\" data-is-responsive=\"false\" data-display-mode=\"fill\" data-content-padding-horizontal=\"0\" data-content-padding-vertical=\"0\" data-exact-height=\"356\">\n<div id=\"comp-kaocri7mlink\" class=\"ca1link\"><a href=\"https:\/\/telessaudeufmg.wixsite.com\/eeufmg\/postcast\" target=\"_blank\" rel=\"noopener\"><img decoding=\"async\" id=\"comp-kaocri7mimgimage\" src=\"https:\/\/static.wixstatic.com\/media\/82e531_c94bb7f9cf984c839ab8aa76a33fe003~mv2.jpeg\/v1\/fill\/w_354,h_356,al_c,q_80,usm_0.66_1.00_0.01\/WhatsApp%20Image%202020-05-26%20at%2017_00_52%20(5.webp\" alt=\"WhatsApp Image 2020-05-26 at 17.00.52 (5\" data-type=\"image\" \/><\/a><\/div>\n<\/div>\n<div id=\"comp-kaoct2f9\" class=\"ca1\" style=\"text-align: center;\" title=\"\" data-is-responsive=\"false\" data-display-mode=\"fill\" data-content-padding-horizontal=\"0\" data-content-padding-vertical=\"0\" data-exact-height=\"379\">\n<div id=\"comp-kaoct2f9link\" class=\"ca1link\"><a href=\"https:\/\/telessaudeufmg.wixsite.com\/eeufmg\/postcast\" target=\"_blank\" rel=\"noopener\"><img decoding=\"async\" id=\"comp-kaoct2f9imgimage\" src=\"https:\/\/static.wixstatic.com\/media\/82e531_c906de30d5d146e5a9f23ab30907ac16~mv2.jpeg\/v1\/fill\/w_379,h_379,al_c,q_80,usm_0.66_1.00_0.01\/WhatsApp%20Image%202020-05-26%20at%2017_00_52%20(2.webp\" alt=\"WhatsApp Image 2020-05-26 at 17.00.52 (2\" data-type=\"image\" \/><\/a><\/div>\n<\/div>\n<div id=\"comp-kaocu5lg\" class=\"ca1\" style=\"text-align: center;\" title=\"\" data-is-responsive=\"false\" data-display-mode=\"fill\" data-content-padding-horizontal=\"0\" data-content-padding-vertical=\"0\" data-exact-height=\"373\">\n<div id=\"comp-kaocu5lglink\" class=\"ca1link\"><a href=\"https:\/\/telessaudeufmg.wixsite.com\/eeufmg\/postcast\" target=\"_blank\" rel=\"noopener\"><img decoding=\"async\" id=\"comp-kaocu5lgimgimage\" src=\"https:\/\/static.wixstatic.com\/media\/82e531_230271d42f6040d8a8b290696905be6a~mv2.jpeg\/v1\/fill\/w_380,h_373,al_c,q_80,usm_0.66_1.00_0.01\/WhatsApp%20Image%202020-05-26%20at%2017_00_54%20(1.webp\" alt=\"WhatsApp Image 2020-05-26 at 17.00.54 (1\" data-type=\"image\" \/><\/a><\/div>\n<\/div>\n<div id=\"comp-kaocvcr5\" class=\"ca1\" style=\"text-align: center;\" title=\"\" data-is-responsive=\"false\" data-display-mode=\"fill\" data-content-padding-horizontal=\"0\" data-content-padding-vertical=\"0\" data-exact-height=\"379\">\n<div id=\"comp-kaocvcr5link\" class=\"ca1link\"><a href=\"https:\/\/telessaudeufmg.wixsite.com\/eeufmg\/postcast\" target=\"_blank\" rel=\"noopener\"><img decoding=\"async\" id=\"comp-kaocvcr5imgimage\" src=\"https:\/\/static.wixstatic.com\/media\/82e531_25e288026ca449699712d497034f3383~mv2.jpeg\/v1\/fill\/w_379,h_379,al_c,q_80,usm_0.66_1.00_0.01\/WhatsApp%20Image%202020-05-26%20at%2017_00_53%20(3.webp\" alt=\"WhatsApp Image 2020-05-26 at 17.00.53 (3\" data-type=\"image\" \/><\/a><\/div>\n<\/div>\n<div id=\"comp-kaocwh5c\" class=\"ca1\" style=\"text-align: center;\" title=\"\" data-is-responsive=\"false\" data-display-mode=\"fill\" data-content-padding-horizontal=\"0\" data-content-padding-vertical=\"0\" data-exact-height=\"380\">\n<div id=\"comp-kaocwh5clink\" class=\"ca1link\"><a href=\"https:\/\/telessaudeufmg.wixsite.com\/eeufmg\/postcast\" target=\"_blank\" rel=\"noopener\"><img decoding=\"async\" id=\"comp-kaocwh5cimgimage\" src=\"https:\/\/static.wixstatic.com\/media\/82e531_515d9d2c29c44a4b965934597bcb64c0~mv2.jpeg\/v1\/fill\/w_387,h_380,al_c,q_80,usm_0.66_1.00_0.01\/WhatsApp%20Image%202020-05-26%20at%2017_00_53%20(4.webp\" alt=\"WhatsApp Image 2020-05-26 at 17.00.53 (4\" data-type=\"image\" \/><\/a><\/div>\n<\/div>\n<div id=\"comp-kav8qy3a\" class=\"ca1\" title=\"\" data-is-responsive=\"false\" data-display-mode=\"fill\" data-content-padding-horizontal=\"0\" data-content-padding-vertical=\"0\" data-exact-height=\"386\">\n<div id=\"comp-kav8qy3alink\" class=\"ca1link\"><a href=\"https:\/\/telessaudeufmg.wixsite.com\/eeufmg\/postcast\" target=\"_blank\" rel=\"noopener\"><img decoding=\"async\" id=\"comp-kav8qy3aimgimage\" class=\"aligncenter\" src=\"https:\/\/static.wixstatic.com\/media\/82e531_25a2858704e14690b6f9ad0f853e99d6~mv2.jpeg\/v1\/fill\/w_386,h_386,al_c,q_80,usm_0.66_1.00_0.01\/WhatsApp%20Image%202020-05-31%20at%2000_37_09_jp.webp\" alt=\"WhatsApp Image 2020-05-31 at 00.37.09.jp\" data-type=\"image\" \/><\/a><\/div>\n<\/div>\n<\/div>\n<\/div><\/div><\/div><\/div><\/div>","protected":false},"excerpt":{"rendered":"<p>O\u00a0projeto de pesquisa\u00a0&#8220;Responsabilidade Social da UFMG: ODS nas a\u00e7\u00f5es de ensino, pesquisa e extens\u00e3o&#8221;\u00a0tem desenvolvido um trabalho com o objetivo de apresentar como os ODS podem se relacionar com ao contexto da COVID-19, considerando os determinantes sociais de sa\u00fade. Para saber mais, podemos acessar o site da\u00a0Escola de Enfermagem da UFMG\u00a0e da\u00a0Telessa\u00fade na Escola de [&hellip;]<\/p>\n","protected":false},"author":1,"featured_media":0,"parent":0,"menu_order":0,"comment_status":"closed","ping_status":"closed","template":"","meta":{"footnotes":""},"jetpack_sharing_enabled":true,"_links":{"self":[{"href":"https:\/\/sites.enf.ufmg.br\/internato-enfermagem-aps\/wp-json\/wp\/v2\/pages\/401"}],"collection":[{"href":"https:\/\/sites.enf.ufmg.br\/internato-enfermagem-aps\/wp-json\/wp\/v2\/pages"}],"about":[{"href":"https:\/\/sites.enf.ufmg.br\/internato-enfermagem-aps\/wp-json\/wp\/v2\/types\/page"}],"author":[{"embeddable":true,"href":"https:\/\/sites.enf.ufmg.br\/internato-enfermagem-aps\/wp-json\/wp\/v2\/users\/1"}],"replies":[{"embeddable":true,"href":"https:\/\/sites.enf.ufmg.br\/internato-enfermagem-aps\/wp-json\/wp\/v2\/comments?post=401"}],"version-history":[{"count":4,"href":"https:\/\/sites.enf.ufmg.br\/internato-enfermagem-aps\/wp-json\/wp\/v2\/pages\/401\/revisions"}],"predecessor-version":[{"id":405,"href":"https:\/\/sites.enf.ufmg.br\/internato-enfermagem-aps\/wp-json\/wp\/v2\/pages\/401\/revisions\/405"}],"wp:attachment":[{"href":"https:\/\/sites.enf.ufmg.br\/internato-enfermagem-aps\/wp-json\/wp\/v2\/media?parent=401"}],"curies":[{"name":"wp","href":"https:\/\/api.w.org\/{rel}","templated":true}]}}